{"id":28961,"date":"2017-08-09T08:16:28","date_gmt":"2017-08-09T08:16:28","guid":{"rendered":"https:\/\/www.ivh6.si\/Ponudbe\/tattoo\/izdelek\/suprasorb-folija-2\/"},"modified":"2025-10-07T09:18:55","modified_gmt":"2025-10-07T09:18:55","slug":"suprasorb-folija-2","status":"publish","type":"product","link":"https:\/\/www.carantaniatattoo.com\/en\/trgovina\/nega-koze-po-tetoviranju\/folije-in-oblizi\/suprasorb-foil-2\/","title":{"rendered":"SUPRASORB foil"},"content":{"rendered":"<p>SUPRASORB film provides transparent protection for your tattoo. Polyurethane film is breathable and flexible, accelerates wound healing through gas and heat exchange. Suprasorb F repels liquids and protects wounds from external influences and bacteria. Transparency allows for easier inspection of the wound. Suprasorb F is flexible, elastic and tear-resistant and very easy to use. Suprasorb F is resistant to disinfectants containing alcohol, iodine and octenidine. The foil can be washed without any problems, as it is waterproof.<\/p>\n<p>When you are done with the tattoo, clean the tattoo. We recommend protecting it with Tattoo Finish, which will help heal faster and soothe redness. Wait for the Tattoo Finish to dry, and stick the foil over the tattoo. Leave the foil on the skin for 4 days, remove it after the fourth day and start with the usual care, cleaning the tattoo and applying cream. Your tattoo will heal already under the foil, and with the further cleaning and oiling process, it will finally heal.<\/p>\n<p>Manufactured by: Lohnamm &amp; Rauscher International GmbH, Germany<\/p>\n<p>&nbsp;<\/p>","protected":false},"excerpt":{"rendered":"<p>Razli\u010dice: 10cm * 1m in 15cm * 10m<\/p>\n<p>SUPRASORB folija omogo\u010da pregledno za\u0161\u010dito za va\u0161 tattoo. Poliuretanski film je zra\u010den in pro\u017een, pospe\u0161uje celjenje ran s pomo\u010djo izmenjave plina in toplote.<br \/>\nProizvaja: Lohmann &amp; Rauscher International GmbH, Nem\u010dija<\/p>","protected":false},"featured_media":32093,"template":"","meta":{"_seopress_robots_primary_cat":"none","_seopress_titles_title":"","_seopress_titles_desc":"","_seopress_robots_index":""},"product_brand":[],"product_cat":[244,245,206,233],"product_tag":[],"class_list":{"0":"post-28961","1":"product","2":"type-product","3":"status-publish","4":"has-post-thumbnail","6":"product_cat-folije-in-oblizi","7":"product_cat-folije-za-zascito-tetovirane-koze","8":"product_cat-higiena","9":"product_cat-nega-koze-po-tetoviranju","10":"entry","11":"has-media","13":"first","14":"outofstock","15":"taxable","16":"shipping-taxable","17":"product-type-variable"},"_links":{"self":[{"href":"https:\/\/www.carantaniatattoo.com\/en\/wp-json\/wp\/v2\/product\/28961","targetHints":{"allow":["GET"]}}],"collection":[{"href":"https:\/\/www.carantaniatattoo.com\/en\/wp-json\/wp\/v2\/product"}],"about":[{"href":"https:\/\/www.carantaniatattoo.com\/en\/wp-json\/wp\/v2\/types\/product"}],"version-history":[{"count":0,"href":"https:\/\/www.carantaniatattoo.com\/en\/wp-json\/wp\/v2\/product\/28961\/revisions"}],"wp:featuredmedia":[{"embeddable":true,"href":"https:\/\/www.carantaniatattoo.com\/en\/wp-json\/wp\/v2\/media\/32093"}],"wp:attachment":[{"href":"https:\/\/www.carantaniatattoo.com\/en\/wp-json\/wp\/v2\/media?parent=28961"}],"wp:term":[{"taxonomy":"product_brand","embeddable":true,"href":"https:\/\/www.carantaniatattoo.com\/en\/wp-json\/wp\/v2\/product_brand?post=28961"},{"taxonomy":"product_cat","embeddable":true,"href":"https:\/\/www.carantaniatattoo.com\/en\/wp-json\/wp\/v2\/product_cat?post=28961"},{"taxonomy":"product_tag","embeddable":true,"href":"https:\/\/www.carantaniatattoo.com\/en\/wp-json\/wp\/v2\/product_tag?post=28961"}],"curies":[{"name":"wp","href":"https:\/\/api.w.org\/{rel}","templated":true}]}}