{"id":30393,"date":"2018-06-08T09:45:02","date_gmt":"2018-06-08T09:45:02","guid":{"rendered":"https:\/\/www.ivh6.si\/Ponudbe\/tattoo\/izdelek\/electrum-stencil-remover\/"},"modified":"2025-08-11T08:13:13","modified_gmt":"2025-08-11T08:13:13","slug":"electrum-stencil-remover","status":"publish","type":"product","link":"https:\/\/www.carantaniatattoo.com\/en\/trgovina\/hygiene\/geli-za-pripravo-in-odstranitev-sablon\/electrum-stencil-remover-2\/","title":{"rendered":"ELECTRUM STENCIL REMOVER 240ml"},"content":{"rendered":"<p>ELECTRUM STENCIL REMOVER 240ml<\/p>\n<p>ELECTRUM STENCIL REMOVER \u2013 Before stenciling, use to cleanse skin to remove surface oils and dirt. It contains Australian tea tree oil, a powerful antiseptic that kills many bacteria, viruses and fungi on contact without drying out the skin. Of course, it also smells nice!<\/p>","protected":false},"excerpt":{"rendered":"<p>ELECTRUM STENCIL REMOVER 240ml<\/p>\n<p>Electrum Premium Tattoo odstranjevalec \u0161ablon. Z lahkoto odstranite neustrezno name\u0161\u010dene \u0161ablone brez uporabe preve\u010d krutih kemikalij.<\/p>","protected":false},"featured_media":35229,"template":"","meta":{"_seopress_robots_primary_cat":"none","_seopress_titles_title":"","_seopress_titles_desc":"","_seopress_robots_index":""},"product_brand":[],"product_cat":[242,206],"product_tag":[],"class_list":{"0":"post-30393","1":"product","2":"type-product","3":"status-publish","4":"has-post-thumbnail","6":"product_cat-geli-za-pripravo-in-odstranitev-sablon","7":"product_cat-higiena","8":"entry","9":"has-media","11":"first","12":"outofstock","13":"sale","14":"taxable","15":"shipping-taxable","16":"purchasable","17":"product-type-simple"},"_links":{"self":[{"href":"https:\/\/www.carantaniatattoo.com\/en\/wp-json\/wp\/v2\/product\/30393","targetHints":{"allow":["GET"]}}],"collection":[{"href":"https:\/\/www.carantaniatattoo.com\/en\/wp-json\/wp\/v2\/product"}],"about":[{"href":"https:\/\/www.carantaniatattoo.com\/en\/wp-json\/wp\/v2\/types\/product"}],"version-history":[{"count":0,"href":"https:\/\/www.carantaniatattoo.com\/en\/wp-json\/wp\/v2\/product\/30393\/revisions"}],"wp:featuredmedia":[{"embeddable":true,"href":"https:\/\/www.carantaniatattoo.com\/en\/wp-json\/wp\/v2\/media\/35229"}],"wp:attachment":[{"href":"https:\/\/www.carantaniatattoo.com\/en\/wp-json\/wp\/v2\/media?parent=30393"}],"wp:term":[{"taxonomy":"product_brand","embeddable":true,"href":"https:\/\/www.carantaniatattoo.com\/en\/wp-json\/wp\/v2\/product_brand?post=30393"},{"taxonomy":"product_cat","embeddable":true,"href":"https:\/\/www.carantaniatattoo.com\/en\/wp-json\/wp\/v2\/product_cat?post=30393"},{"taxonomy":"product_tag","embeddable":true,"href":"https:\/\/www.carantaniatattoo.com\/en\/wp-json\/wp\/v2\/product_tag?post=30393"}],"curies":[{"name":"wp","href":"https:\/\/api.w.org\/{rel}","templated":true}]}}