{"id":30442,"date":"2018-08-02T07:51:14","date_gmt":"2018-08-02T07:51:14","guid":{"rendered":"https:\/\/www.ivh6.si\/Ponudbe\/tattoo\/izdelek\/cheyenne-sol-nova\/"},"modified":"2025-07-07T12:32:36","modified_gmt":"2025-07-07T12:32:36","slug":"cheyenne-sol-nova","status":"publish","type":"product","link":"https:\/\/www.carantaniatattoo.com\/en\/trgovina\/strojcki-za-tetoviranje\/cheyenne\/cheyenne-salt-new\/","title":{"rendered":"CHEYENNE SALT New"},"content":{"rendered":"<h4>Cheyenne SOL Nova<\/h4>\n<p>Sol Nova 3.3mm is ideal for precise lines and extremely soft shadows. It operates between 25 and 150 Hz, and with a low frequency of 25 Hz it enables perfect color realism. If you raise Sol Nova, your lines become fuller and more intense. The shape of the pencil is robust and ergonomic. Compared to the Pen machine, Sol Nova boasts more power and smoother operation. It is very simple to protect, even disposable Ergo Round attachments can be used.  Works with Cheyenne Safety cartridges and Cheyenne Craft cartridges. It is made in Germany.<\/p>\n<ul>\n<li>Durable and robust tattoo machine<\/li>\n<li>The weight of the tattoo machine is shifted to the front<\/li>\n<li>Low frequency of 25 Hz for DOT and color realism<\/li>\n<li>Powerful tattoo machine, very gentle on the skin<\/li>\n<li>3.5mm stroke suitable for lines and shadows<\/li>\n<li>Smooth, soft and quiet operation<\/li>\n<li>Easy to clean, anodizing<\/li>\n<\/ul>\n<p>Technical data:<\/p>\n<ul>\n<li>Voltage: 5 to 12.6 V DC<\/li>\n<li>Power consumption: 3W<\/li>\n<li>Initial power: max 2.5 A for max 200 ms<\/li>\n<li>Piercing frequency: 25 to 150 Hz<\/li>\n<li>Shell: 3.5 mm<\/li>\n<li>Needle exit: 0 to 4.0 mm<\/li>\n<li>Cable: 3.5 mm jack<\/li>\n<li>Drive: brushless DC motor<\/li>\n<li>Mode of operation: continuous operation<\/li>\n<li>Diameter: 33 mm<\/li>\n<li>Length: 102 mm<\/li>\n<li>Weight: app. 150 g<\/li>\n<\/ul>\n<p>The warranty for the Cheyenne SOL Nova is valid for 12 months, when using original Cheyenne brand equipment and Cheyenne tattoo cartridges. Made in Germany.<\/p>","protected":false},"excerpt":{"rendered":"<p>Sol Nova je Cheyennov najnovej\u0161i tetoverski stroj\u010dek.<\/p>\n<p>Sol Nova je izjemno mo\u010dan in hkrati ne\u017een. Barva se hitreje prena\u0161a na ko\u017eo kar je idealno za \u010drno-sive tetova\u017ee. Zahvale gredo tihemu in mehkemu na\u010din delovanja, ne povzro\u010da grobega videza ko\u017ee, kar omogo\u010da hitrej\u0161i proces celjenja.<\/p>","protected":false},"featured_media":35215,"template":"","meta":{"_seopress_robots_primary_cat":"none","_seopress_titles_title":"","_seopress_titles_desc":"","_seopress_robots_index":""},"product_brand":[],"product_cat":[194,264,202],"product_tag":[],"class_list":{"0":"post-30442","1":"product","2":"type-product","3":"status-publish","4":"has-post-thumbnail","6":"product_cat-akcija","7":"product_cat-cheyenne","8":"product_cat-strojcki-za-tetoviranje","9":"entry","10":"has-media","12":"first","13":"instock","14":"sale","15":"taxable","16":"shipping-taxable","17":"purchasable","18":"product-type-simple"},"_links":{"self":[{"href":"https:\/\/www.carantaniatattoo.com\/en\/wp-json\/wp\/v2\/product\/30442","targetHints":{"allow":["GET"]}}],"collection":[{"href":"https:\/\/www.carantaniatattoo.com\/en\/wp-json\/wp\/v2\/product"}],"about":[{"href":"https:\/\/www.carantaniatattoo.com\/en\/wp-json\/wp\/v2\/types\/product"}],"version-history":[{"count":0,"href":"https:\/\/www.carantaniatattoo.com\/en\/wp-json\/wp\/v2\/product\/30442\/revisions"}],"wp:featuredmedia":[{"embeddable":true,"href":"https:\/\/www.carantaniatattoo.com\/en\/wp-json\/wp\/v2\/media\/35215"}],"wp:attachment":[{"href":"https:\/\/www.carantaniatattoo.com\/en\/wp-json\/wp\/v2\/media?parent=30442"}],"wp:term":[{"taxonomy":"product_brand","embeddable":true,"href":"https:\/\/www.carantaniatattoo.com\/en\/wp-json\/wp\/v2\/product_brand?post=30442"},{"taxonomy":"product_cat","embeddable":true,"href":"https:\/\/www.carantaniatattoo.com\/en\/wp-json\/wp\/v2\/product_cat?post=30442"},{"taxonomy":"product_tag","embeddable":true,"href":"https:\/\/www.carantaniatattoo.com\/en\/wp-json\/wp\/v2\/product_tag?post=30442"}],"curies":[{"name":"wp","href":"https:\/\/api.w.org\/{rel}","templated":true}]}}