{"id":31252,"date":"2019-09-25T11:40:23","date_gmt":"2019-09-25T11:40:23","guid":{"rendered":"https:\/\/www.ivh6.si\/Ponudbe\/tattoo\/izdelek\/critical-xrr\/"},"modified":"2025-07-07T11:40:06","modified_gmt":"2025-07-07T11:40:06","slug":"critical-xrr","status":"publish","type":"product","link":"https:\/\/www.carantaniatattoo.com\/en\/trgovina\/napajalniki-stopalke-in-kabli\/napajalniki-za-tattoo-strojcke\/critical-xrr\/","title":{"rendered":"CRITICAL XRR"},"content":{"rendered":"<h4><strong>CRITICAL XRR<\/strong><\/h4>\n<p>Like all other Critical power supplies, the XRR is built in Reno, Nevada, USA. Full color TFT display with adjustable color scheme and easy-to-read font with CNC machined aluminum body. The original connectors promise the highest quality and ensure reliable plug holding, perfect current flow and a particularly high level of durability. With the Critical XRR, you have the ability to adjust your tattoo machine precisely in 0.1V increments.<\/p>\n<p>The adjustable working range from 0 to 18V offers enough space for all types of tattoo machines. The \u201cCapactive Touch\u201d user interface complements the elegant design. You can connect two machines at the same time and turn on the jump start function for each machine site. This feature is useful, for example, when working with some Cheyenne devices without having to use additional boot cables. The Jump-Start function and the continuous operation function can be individually set to pre-set or post-set on the output buttons. In addition, it is possible to store 2, 4 or 6 voltage settings, and the memory retains all settings even after switching off. You can adjust the screen to your needs. The Volt, Ampere, Hertz, Duty Cycle (%) and STL (Settle) displays tell you the exact operating status of your machine. The meter can stop the time and calculate the price according to the contractor&#039;s hourly setting, and with the built-in clock you can keep track of the time at all times. With the new mount model, you have even more options to mount your XRR. Also with this power unit, the button for selecting the mode of operation with or without pedal is installed again. This feature eliminates the need for a foot pedal. If you prefer to work with a foot switch but are bothered by the many cables, the Critical Foot Switch by Critical gives you a whole new sense of freedom.<\/p>\n<h4>PROPERTIES<\/h4>\n<p>*Full color TFT display with user-selectable color themes and large, easy-to-read letters<br \/>\n*Optional wireless foot pedal (sold separately)<br \/>\n*Carefully tuned capacitive touch user interface<br \/>\n*Mounting design for greater mounting flexibility<br \/>\n*Jump start function and pedal modes are now independently configurable to preset \/ output buttons.<br \/>\n*Session meter based on user&#039;s hourly setting: session mode, run time or hybrid mode (new \u201chybrid\u201d billing mode user input)<br \/>\n*Button to select the use of a foot pedal: you do not need a foot pedal.<br \/>\n*Time of day<br \/>\n*Dual independent outputs<br \/>\n*Simple packaging with typical machine bags or bottles<br \/>\n*Additional mounting options are available<\/p>\n<p>Made in USA. 2 years warranty.<\/p>","protected":false},"excerpt":{"rendered":"<h4><strong>CRITICAL XRR<\/strong><\/h4>\n<p>TECHNICAL CHARACTERISTICS<\/p>\n<ul>\n<li>CNC machined housing<\/li>\n<li>Originalne visokokakovostne vti\u010dnice Amphenol 1\/4 &#8220;za bolj\u0161e zagotavljanje mo\u010di in dolgo \u017eivljenjsko dobo<\/li>\n<li>4 amp peak current, 2 amp continuous<\/li>\n<li>Precisely regulated voltage of set value 0-1 v<\/li>\n<li>Built-in short circuit protection<\/li>\n<li>0.1 volt resolution setting<\/li>\n<li>Pre voltage settings with 2, 4 or 6 modes of machine memory<\/li>\n<li>Non-volatile memory<\/li>\n<li>Universal input 90-240 vac 50 \/ 60hz<\/li>\n<li>Sprejema standardne 1\/4 &#8220;priklju\u010dne kable in no\u017ene stopalke<\/li>\n<li>Volts, Amps, Speed (hz), Duty Cycle (%) and STL<\/li>\n<li>2-year manufacturer&#039;s warranty<\/li>\n<li>Made in USA<\/li>\n<\/ul>","protected":false},"featured_media":35122,"template":"","meta":{"_seopress_robots_primary_cat":"none","_seopress_titles_title":"CRITICAL XRR - Carantania Tattoo","_seopress_titles_desc":"Prvotni priklju\u010dki obljubljajo najvi\u0161jo kakovost in zagotavljajo zanesljivo dr\u017eanje vti\u010dev, popoln pretok toka in \u0161e posebej visoko stopnjo vzdr\u017eljivosti.","_seopress_robots_index":""},"product_brand":[],"product_cat":[194,217,208],"product_tag":[],"class_list":{"0":"post-31252","1":"product","2":"type-product","3":"status-publish","4":"has-post-thumbnail","6":"product_cat-akcija","7":"product_cat-napajalniki-za-tattoo-strojcke","8":"product_cat-napajalniki-stopalke-in-kabli","9":"entry","10":"has-media","12":"first","13":"instock","14":"sale","15":"taxable","16":"shipping-taxable","17":"purchasable","18":"product-type-simple"},"_links":{"self":[{"href":"https:\/\/www.carantaniatattoo.com\/en\/wp-json\/wp\/v2\/product\/31252","targetHints":{"allow":["GET"]}}],"collection":[{"href":"https:\/\/www.carantaniatattoo.com\/en\/wp-json\/wp\/v2\/product"}],"about":[{"href":"https:\/\/www.carantaniatattoo.com\/en\/wp-json\/wp\/v2\/types\/product"}],"version-history":[{"count":0,"href":"https:\/\/www.carantaniatattoo.com\/en\/wp-json\/wp\/v2\/product\/31252\/revisions"}],"wp:featuredmedia":[{"embeddable":true,"href":"https:\/\/www.carantaniatattoo.com\/en\/wp-json\/wp\/v2\/media\/35122"}],"wp:attachment":[{"href":"https:\/\/www.carantaniatattoo.com\/en\/wp-json\/wp\/v2\/media?parent=31252"}],"wp:term":[{"taxonomy":"product_brand","embeddable":true,"href":"https:\/\/www.carantaniatattoo.com\/en\/wp-json\/wp\/v2\/product_brand?post=31252"},{"taxonomy":"product_cat","embeddable":true,"href":"https:\/\/www.carantaniatattoo.com\/en\/wp-json\/wp\/v2\/product_cat?post=31252"},{"taxonomy":"product_tag","embeddable":true,"href":"https:\/\/www.carantaniatattoo.com\/en\/wp-json\/wp\/v2\/product_tag?post=31252"}],"curies":[{"name":"wp","href":"https:\/\/api.w.org\/{rel}","templated":true}]}}