{"id":31711,"date":"2020-07-16T10:00:12","date_gmt":"2020-07-16T10:00:12","guid":{"rendered":"https:\/\/www.ivh6.si\/Ponudbe\/tattoo\/izdelek\/tattoomed-after-tattoo-pro-20ml\/"},"modified":"2024-04-25T06:37:00","modified_gmt":"2024-04-25T06:37:00","slug":"tattoomed-after-tattoo-pro-20ml","status":"publish","type":"product","link":"https:\/\/www.carantaniatattoo.com\/en\/trgovina\/nega-koze-po-tetoviranju\/mazila\/tattoomed-after-tattoo-pro-20ml-2\/","title":{"rendered":"TATTOMED AFTER TATTOO Pro 20ml"},"content":{"rendered":"<h4>TATTOMED AFTER TATTOO Pro 20ml<\/h4>\n<p>Wound salve and remedy for sensitive or problematic skin. Also ideal for accelerating wound healing from day one,<br \/>\nwhen the tattoo was done. The &quot;after tattoo pro&quot; ointment is one of the medical aids for faster wound healing!<\/p>\n<p>Contains:<br \/>\nAqua, Hydrogenated Polydecene, Helianthus Annuus Seed Cera, Polyglyceryl-2 Dipolyhydroxystearate, Polyurethane-35, Panthenol, Polyglyceryl-3 Diisostearate,<br \/>\nMagneisum Stearate, Magnesium Sulfate, Tocopherol, Ascorbyl Palmitate, Helianthus Anuus Seed Oil, Phenoxyethanol, Propylene Glycol, Decylene Glycol,<br \/>\nMethylpropanediol, Caprylyl Glycol, Phenylpropanol.<\/p>\n<p>Look again <a href=\"https:\/\/www.carantaniatattoo.com\/en\/izdelek\/tattoomed-sun-protection-lsf50-100ml-2\/\">TattooMed cream with UV protection<\/a>.<\/p>\n<p>&nbsp;<\/p>","protected":false},"excerpt":{"rendered":"<p>After Tattoo Pro<\/p>\n<p>* medicinski pripomo\u010dek za celjenje sve\u017eih tetova\u017e<br \/>\n* primerno za ob\u010dutljivo ko\u017eo<br \/>\n* dermatolo\u0161ko testirano in odobreno<br \/>\n* pospe\u0161uje celjenje<br \/>\n* mazilo ko\u017ee ne masti (ni lepljivo in mastno)<\/p>\n<p>&nbsp;<\/p>","protected":false},"featured_media":31713,"template":"","meta":{"_seopress_robots_primary_cat":"none","_seopress_titles_title":"TATTOMED AFTER TATTOO Pro 20ml - Carantania Tattoo","_seopress_titles_desc":"Mazilo za rane in zdravilo za  ob\u010dutljivo ali problemati\u010dno ko\u017ee. Idealno za pospe\u0161evanje celjenja ran od prvega dne, ko je bila tetova\u017ea narejena.","_seopress_robots_index":""},"product_brand":[],"product_cat":[234,233],"product_tag":[],"class_list":{"0":"post-31711","1":"product","2":"type-product","3":"status-publish","4":"has-post-thumbnail","6":"product_cat-mazila","7":"product_cat-nega-koze-po-tetoviranju","8":"entry","9":"has-media","11":"first","12":"outofstock","13":"sale","14":"taxable","15":"shipping-taxable","16":"purchasable","17":"product-type-simple"},"_links":{"self":[{"href":"https:\/\/www.carantaniatattoo.com\/en\/wp-json\/wp\/v2\/product\/31711","targetHints":{"allow":["GET"]}}],"collection":[{"href":"https:\/\/www.carantaniatattoo.com\/en\/wp-json\/wp\/v2\/product"}],"about":[{"href":"https:\/\/www.carantaniatattoo.com\/en\/wp-json\/wp\/v2\/types\/product"}],"version-history":[{"count":0,"href":"https:\/\/www.carantaniatattoo.com\/en\/wp-json\/wp\/v2\/product\/31711\/revisions"}],"wp:featuredmedia":[{"embeddable":true,"href":"https:\/\/www.carantaniatattoo.com\/en\/wp-json\/wp\/v2\/media\/31713"}],"wp:attachment":[{"href":"https:\/\/www.carantaniatattoo.com\/en\/wp-json\/wp\/v2\/media?parent=31711"}],"wp:term":[{"taxonomy":"product_brand","embeddable":true,"href":"https:\/\/www.carantaniatattoo.com\/en\/wp-json\/wp\/v2\/product_brand?post=31711"},{"taxonomy":"product_cat","embeddable":true,"href":"https:\/\/www.carantaniatattoo.com\/en\/wp-json\/wp\/v2\/product_cat?post=31711"},{"taxonomy":"product_tag","embeddable":true,"href":"https:\/\/www.carantaniatattoo.com\/en\/wp-json\/wp\/v2\/product_tag?post=31711"}],"curies":[{"name":"wp","href":"https:\/\/api.w.org\/{rel}","templated":true}]}}