{"id":36356,"date":"2022-01-21T13:51:34","date_gmt":"2022-01-21T13:51:34","guid":{"rendered":"https:\/\/www.7shop.si\/tattoo\/?post_type=product&#038;p=36356"},"modified":"2025-05-07T08:04:21","modified_gmt":"2025-05-07T08:04:21","slug":"world-famous-limitless-light-clay-1-30-ml","status":"publish","type":"product","link":"https:\/\/www.carantaniatattoo.com\/en\/trgovina\/tattoo-barve-eu\/world-famous-limitless\/world-famous-limitless-light-clay-1-30-ml\/","title":{"rendered":"WORLD FAMOUS LIMITLESS \u2013 LIGHT CLAY 1 \u2013 30 ml"},"content":{"rendered":"<h4>WORLD FAMOUS LIMITLESS \u2013 LIGHT CLAY 1 \u2013 30 ml<\/h4>\n<p>The new line of Limitless inks was developed in accordance with the latest European Union REACH regulations, which are valid from January 4, 2022.<\/p>\n<p>World Famous Tattoo Ink brings you premium tattoo ink with extremely high pigment content and incredible flow rate. With a wide range of colors for all your great artwork, this ink will make your work as an artist easier and make your art truly luxurious!<\/p>\n<p>Quantity: 30ml<br \/>\nThe expiration date is printed on the bottle<\/p>\n<p>More info at\u00a0<a href=\"http:\/\/www.worldfamoustattooink.com\/\">http:\/\/www.worldfamoustattooink.com\/<\/a><\/p>\n<p>Also visit us on the FB page <a href=\"https:\/\/www.facebook.com\/CarantaniaSlovenia\/\">Carantania Slovenia<\/a><\/p>","protected":false},"excerpt":{"rendered":"<h4>WORLD FAMOUS LIMITLESS \u2013 LIGHT CLAY 1 \u2013 30 ml<\/h4>\n<p>The new line of Limitless inks was developed in accordance with the latest European Union REACH regulations, which are valid from January 4, 2022.<\/p>\n<p>World Famous Tattoo Ink brings you premium tattoo ink with extremely high pigment content and incredible flow rate. With a wide range of colors for all your great artwork, this ink will make your work as an artist easier and make your art truly luxurious!<\/p>","protected":false},"featured_media":36358,"template":"","meta":{"_seopress_robots_primary_cat":"none","_seopress_titles_title":"WORLD FAMOUS LIMITLESS - LIGHT CLAY 1 - 30 ml - Carantania Tattoo","_seopress_titles_desc":"Z obse\u017eno paleto barv za vsa va\u0161a odli\u010dna umetni\u0161ka dela vam bo to \u010drnilo olaj\u0161alo delo umetnika in naredilo va\u0161o umetnost resni\u010dno razko\u0161no!","_seopress_robots_index":""},"product_brand":[],"product_cat":[493,474],"product_tag":[],"class_list":{"0":"post-36356","1":"product","2":"type-product","3":"status-publish","4":"has-post-thumbnail","6":"product_cat-tattoo-barve-eu","7":"product_cat-world-famous-limitless","8":"entry","9":"has-media","11":"first","12":"outofstock","13":"sale","14":"taxable","15":"shipping-taxable","16":"purchasable","17":"product-type-simple"},"_links":{"self":[{"href":"https:\/\/www.carantaniatattoo.com\/en\/wp-json\/wp\/v2\/product\/36356","targetHints":{"allow":["GET"]}}],"collection":[{"href":"https:\/\/www.carantaniatattoo.com\/en\/wp-json\/wp\/v2\/product"}],"about":[{"href":"https:\/\/www.carantaniatattoo.com\/en\/wp-json\/wp\/v2\/types\/product"}],"version-history":[{"count":0,"href":"https:\/\/www.carantaniatattoo.com\/en\/wp-json\/wp\/v2\/product\/36356\/revisions"}],"wp:featuredmedia":[{"embeddable":true,"href":"https:\/\/www.carantaniatattoo.com\/en\/wp-json\/wp\/v2\/media\/36358"}],"wp:attachment":[{"href":"https:\/\/www.carantaniatattoo.com\/en\/wp-json\/wp\/v2\/media?parent=36356"}],"wp:term":[{"taxonomy":"product_brand","embeddable":true,"href":"https:\/\/www.carantaniatattoo.com\/en\/wp-json\/wp\/v2\/product_brand?post=36356"},{"taxonomy":"product_cat","embeddable":true,"href":"https:\/\/www.carantaniatattoo.com\/en\/wp-json\/wp\/v2\/product_cat?post=36356"},{"taxonomy":"product_tag","embeddable":true,"href":"https:\/\/www.carantaniatattoo.com\/en\/wp-json\/wp\/v2\/product_tag?post=36356"}],"curies":[{"name":"wp","href":"https:\/\/api.w.org\/{rel}","templated":true}]}}