{"id":40283,"date":"2022-03-30T06:32:12","date_gmt":"2022-03-30T06:32:12","guid":{"rendered":"https:\/\/www.carantaniatattoo.com\/?post_type=product&#038;p=40283"},"modified":"2025-12-31T09:25:31","modified_gmt":"2025-12-31T09:25:31","slug":"intenze-gen-z-grey-wash-light-30ml","status":"publish","type":"product","link":"https:\/\/www.carantaniatattoo.com\/en\/trgovina\/tattoo-barve-eu\/intenze-gen-z\/intenze-gen-with-gray-wash-light-30ml\/","title":{"rendered":"INTENZE GEN-Z Gray Wash Light 30ml"},"content":{"rendered":"<h4>INTENZE GEN-Z Gray Wash Light 30ml<\/h4>\n<p>Expand your creative horizons with the option to purchase pre-designed shades of gray for consistent tattoo shading.<\/p>","protected":false},"excerpt":{"rendered":"<p>INTENZE GEN-Z Grey Wash Light 30ml Raz\u0161irite svoja ustvarjalna obzorja z mo\u017enostjo nakupa vnaprej oblikovanih odtenkov sive za dosledno sen\u010denje tetova\u017ee.<\/p>","protected":false},"featured_media":40285,"template":"","meta":{"_seopress_robots_primary_cat":"none","_seopress_titles_title":"INTENZE GEN-Z Grey Wash Light 30ml","_seopress_titles_desc":"Raz\u0161irite svoja ustvarjalna obzorja z mo\u017enostjo nakupa vnaprej oblikovanih odtenkov sive za dosledno sen\u010denje tetova\u017ee.","_seopress_robots_index":""},"product_brand":[],"product_cat":[504,493],"product_tag":[],"class_list":{"0":"post-40283","1":"product","2":"type-product","3":"status-publish","4":"has-post-thumbnail","6":"product_cat-intenze-gen-z","7":"product_cat-tattoo-barve-eu","8":"entry","9":"has-media","11":"first","12":"outofstock","13":"sale","14":"taxable","15":"shipping-taxable","16":"purchasable","17":"product-type-simple"},"_links":{"self":[{"href":"https:\/\/www.carantaniatattoo.com\/en\/wp-json\/wp\/v2\/product\/40283","targetHints":{"allow":["GET"]}}],"collection":[{"href":"https:\/\/www.carantaniatattoo.com\/en\/wp-json\/wp\/v2\/product"}],"about":[{"href":"https:\/\/www.carantaniatattoo.com\/en\/wp-json\/wp\/v2\/types\/product"}],"version-history":[{"count":0,"href":"https:\/\/www.carantaniatattoo.com\/en\/wp-json\/wp\/v2\/product\/40283\/revisions"}],"wp:featuredmedia":[{"embeddable":true,"href":"https:\/\/www.carantaniatattoo.com\/en\/wp-json\/wp\/v2\/media\/40285"}],"wp:attachment":[{"href":"https:\/\/www.carantaniatattoo.com\/en\/wp-json\/wp\/v2\/media?parent=40283"}],"wp:term":[{"taxonomy":"product_brand","embeddable":true,"href":"https:\/\/www.carantaniatattoo.com\/en\/wp-json\/wp\/v2\/product_brand?post=40283"},{"taxonomy":"product_cat","embeddable":true,"href":"https:\/\/www.carantaniatattoo.com\/en\/wp-json\/wp\/v2\/product_cat?post=40283"},{"taxonomy":"product_tag","embeddable":true,"href":"https:\/\/www.carantaniatattoo.com\/en\/wp-json\/wp\/v2\/product_tag?post=40283"}],"curies":[{"name":"wp","href":"https:\/\/api.w.org\/{rel}","templated":true}]}}