{"id":40364,"date":"2022-03-31T13:03:14","date_gmt":"2022-03-31T13:03:14","guid":{"rendered":"https:\/\/www.carantaniatattoo.com\/?post_type=product&#038;p=40364"},"modified":"2026-03-19T07:23:34","modified_gmt":"2026-03-19T07:23:34","slug":"world-famous-limitless-white-120-ml","status":"publish","type":"product","link":"https:\/\/www.carantaniatattoo.com\/en\/trgovina\/tattoo-barve-eu\/world-famous-limitless\/world-famous-limitless-white-120-ml\/","title":{"rendered":"WORLD FAMOUS LIMITLESS &#8211; STRAIGHT WHITE"},"content":{"rendered":"<h4>WORLD FAMOUS LIMITLESS &#8211; STRAIGHT WHITE &#8211; 120 ml<\/h4>\n<p>The new line of Limitless inks was developed in accordance with the latest European Union REACH regulations, which are valid from January 4, 2022.<\/p>\n<p>World Famous Tattoo Ink brings you premium tattoo ink with extremely high pigment content and incredible flow rate. With a wide range of colors for all your great artwork, this ink will make your work as an artist easier and make your art truly luxurious!<\/p>\n<p>Quantity: 120 ml<br \/>\nThe expiration date is printed on the bottle<\/p>\n<p>More info at\u00a0<a href=\"http:\/\/www.worldfamoustattooink.com\/\">http:\/\/www.worldfamoustattooink.com\/<\/a><\/p>\n<p>Also visit us on the FB page <a href=\"https:\/\/www.facebook.com\/CarantaniaSlovenia\/\">Carantania Slovenia<\/a><\/p>","protected":false},"excerpt":{"rendered":"<p>WORLD FAMOUS LIMITLESS &#8211; STRAIGHT WHITE &#8211; 120 ml Nova linija \u010drnil Limitless je bila razvita v skladu z najnovej\u0161imi predpisi Evropske unije REACH, ki veljajo od 4. januarja 2022. World Famous Tattoo Ink vam prina\u0161a vrhunsko \u010drnilo za tetoviranje z izjemno visoko vsebnostjo pigmenta in neverjetno hitrostjo pretoka.\u00a0 Z obse\u017eno paleto barv za vsa [&hellip;]<\/p>","protected":false},"featured_media":62372,"template":"","meta":{"_seopress_robots_primary_cat":"none","_seopress_titles_title":"WORLD FAMOUS LIMITLESS - WHITE - 120 ml","_seopress_titles_desc":"World Famous Tattoo Ink vam prina\u0161a vrhunsko \u010drnilo za tetoviranje z izjemno visoko vsebnostjo pigmenta in neverjetno hitrostjo pretoka.","_seopress_robots_index":""},"product_brand":[],"product_cat":[493,474],"product_tag":[],"class_list":{"0":"post-40364","1":"product","2":"type-product","3":"status-publish","4":"has-post-thumbnail","6":"product_cat-tattoo-barve-eu","7":"product_cat-world-famous-limitless","8":"entry","9":"has-media","11":"first","12":"instock","13":"sale","14":"taxable","15":"shipping-taxable","16":"purchasable","17":"product-type-variable"},"_links":{"self":[{"href":"https:\/\/www.carantaniatattoo.com\/en\/wp-json\/wp\/v2\/product\/40364","targetHints":{"allow":["GET"]}}],"collection":[{"href":"https:\/\/www.carantaniatattoo.com\/en\/wp-json\/wp\/v2\/product"}],"about":[{"href":"https:\/\/www.carantaniatattoo.com\/en\/wp-json\/wp\/v2\/types\/product"}],"version-history":[{"count":0,"href":"https:\/\/www.carantaniatattoo.com\/en\/wp-json\/wp\/v2\/product\/40364\/revisions"}],"wp:featuredmedia":[{"embeddable":true,"href":"https:\/\/www.carantaniatattoo.com\/en\/wp-json\/wp\/v2\/media\/62372"}],"wp:attachment":[{"href":"https:\/\/www.carantaniatattoo.com\/en\/wp-json\/wp\/v2\/media?parent=40364"}],"wp:term":[{"taxonomy":"product_brand","embeddable":true,"href":"https:\/\/www.carantaniatattoo.com\/en\/wp-json\/wp\/v2\/product_brand?post=40364"},{"taxonomy":"product_cat","embeddable":true,"href":"https:\/\/www.carantaniatattoo.com\/en\/wp-json\/wp\/v2\/product_cat?post=40364"},{"taxonomy":"product_tag","embeddable":true,"href":"https:\/\/www.carantaniatattoo.com\/en\/wp-json\/wp\/v2\/product_tag?post=40364"}],"curies":[{"name":"wp","href":"https:\/\/api.w.org\/{rel}","templated":true}]}}