{"id":42692,"date":"2022-07-12T12:36:09","date_gmt":"2022-07-12T12:36:09","guid":{"rendered":"https:\/\/www.carantaniatattoo.com\/?post_type=product&#038;p=42692"},"modified":"2025-08-07T12:22:30","modified_gmt":"2025-08-07T12:22:30","slug":"ez-tacts-penice-za-kartusne-igle-6","status":"publish","type":"product","link":"https:\/\/www.carantaniatattoo.com\/en\/trgovina\/nastavki-za-tattoo-igle\/ez-gripi\/ez-tacts-cartridges-for-cartridge-needles-6\/","title":{"rendered":"EZ TACTS CARTRIDGE NEEDLE FOOTWEAR"},"content":{"rendered":"<p>EZ TACTS CARTRIDGE NEEDLE FOOTWEAR<\/p>\n<p>Introducing the EZ Tact pantyhose. Simple memory foam designed to be used on needlepoint needles. You put the pin on the cartridge needle for a better grip. EZ tacts provide a better grip and less painful fingers. The foam is shaped according to your grip and thus protects your fingers, as it well dampens the vibrations and shocks of the machine. By using the pins, you gain more control over the cartridge needle, as it will not change its position (because it is tight). Sophisticated memory foam protects and protects fingers, provides comfort, protects against carpal tunnel syndrome and finger numbness, and also protects against toe blisters.<\/p>\n<p>Compatible with most cartridge needles on the market.<\/p>\n<p>You might be interested <a href=\"https:\/\/www.carantaniatattoo.com\/en\/trgovina\/nastavki-za-tattoo-igle\/ego-gripi\/ego-memory-foam-grip-covers-smooth-2\/\">Ego flu<\/a>, which, like EZ tacts, are made of memory foam.<\/p>\n<p>&nbsp;<\/p>\n<p>&nbsp;<\/p>","protected":false},"excerpt":{"rendered":"<p>EZ TACTS CARTRIDGE NEEDLE FOOTWEAR<\/p>\n<p>Penico nataknete na kartu\u0161no iglo, za bolj\u0161i oprijem. EZ tacts omogo\u010dajo bolj\u0161i oprijem ter manj bole\u010de prste. Pena se oblikuje glede na va\u0161 oprijem in s tem \u0161\u010diti prste, saj dobro bla\u017ei vibracije in udarce ma\u0161inice. Z uporabo penic pridobite ve\u010dji nadzor nad kartu\u0161no iglo, saj le-ta ne bo spreminjala svoje lege (ker je tesno oprijeta). Prefinjena spominska pena varuje in \u0161\u010diti prste, nudi udobje, \u0161\u010diti pred sindromom karpalnega kanala in otrplostjo v prstih, prav tako \u0161\u010diti pred \u017eulji na prstih.<\/p>\n<p>Compatible with most cartridge needles on the market.<\/p>","protected":false},"featured_media":42715,"template":"","meta":{"_seopress_robots_primary_cat":"none","_seopress_titles_title":"EZ TACTS PENICE ZA KARTU\u0160NE IGLE ","_seopress_titles_desc":"EZ TACTS PENICE  nataknete na kartu\u0161no iglo. Izdelano iz spominske pene. EZ tacts nudi bolj\u0161i oprijem, manj bole\u010de prste, za\u0161\u010dito pred vibracijami in udarci.","_seopress_robots_index":""},"product_brand":[],"product_cat":[508,219],"product_tag":[478,506],"class_list":{"0":"post-42692","1":"product","2":"type-product","3":"status-publish","4":"has-post-thumbnail","6":"product_cat-ez-gripi","7":"product_cat-nastavki-za-tattoo-igle","8":"product_tag-izpostavljeni-izdelki","9":"product_tag-novosti","10":"entry","11":"has-media","13":"first","14":"instock","15":"sale","16":"taxable","17":"shipping-taxable","18":"purchasable","19":"product-type-variable","20":"has-default-attributes"},"_links":{"self":[{"href":"https:\/\/www.carantaniatattoo.com\/en\/wp-json\/wp\/v2\/product\/42692","targetHints":{"allow":["GET"]}}],"collection":[{"href":"https:\/\/www.carantaniatattoo.com\/en\/wp-json\/wp\/v2\/product"}],"about":[{"href":"https:\/\/www.carantaniatattoo.com\/en\/wp-json\/wp\/v2\/types\/product"}],"version-history":[{"count":0,"href":"https:\/\/www.carantaniatattoo.com\/en\/wp-json\/wp\/v2\/product\/42692\/revisions"}],"wp:featuredmedia":[{"embeddable":true,"href":"https:\/\/www.carantaniatattoo.com\/en\/wp-json\/wp\/v2\/media\/42715"}],"wp:attachment":[{"href":"https:\/\/www.carantaniatattoo.com\/en\/wp-json\/wp\/v2\/media?parent=42692"}],"wp:term":[{"taxonomy":"product_brand","embeddable":true,"href":"https:\/\/www.carantaniatattoo.com\/en\/wp-json\/wp\/v2\/product_brand?post=42692"},{"taxonomy":"product_cat","embeddable":true,"href":"https:\/\/www.carantaniatattoo.com\/en\/wp-json\/wp\/v2\/product_cat?post=42692"},{"taxonomy":"product_tag","embeddable":true,"href":"https:\/\/www.carantaniatattoo.com\/en\/wp-json\/wp\/v2\/product_tag?post=42692"}],"curies":[{"name":"wp","href":"https:\/\/api.w.org\/{rel}","templated":true}]}}