{"id":44824,"date":"2022-10-20T13:55:12","date_gmt":"2022-10-20T13:55:12","guid":{"rendered":"https:\/\/www.carantaniatattoo.com\/?post_type=product&#038;p=44824"},"modified":"2025-08-07T12:19:53","modified_gmt":"2025-08-07T12:19:53","slug":"critical-polnilna-postaja-z-baterijama-shorty-3","status":"publish","type":"product","link":"https:\/\/www.carantaniatattoo.com\/en\/trgovina\/napajalniki-stopalke-in-kabli\/napajalniki-za-tattoo-strojcke\/critical-charging-station-with-shorty-3-batteries\/","title":{"rendered":"CRITICAL BATTERY shorty"},"content":{"rendered":"<p><strong>CRITICAL BATTERY shorty<\/strong>\u00a0it will not leave you indifferent. With the universal Critical battery, you can turn your rotary trimmer into a cordless trimmer in no time.<\/p>\n<ul>\n<li>compatible with most rotary shavers<\/li>\n<li>OLED screen and accurate voltage<\/li>\n<li>ergonomic design<\/li>\n<li>uses Bluetooth 5.0 technology<\/li>\n<li>available in RCA and 3.5mm connections (Cheyenne)<\/li>\n<li>Critical core = constant and stable output voltage<\/li>\n<li>dual charging dock optional (charges via cable included)<\/li>\n<li>light and balanced<\/li>\n<li>intuitive user interface<\/li>\n<li>up to 5 hours of tattooing (depending on voltage and machine usage)<\/li>\n<li>voltage range 4.5V-13V<\/li>\n<\/ul>\n<p>&nbsp;<\/p>\n<p><strong>Universal battery product specifications:<\/strong><br \/>\nLength: approx. 6.3 cm<br \/>\nWidth: approx. 3.2 cm<br \/>\nWeight: approx. 35 g<br \/>\nColor: black<br \/>\nCompatible with RCA and 3.5 mm batteries.<br \/>\nFits on <a href=\"https:\/\/www.carantaniatattoo.com\/en\/trgovina\/napajalniki-stopalke-in-kabli\/napajalniki-za-tattoo-strojcke\/critical-charging-station-for-the-universal-battery\/\">universal charging station.\u00a0<\/a><\/p>\n<p>Universal battery specifications:<br \/>\nDimensions: 6.3 x 3.2 cm<br \/>\nUSB-C cable<br \/>\nUSB-C wall plug<br \/>\nColor: black<\/p>\n<p>1 year manufacturer&#039;s warranty.<\/p>\n<p>*Available to order.<\/p>\n<p><a href=\"https:\/\/www.youtube.com\/watch?v=MYqmO9ZQW0U\">You can view the settings and battery operation on this link.\u00a0<\/a><\/p>\n<p>&nbsp;<\/p>","protected":false},"excerpt":{"rendered":"<p><strong>CRITICAL BATTERY shorty<\/strong> it will not leave you indifferent. With the universal Critical battery, you can turn your rotary trimmer into a cordless trimmer in no time. The battery is compatible with most rotary shavers. Available in RCA and 3.5mm (Cheyenne) connections. Critical core = constant and stable output voltage. A dual charging dock is optional (charges via the included cable). Light and balanced. Intuitive user interface. Up to 5 hours of tattooing (depending on voltage and machine usage). Voltage range 4.5V-13V.<\/p>","protected":false},"featured_media":44826,"template":"","meta":{"_seopress_robots_primary_cat":"none","_seopress_titles_title":"CRITICAL POLNILNA POSTAJA Z BATERIJAMA &quot;shorty&quot;","_seopress_titles_desc":"Zdru\u017eljiva je z ve\u010dino rotacijskih strojev.Posebej primerne za tiste, ki prisegajo na \u010dim la\u017eje stroj\u010dke.\u00a0Do 5 ur\u00a0 tetoviranja. Priklopna postaja ni obvezna.","_seopress_robots_index":""},"product_brand":[],"product_cat":[217,208],"product_tag":[],"class_list":{"0":"post-44824","1":"product","2":"type-product","3":"status-publish","4":"has-post-thumbnail","6":"product_cat-napajalniki-za-tattoo-strojcke","7":"product_cat-napajalniki-stopalke-in-kabli","8":"entry","9":"has-media","11":"first","12":"instock","13":"sale","14":"taxable","15":"shipping-taxable","16":"purchasable","17":"product-type-variable"},"_links":{"self":[{"href":"https:\/\/www.carantaniatattoo.com\/en\/wp-json\/wp\/v2\/product\/44824","targetHints":{"allow":["GET"]}}],"collection":[{"href":"https:\/\/www.carantaniatattoo.com\/en\/wp-json\/wp\/v2\/product"}],"about":[{"href":"https:\/\/www.carantaniatattoo.com\/en\/wp-json\/wp\/v2\/types\/product"}],"version-history":[{"count":0,"href":"https:\/\/www.carantaniatattoo.com\/en\/wp-json\/wp\/v2\/product\/44824\/revisions"}],"wp:featuredmedia":[{"embeddable":true,"href":"https:\/\/www.carantaniatattoo.com\/en\/wp-json\/wp\/v2\/media\/44826"}],"wp:attachment":[{"href":"https:\/\/www.carantaniatattoo.com\/en\/wp-json\/wp\/v2\/media?parent=44824"}],"wp:term":[{"taxonomy":"product_brand","embeddable":true,"href":"https:\/\/www.carantaniatattoo.com\/en\/wp-json\/wp\/v2\/product_brand?post=44824"},{"taxonomy":"product_cat","embeddable":true,"href":"https:\/\/www.carantaniatattoo.com\/en\/wp-json\/wp\/v2\/product_cat?post=44824"},{"taxonomy":"product_tag","embeddable":true,"href":"https:\/\/www.carantaniatattoo.com\/en\/wp-json\/wp\/v2\/product_tag?post=44824"}],"curies":[{"name":"wp","href":"https:\/\/api.w.org\/{rel}","templated":true}]}}