{"id":45814,"date":"2022-12-13T11:58:51","date_gmt":"2022-12-13T11:58:51","guid":{"rendered":"https:\/\/www.carantaniatattoo.com\/?post_type=product&#038;p=45814"},"modified":"2025-07-07T09:10:36","modified_gmt":"2025-07-07T09:10:36","slug":"equaliser-drop-pen-tattoo-strojcek","status":"publish","type":"product","link":"https:\/\/www.carantaniatattoo.com\/en\/trgovina\/strojcki-za-tetoviranje\/kwadron-equaliser\/equalizer-drop-pen-tattoo-machine\/","title":{"rendered":"EQUALISER\u2122 Drop pen tattoo machine"},"content":{"rendered":"<p>The DROP pen is a new tattoo device created by Equaliser, this time in a powerful and uncompromising version. DROP is a small tattoo machine that does not outwardly reveal the power hidden inside it.<\/p>\n<p>The case is very compact, ergonomic and fits perfectly in the hand, thanks to the fact that the DROP is very short (only 9 cm) and its width is 35 mm. These dimensions are not accidental - thanks to them, the machine was perfectly balanced, and therefore we do not feel fatigue at all, even during long-term work.<\/p>\n<p>The heart of the machine is the motor, the Equalizer 6W, which provides a strong and hard action, yet performs well in any style of tattooing and in all types of work: fills\/coloring, shadows, stripes\/lines.<\/p>\n<p>Like all Equaliser PEN tattoo machines, the DROP is compatible with all types of cartridges.<\/p>\n<p>Technical specifications:<\/p>\n<p>Power: 6W<br \/>\nStroke: 3.5 mm<br \/>\nAdjustable extension (click system): 0-5mm<br \/>\nRCA socket hidden in the case<br \/>\nDimensions: length only 9 cm!, width 35 mm<br \/>\nWeight: 180g<\/p>\n<p>Cable not included (RCA)!<\/p>\n<p>&nbsp;<\/p>\n<p>You might also be interested <a href=\"https:\/\/www.carantaniatattoo.com\/en\/trgovina\/strojcki-za-tetoviranje\/kwadron-equaliser\/equaliser-proton-enduro-tattoo-strojcek\/\">Equalizer Proton Enduro<\/a> tattoo machine.<\/p>","protected":false},"excerpt":{"rendered":"<p>The DROP pen is a new tattoo device created by Equaliser, this time in a powerful and uncompromising version. DROP is a small tattoo machine that does not outwardly reveal the power hidden inside it.<\/p>","protected":false},"featured_media":45816,"template":"","meta":{"_seopress_robots_primary_cat":"none","_seopress_titles_title":"Equaliser Drop pen %%sep%% tattoo stroj\u010dek v obliki pisala","_seopress_titles_desc":"DROP PEN je nova naprava za tetoviranje, ki jo je ustvaril Equaliser. Majhen tattoo stroj\u010dek, ki navzven ne razkriva mo\u010di. Zdru\u017eljiv z vsemi vrstami kartu\u0161.","_seopress_robots_index":""},"product_brand":[],"product_cat":[211,485,202],"product_tag":[],"class_list":{"0":"post-45814","1":"product","2":"type-product","3":"status-publish","4":"has-post-thumbnail","6":"product_cat-kwadron-equaliser","7":"product_cat-novosti","8":"product_cat-strojcki-za-tetoviranje","9":"entry","10":"has-media","12":"first","13":"instock","14":"sale","15":"taxable","16":"shipping-taxable","17":"purchasable","18":"product-type-simple"},"_links":{"self":[{"href":"https:\/\/www.carantaniatattoo.com\/en\/wp-json\/wp\/v2\/product\/45814","targetHints":{"allow":["GET"]}}],"collection":[{"href":"https:\/\/www.carantaniatattoo.com\/en\/wp-json\/wp\/v2\/product"}],"about":[{"href":"https:\/\/www.carantaniatattoo.com\/en\/wp-json\/wp\/v2\/types\/product"}],"version-history":[{"count":0,"href":"https:\/\/www.carantaniatattoo.com\/en\/wp-json\/wp\/v2\/product\/45814\/revisions"}],"wp:featuredmedia":[{"embeddable":true,"href":"https:\/\/www.carantaniatattoo.com\/en\/wp-json\/wp\/v2\/media\/45816"}],"wp:attachment":[{"href":"https:\/\/www.carantaniatattoo.com\/en\/wp-json\/wp\/v2\/media?parent=45814"}],"wp:term":[{"taxonomy":"product_brand","embeddable":true,"href":"https:\/\/www.carantaniatattoo.com\/en\/wp-json\/wp\/v2\/product_brand?post=45814"},{"taxonomy":"product_cat","embeddable":true,"href":"https:\/\/www.carantaniatattoo.com\/en\/wp-json\/wp\/v2\/product_cat?post=45814"},{"taxonomy":"product_tag","embeddable":true,"href":"https:\/\/www.carantaniatattoo.com\/en\/wp-json\/wp\/v2\/product_tag?post=45814"}],"curies":[{"name":"wp","href":"https:\/\/api.w.org\/{rel}","templated":true}]}}