{"id":46581,"date":"2023-01-19T13:39:04","date_gmt":"2023-01-19T13:39:04","guid":{"rendered":"https:\/\/www.carantaniatattoo.com\/?post_type=product&#038;p=46581"},"modified":"2025-08-28T07:54:33","modified_gmt":"2025-08-28T07:54:33","slug":"hornet-protective-film","status":"publish","type":"product","link":"https:\/\/www.carantaniatattoo.com\/en\/trgovina\/nega-koze-po-tetoviranju\/folije-in-oblizi\/hornet-protective-film-2\/","title":{"rendered":"Hornet Protective Film"},"content":{"rendered":"<p>Hornet Protective Film 15cmx10m<\/p>\n<p>The Hornet Film Protection product is a high-quality micro-perforated film. During the healing process, it protects the wound from bacteria and germs, prevents chafing and prevents external factors from interfering with the healing process.<\/p>\n<p>Features:<br \/>\n\u2013 15 cm wide and 10 m long roll<br \/>\n\u2013 Comes with a cutter for easy cutting<br \/>\n\u2013 Airy<br \/>\n\u2013 Adaptable<br \/>\n\u2013 Waterproof<br \/>\n\u2013 The roll is sterile packed<\/p>\n<p>Thanks to the easy-cut function, you will be able to easily and comfortably cut to the desired size, without the need for scissors. To do this, attach the cutter that comes with the box to the edge of the box.<\/p>\n<p>How to use:<br \/>\nBefore applying, wait 10 minutes, clean and dry the area where you will apply the film. Use the cutter on the box or scissors to cut a piece of suitable size from the roll. Make sure you add a few extra inches of foil to make sure it reaches all the edges of the tattoo. Remove the white paper and gently place the sticky side of the foil on the skin. After application, make sure the edges are firmly in place to secure the foil in place. Remove the protective plastic on the other side of the foil and the application is complete. Remove the foil after 24 hours and start with classic tattoo care.<\/p>\n<p>REMOVAL OF THE FOIL:<br \/>\nWhen removing the foil, be careful to start removing from one side to the other. Remove the foil slowly, not too roughly and not too quickly.<\/p>","protected":false},"excerpt":{"rendered":"<p>Hornet Protective Film 15cmx10m<\/p>","protected":false},"featured_media":46588,"template":"","meta":{"_seopress_robots_primary_cat":"none","_seopress_titles_title":"Hornet Protective Film 15cmx10m  - Carantania Tattoo","_seopress_titles_desc":"Izdelek Hornet Film Protection je mikro perforirana folija visoke kakovosti. V procesu celjenja \u0161\u010diti rano pred bakterijami in klicami, prepre\u010duje drgnjenje in prepre\u010duje, da bi zunanji dejavniki ovirali proces celjenja.","_seopress_robots_index":""},"product_brand":[],"product_cat":[244,245,206,233],"product_tag":[],"class_list":{"0":"post-46581","1":"product","2":"type-product","3":"status-publish","4":"has-post-thumbnail","6":"product_cat-folije-in-oblizi","7":"product_cat-folije-za-zascito-tetovirane-koze","8":"product_cat-higiena","9":"product_cat-nega-koze-po-tetoviranju","10":"entry","11":"has-media","13":"first","14":"outofstock","15":"sale","16":"taxable","17":"shipping-taxable","18":"purchasable","19":"product-type-simple"},"_links":{"self":[{"href":"https:\/\/www.carantaniatattoo.com\/en\/wp-json\/wp\/v2\/product\/46581","targetHints":{"allow":["GET"]}}],"collection":[{"href":"https:\/\/www.carantaniatattoo.com\/en\/wp-json\/wp\/v2\/product"}],"about":[{"href":"https:\/\/www.carantaniatattoo.com\/en\/wp-json\/wp\/v2\/types\/product"}],"version-history":[{"count":0,"href":"https:\/\/www.carantaniatattoo.com\/en\/wp-json\/wp\/v2\/product\/46581\/revisions"}],"wp:featuredmedia":[{"embeddable":true,"href":"https:\/\/www.carantaniatattoo.com\/en\/wp-json\/wp\/v2\/media\/46588"}],"wp:attachment":[{"href":"https:\/\/www.carantaniatattoo.com\/en\/wp-json\/wp\/v2\/media?parent=46581"}],"wp:term":[{"taxonomy":"product_brand","embeddable":true,"href":"https:\/\/www.carantaniatattoo.com\/en\/wp-json\/wp\/v2\/product_brand?post=46581"},{"taxonomy":"product_cat","embeddable":true,"href":"https:\/\/www.carantaniatattoo.com\/en\/wp-json\/wp\/v2\/product_cat?post=46581"},{"taxonomy":"product_tag","embeddable":true,"href":"https:\/\/www.carantaniatattoo.com\/en\/wp-json\/wp\/v2\/product_tag?post=46581"}],"curies":[{"name":"wp","href":"https:\/\/api.w.org\/{rel}","templated":true}]}}