{"id":48669,"date":"2023-04-12T12:45:56","date_gmt":"2023-04-12T12:45:56","guid":{"rendered":"https:\/\/www.carantaniatattoo.com\/?post_type=product&#038;p=48669"},"modified":"2025-07-25T09:50:28","modified_gmt":"2025-07-25T09:50:28","slug":"i-am-ink-silver-1-3","status":"publish","type":"product","link":"https:\/\/www.carantaniatattoo.com\/en\/trgovina\/tattoo-barve-eu\/i-am-ink-tattoo-barve-eu\/i-am-ink-silver-1-3\/","title":{"rendered":"I AM INK SILVER 1 \u2013 3"},"content":{"rendered":"<div data-elementor-type=\"product-post\" data-elementor-id=\"48669\" class=\"elementor elementor-48669\" data-elementor-post-type=\"product\">\n\t\t\t\t\t\t<section class=\"elementor-section elementor-top-section elementor-element elementor-element-70a583fc elementor-section-boxed elementor-section-height-default elementor-section-height-default\" data-id=\"70a583fc\" data-element_type=\"section\" data-settings=\"{&quot;jet_parallax_layout_list&quot;:[]}\">\n\t\t\t\t\t\t<div class=\"elementor-container elementor-column-gap-default\">\n\t\t\t\t\t<div class=\"elementor-column elementor-col-100 elementor-top-column elementor-element elementor-element-29f4ee38\" data-id=\"29f4ee38\" data-element_type=\"column\">\n\t\t\t<div class=\"elementor-widget-wrap elementor-element-populated\">\n\t\t\t\t\t\t<div class=\"elementor-element elementor-element-704fc2d3 elementor-widget elementor-widget-text-editor\" data-id=\"704fc2d3\" data-element_type=\"widget\" data-widget_type=\"text-editor.default\">\n\t\t\t\t<div class=\"elementor-widget-container\">\n\t\t\t\t\t\t\t\t\t<h4>I AM INK<\/h4><p>Classic B&amp;G is made from a series of water and ink mixtures based on strong black ink. Highlighting with white, for example, does not apply to the classic B&amp;G technique.<\/p><p>With modern tattooing, we have gained a new perspective on the possibilities and useful effects in the craft. Over time, we saw realistic tattoos that had more and more depth and opacity. You can achieve these effects by adding small drops of white paint to your favorite black ink.<\/p><p>Problem: In the Greywash series, the lightest tone is the one that contains the most water and has a varnish effect. The lightest shade of Silverwash is the one that contains the largest amount of white. When artists mix their own Silverwash tones on top of a Greywash tone, there is a very good chance that the healed tattoo will be mottled and the result will not be as intended.<\/p><p>The second generation of I AM INK - Silverwash - consists of three pre-mixed Silverwashes based on the first generation of I AM INK Greywash. Black and white tones are mechanically blended to perfection for optimal results.<\/p><p>Silverwash is available in three shades:<\/p><p>Silver 1: The lightest tone based on the first generation \u201cSumi 1\u201d.<br \/>Silver 2: Midrange based on the first generation \u201cSumi 2\u201d.<br \/>Silver 3: The darkest tone of the Silverwash series, based on the first generation &#039;Sumi 3&#039;.<\/p><ul><li>Contents 50 ml<\/li><li>Vegan and acrylate-free<\/li><li>Made in Austria<\/li><\/ul><p><\/p><\/div><\/div><\/div><\/div><\/div><\/section><\/div> <a href=\"https:\/\/www.carantaniatattoo.com\/en\/trgovina\/tattoo-barve-eu\/i-am-ink-tattoo-barve-eu\/i-am-ink-silver-1-3\/#more-48669\" class=\"more-link elementor-more-link\"><span aria-label=\"Continue reading I AM INK SILVER 1 &#8211; 3\">(more&hellip;)<\/span><\/a>","protected":false},"excerpt":{"rendered":"<h4>I AM INK SILVER 1 \u2013 3<\/h4>\n<p>The second generation of I AM INK - Silverwash - consists of three pre-mixed Silverwashes based on the first generation of I AM INK Greywash. Black and white tones are mechanically blended to perfection for optimal results.<\/p>\n<p>Silverwash is available in three shades:<\/p>\n<p>Silver 1: The lightest tone based on the first generation \u201cSumi 1\u201d.<br \/>\nSilver 2: Midrange based on the first generation \u201cSumi 2\u201d.<\/p>\n<p>Silver 3: The darkest tone of the Silverwash series, based on the first generation &#039;Sumi 3&#039;.<\/p>\n<p>&nbsp;<\/p>","protected":false},"featured_media":48770,"template":"","meta":{"_seopress_robots_primary_cat":"none","_seopress_titles_title":"I AM INK SILVER 1 - 3","_seopress_titles_desc":"I AM INK SILVER 1 - 3 | Carantania Tattoo | Vse za tattoo studio na enem mestu. Pri naro\u010dilih nad 100EUR brez stro\u0161kov po\u0161iljanja.","_seopress_robots_index":""},"product_brand":[],"product_cat":[495,493],"product_tag":[],"class_list":{"0":"post-48669","1":"product","2":"type-product","3":"status-publish","4":"has-post-thumbnail","6":"product_cat-i-am-ink-tattoo-barve-eu","7":"product_cat-tattoo-barve-eu","8":"entry","9":"has-media","11":"first","12":"outofstock","13":"taxable","14":"shipping-taxable","15":"product-type-variable"},"_links":{"self":[{"href":"https:\/\/www.carantaniatattoo.com\/en\/wp-json\/wp\/v2\/product\/48669","targetHints":{"allow":["GET"]}}],"collection":[{"href":"https:\/\/www.carantaniatattoo.com\/en\/wp-json\/wp\/v2\/product"}],"about":[{"href":"https:\/\/www.carantaniatattoo.com\/en\/wp-json\/wp\/v2\/types\/product"}],"version-history":[{"count":0,"href":"https:\/\/www.carantaniatattoo.com\/en\/wp-json\/wp\/v2\/product\/48669\/revisions"}],"wp:featuredmedia":[{"embeddable":true,"href":"https:\/\/www.carantaniatattoo.com\/en\/wp-json\/wp\/v2\/media\/48770"}],"wp:attachment":[{"href":"https:\/\/www.carantaniatattoo.com\/en\/wp-json\/wp\/v2\/media?parent=48669"}],"wp:term":[{"taxonomy":"product_brand","embeddable":true,"href":"https:\/\/www.carantaniatattoo.com\/en\/wp-json\/wp\/v2\/product_brand?post=48669"},{"taxonomy":"product_cat","embeddable":true,"href":"https:\/\/www.carantaniatattoo.com\/en\/wp-json\/wp\/v2\/product_cat?post=48669"},{"taxonomy":"product_tag","embeddable":true,"href":"https:\/\/www.carantaniatattoo.com\/en\/wp-json\/wp\/v2\/product_tag?post=48669"}],"curies":[{"name":"wp","href":"https:\/\/api.w.org\/{rel}","templated":true}]}}