{"id":50823,"date":"2023-08-07T12:32:13","date_gmt":"2023-08-07T12:32:13","guid":{"rendered":"https:\/\/www.carantaniatattoo.com\/trgovina\/nekategorizirano\/tattoomed-sun-protection-lsf-25-copy\/"},"modified":"2025-01-30T09:10:37","modified_gmt":"2025-01-30T09:10:37","slug":"tattoomed-sun-protection-lsf-25-copy","status":"publish","type":"product","link":"https:\/\/www.carantaniatattoo.com\/en\/trgovina\/nega-koze-po-tetoviranju\/mazila\/tattoomed-sun-protection-lsf-25-copy-2\/","title":{"rendered":"TATTOOED SUN PROTECTION SPF 30"},"content":{"rendered":"<h4>TattooMed Sun Protection SPF 30<\/h4>\n<p>Cream with effective UVA \/ UVB protection for tattooed skin.<b>\u00a0<\/b>TattooMed Sun Protection sun protection cream LSF30 is a specially developed sun protection for tattooed skin during very strong sunbathing. High-quality ingredients, as well as a highly effective broad-band UVA \/ UVB filter system, offer optimal immediate tattoo protection. Protects against irreversible damage such as fading and premature aging of the skin.<br \/>\nTattooMed Sun Protection SPF 30 should be applied to the skin before each exposure to the sun and repeated during prolonged exposure to the sun. In addition to the color protection technology, the product also has a protection factor of 30, which protects the skin from harmful solar radiation. The cream contains provitamin B5, moisturizes the skin, is dermatologically tested and 100% vegan.<\/p>\n<p>Ingredients: Aqua, Octocrylene, AlcoholDenat, Glycerin, C12-15AlkyBenzoate, ButylMethoxydibenzoylmethane, EthylhexySalicylate, TitaniumDioxide (nano), DicaprylyEther, TocopherylAcetate, VP\/HexadeceneCopolymer, Silica, Panthenol, TriacontanyIPVP, Bis-EthylhexyLoxyphenolMetoxyphenylTriazine, Perfume, Acrylates\/C10-30AlkylArcylateCrosspolymer, Cap rylylglycol , Ethylhexyglycerin, Dimethicone, XanthanGum, Carbomer, DisodiumEDTA, SodiumHydroxide, Citral, CitricAcid, BenzylAlcohol, Linalool, Citronellol, Tocopherol.<\/p>\n<p>Made in Germany.<\/p>\n<p>&nbsp;<\/p>","protected":false},"excerpt":{"rendered":"<p>TattooMed Sun Protection SPF 30<\/p>\n<p>Za\u0161\u010ditna krema pred soncem LSF30 je posebej razvita za\u0161\u010dita pred soncem za tetovirano ko\u017eo med zelo mo\u010dnim son\u010denjem. Kakovostne sestavine, pa tudi zelo u\u010dinkovit \u0161irokopasovni filtrirni sistem UVA \/ UVB nudijo optimalno takoj\u0161njo za\u0161\u010dito tetova\u017ee. \u0160\u010diti pred nepopravljivo \u0161kodo, kot sta zbledelost in prezgodnje staranje ko\u017ee.<\/p>\n<p>Visit our FB page <a href=\"https:\/\/www.facebook.com\/CarantaniaSlovenia\/\">Carantania Slovenia<\/a><\/p>","protected":false},"featured_media":50827,"template":"","meta":{"_seopress_robots_primary_cat":"none","_seopress_titles_title":"TattooMed Sun Protection LSF 30 - Carantania Tatoo","_seopress_titles_desc":"Za\u0161\u010ditna krema pred soncem LSF30 je posebej razvita za\u0161\u010dita pred soncem za tetovirano ko\u017eo med zelo mo\u010dnim son\u010denjem. Kakovostne sestavine. 100% veganska krema.","_seopress_robots_index":""},"product_brand":[],"product_cat":[206,477,234,233,235],"product_tag":[478],"class_list":{"0":"post-50823","1":"product","2":"type-product","3":"status-publish","4":"has-post-thumbnail","6":"product_cat-higiena","7":"product_cat-izpostavljeni-izdelki","8":"product_cat-mazila","9":"product_cat-nega-koze-po-tetoviranju","10":"product_cat-za-nego-tattooja","11":"product_tag-izpostavljeni-izdelki","12":"entry","13":"has-media","15":"first","16":"outofstock","17":"sale","18":"taxable","19":"shipping-taxable","20":"purchasable","21":"product-type-simple"},"_links":{"self":[{"href":"https:\/\/www.carantaniatattoo.com\/en\/wp-json\/wp\/v2\/product\/50823","targetHints":{"allow":["GET"]}}],"collection":[{"href":"https:\/\/www.carantaniatattoo.com\/en\/wp-json\/wp\/v2\/product"}],"about":[{"href":"https:\/\/www.carantaniatattoo.com\/en\/wp-json\/wp\/v2\/types\/product"}],"version-history":[{"count":0,"href":"https:\/\/www.carantaniatattoo.com\/en\/wp-json\/wp\/v2\/product\/50823\/revisions"}],"wp:featuredmedia":[{"embeddable":true,"href":"https:\/\/www.carantaniatattoo.com\/en\/wp-json\/wp\/v2\/media\/50827"}],"wp:attachment":[{"href":"https:\/\/www.carantaniatattoo.com\/en\/wp-json\/wp\/v2\/media?parent=50823"}],"wp:term":[{"taxonomy":"product_brand","embeddable":true,"href":"https:\/\/www.carantaniatattoo.com\/en\/wp-json\/wp\/v2\/product_brand?post=50823"},{"taxonomy":"product_cat","embeddable":true,"href":"https:\/\/www.carantaniatattoo.com\/en\/wp-json\/wp\/v2\/product_cat?post=50823"},{"taxonomy":"product_tag","embeddable":true,"href":"https:\/\/www.carantaniatattoo.com\/en\/wp-json\/wp\/v2\/product_tag?post=50823"}],"curies":[{"name":"wp","href":"https:\/\/api.w.org\/{rel}","templated":true}]}}