{"id":52552,"date":"2023-11-09T09:19:08","date_gmt":"2023-11-09T09:19:08","guid":{"rendered":"https:\/\/www.carantaniatattoo.com\/trgovina\/nekategorizirano\/toec-mini-1-termalni-printer-copy\/"},"modified":"2025-07-15T10:51:42","modified_gmt":"2025-07-15T10:51:42","slug":"ats886-bluetooth-termalni-printer","status":"publish","type":"product","link":"https:\/\/www.carantaniatattoo.com\/en\/trgovina\/pripomocki-za-delo\/papir-za-preslikavo\/ats886-bluetooth-thermal-printer\/","title":{"rendered":"ATS886 Bluetooth thermal printer"},"content":{"rendered":"<p>ATS886 Bluetooth wireless tattoo stencil printer<\/p>\n<p>The printer works via USB cable or bluetooth. It is compatible with Android and IOS system. You can use it via mobile phone, tablet or computer.<\/p>\n<p>Specification:<br \/>\nIOS &amp; Android &amp; Google Play &amp; Bluetooth connection APP use, computer connection use.<br \/>\nDimensions: 262 (L) \u00d7 57 (W) \u00d7 29 (H) mm<br \/>\nWeight: 498 g<br \/>\nPrint resolution: 8 dots\/mm (203 dpi), 1728 dots\/line<br \/>\nPrinting speed: up to 15mm\/s<br \/>\nPrint width: 216 mm<br \/>\nMedia type: 210mm * 297mm A4 thermal paper or 216mm thermal roll paper<br \/>\nBattery: 11.1V Li-ion, 1200mAh (built-in) Battery life is about 200 documents with 12.5 % pattern, about 80 normal images (medium density)<br \/>\nInput Voltage: Type-C, 5.0V-2.0A<br \/>\nTPH lifetime: 50 km<br \/>\nInterface: data communication type-c-usb, Bluetooth 5.0<br \/>\nATS886 App Download: <a href=\"https:\/\/cntattooprinter.com\/en\/main.html\">https:\/\/cntattooprinter.com\/en\/main.html<\/a><\/p>\n<p>Manufacturer: PRC<\/p>\n<p>&nbsp;<\/p>","protected":false},"excerpt":{"rendered":"<p>ATS886 Bluetooth wireless tattoo stencil printer<\/p>\n<p>The printer works via USB cable or bluetooth. It is compatible with Android and IOS system. You can use it via mobile phone, tablet or computer.<\/p>","protected":false},"featured_media":52555,"template":"","meta":{"_seopress_robots_primary_cat":"none","_seopress_titles_title":"ATS886 Bluetooth termalni printer - Carantania tattoo","_seopress_titles_desc":"ATS886 Bluetooth brez\u017ei\u010dni tiskalnik za tattoo \u0161ablone deluje preko USB kabla ali bluetooth. Kompatibilen je z Android in IOS sistemom. Uporabljate ga lahko preko mobilnega telefona, tablice ali ra\u010dunalnika.\u00a0","_seopress_robots_index":""},"product_brand":[],"product_cat":[246,209],"product_tag":[],"class_list":{"0":"post-52552","1":"product","2":"type-product","3":"status-publish","4":"has-post-thumbnail","6":"product_cat-papir-za-preslikavo","7":"product_cat-pripomocki-za-delo","8":"entry","9":"has-media","11":"first","12":"instock","13":"sale","14":"taxable","15":"shipping-taxable","16":"purchasable","17":"product-type-simple"},"_links":{"self":[{"href":"https:\/\/www.carantaniatattoo.com\/en\/wp-json\/wp\/v2\/product\/52552","targetHints":{"allow":["GET"]}}],"collection":[{"href":"https:\/\/www.carantaniatattoo.com\/en\/wp-json\/wp\/v2\/product"}],"about":[{"href":"https:\/\/www.carantaniatattoo.com\/en\/wp-json\/wp\/v2\/types\/product"}],"version-history":[{"count":0,"href":"https:\/\/www.carantaniatattoo.com\/en\/wp-json\/wp\/v2\/product\/52552\/revisions"}],"wp:featuredmedia":[{"embeddable":true,"href":"https:\/\/www.carantaniatattoo.com\/en\/wp-json\/wp\/v2\/media\/52555"}],"wp:attachment":[{"href":"https:\/\/www.carantaniatattoo.com\/en\/wp-json\/wp\/v2\/media?parent=52552"}],"wp:term":[{"taxonomy":"product_brand","embeddable":true,"href":"https:\/\/www.carantaniatattoo.com\/en\/wp-json\/wp\/v2\/product_brand?post=52552"},{"taxonomy":"product_cat","embeddable":true,"href":"https:\/\/www.carantaniatattoo.com\/en\/wp-json\/wp\/v2\/product_cat?post=52552"},{"taxonomy":"product_tag","embeddable":true,"href":"https:\/\/www.carantaniatattoo.com\/en\/wp-json\/wp\/v2\/product_tag?post=52552"}],"curies":[{"name":"wp","href":"https:\/\/api.w.org\/{rel}","templated":true}]}}