{"id":56460,"date":"2024-07-29T10:04:11","date_gmt":"2024-07-29T10:04:11","guid":{"rendered":"https:\/\/www.carantaniatattoo.com\/trgovina\/nekategorizirano\/elasticni-trak-za-zascito-5cm-copy\/"},"modified":"2025-05-22T08:54:28","modified_gmt":"2025-05-22T08:54:28","slug":"elasticni-trak-za-zascito-2-5cm","status":"publish","type":"product","link":"https:\/\/www.carantaniatattoo.com\/en\/trgovina\/pripomocki-za-delo\/zascitne-vrecke-in-gripi\/elastic-band-for-protection-2-5-cm\/","title":{"rendered":"ELASTIC TAPE FOR PROTECTION 2.5 cm 10 pcs"},"content":{"rendered":"<h3>ELASTIC TAPE FOR PROTECTION<\/h3>\n<p>An elastic bandage to protect the grip and the trimmer, which at the same time enables a better grip on the grip<br \/>\nwhile tattooing. The width of the elastic band is 2.5 cm, and the length is 4.5 m.<\/p>\n<p>\u2013 Offers better grip; provides a solid grip especially for those handles that have no or minimal texture.<br \/>\n- Reduces vibrations - the soft material absorbs vibrations and is gentle on the hands.<br \/>\n- Provides protection - protects the tattoo machine and therefore reduces the need for cleaning.<br \/>\n\u2013 Removal without residue \u2013 with self-adhesive natural rubber, it can be removed without residue.<\/p>\n<p>Dimensions: 2.5 cm x 4.5 m<br \/>\nColors: black<br \/>\nPackaging: 10 pcs<\/p>\n<p>&nbsp;<\/p>\n<p><!--more--><\/p>\n<p>&nbsp;<\/p>","protected":false},"excerpt":{"rendered":"<p>Elasti\u010dni trak za za\u0161\u010dito gripa in tattoo stroj\u010dka.<br \/>\nNudi bolj\u0161i oprijem, za\u0161\u010diti, zmanj\u0161uje vibracije.<br \/>\nBarve:\u00a0 \u010drna<br \/>\nDimenzije: 2,5cm\u00a0 x 4,5m<\/p>","protected":false},"featured_media":56469,"template":"","meta":{"_seopress_robots_primary_cat":"none","_seopress_titles_title":"","_seopress_titles_desc":"","_seopress_robots_index":""},"product_brand":[],"product_cat":[209,221],"product_tag":[],"class_list":{"0":"post-56460","1":"product","2":"type-product","3":"status-publish","4":"has-post-thumbnail","6":"product_cat-pripomocki-za-delo","7":"product_cat-zascitne-vrecke-in-gripi","8":"entry","9":"has-media","11":"first","12":"instock","13":"sale","14":"taxable","15":"shipping-taxable","16":"purchasable","17":"product-type-simple"},"_links":{"self":[{"href":"https:\/\/www.carantaniatattoo.com\/en\/wp-json\/wp\/v2\/product\/56460","targetHints":{"allow":["GET"]}}],"collection":[{"href":"https:\/\/www.carantaniatattoo.com\/en\/wp-json\/wp\/v2\/product"}],"about":[{"href":"https:\/\/www.carantaniatattoo.com\/en\/wp-json\/wp\/v2\/types\/product"}],"version-history":[{"count":0,"href":"https:\/\/www.carantaniatattoo.com\/en\/wp-json\/wp\/v2\/product\/56460\/revisions"}],"wp:featuredmedia":[{"embeddable":true,"href":"https:\/\/www.carantaniatattoo.com\/en\/wp-json\/wp\/v2\/media\/56469"}],"wp:attachment":[{"href":"https:\/\/www.carantaniatattoo.com\/en\/wp-json\/wp\/v2\/media?parent=56460"}],"wp:term":[{"taxonomy":"product_brand","embeddable":true,"href":"https:\/\/www.carantaniatattoo.com\/en\/wp-json\/wp\/v2\/product_brand?post=56460"},{"taxonomy":"product_cat","embeddable":true,"href":"https:\/\/www.carantaniatattoo.com\/en\/wp-json\/wp\/v2\/product_cat?post=56460"},{"taxonomy":"product_tag","embeddable":true,"href":"https:\/\/www.carantaniatattoo.com\/en\/wp-json\/wp\/v2\/product_tag?post=56460"}],"curies":[{"name":"wp","href":"https:\/\/api.w.org\/{rel}","templated":true}]}}