{"id":56554,"date":"2024-08-02T09:08:14","date_gmt":"2024-08-02T09:08:14","guid":{"rendered":"https:\/\/www.carantaniatattoo.com\/?post_type=product&#038;p=56554"},"modified":"2024-08-02T09:15:39","modified_gmt":"2024-08-02T09:15:39","slug":"elasticni-trak-za-zascito-5cm-crna","status":"publish","type":"product","link":"https:\/\/www.carantaniatattoo.com\/en\/trgovina\/pripomocki-za-delo\/zascitne-vrecke-in-gripi\/elastic-band-for-protection-5-cm-black\/","title":{"rendered":"ELASTIC TAPE FOR PROTECTION 5cm - black"},"content":{"rendered":"<h3>ELASTIC TAPE FOR PROTECTION<\/h3>\n<p>An elastic bandage to protect the grip and the trimmer, which at the same time enables a better grip on the grip<br \/>\nwhile tattooing. The width of the elastic band is 5 cm, and the length is 4.5 m.<\/p>\n<p>\u2013 Offers better grip; provides a solid grip especially for those handles that have no or minimal texture.<br \/>\n- Reduces vibrations - the soft material absorbs vibrations and is gentle on the hands.<br \/>\n- Provides protection - protects the tattoo machine and therefore reduces the need for cleaning.<br \/>\n\u2013 Removal without residue \u2013 with self-adhesive natural rubber, it can be removed without residue.<\/p>\n<p>Dimensions: 5 cm x 4.5 m<br \/>\nColors: black<\/p>\n<p><!--more--><\/p>\n<p>&nbsp;<\/p>","protected":false},"excerpt":{"rendered":"<p>Elasti\u010dni trak za za\u0161\u010dito gripa in tattoo stroj\u010dka.<br \/>\nNudi bolj\u0161i oprijem, za\u0161\u010diti, zmanj\u0161uje vibracije.<br \/>\nColors: black<br \/>\nDimenzije: 5 x 450 cm<\/p>","protected":false},"featured_media":56563,"template":"","meta":{"_seopress_robots_primary_cat":"none","_seopress_titles_title":"OSTALI PRIPOMO\u010cKI | ZA\u0160\u010cITNE VRE\u010cKE IN GRIPI | ELASTI\u010cNI TRAK | BANDA\u017dA","_seopress_titles_desc":"","_seopress_robots_index":""},"product_brand":[],"product_cat":[209,221],"product_tag":[],"class_list":{"0":"post-56554","1":"product","2":"type-product","3":"status-publish","4":"has-post-thumbnail","6":"product_cat-pripomocki-za-delo","7":"product_cat-zascitne-vrecke-in-gripi","8":"entry","9":"has-media","11":"first","12":"instock","13":"sale","14":"taxable","15":"shipping-taxable","16":"purchasable","17":"product-type-variable"},"_links":{"self":[{"href":"https:\/\/www.carantaniatattoo.com\/en\/wp-json\/wp\/v2\/product\/56554","targetHints":{"allow":["GET"]}}],"collection":[{"href":"https:\/\/www.carantaniatattoo.com\/en\/wp-json\/wp\/v2\/product"}],"about":[{"href":"https:\/\/www.carantaniatattoo.com\/en\/wp-json\/wp\/v2\/types\/product"}],"version-history":[{"count":0,"href":"https:\/\/www.carantaniatattoo.com\/en\/wp-json\/wp\/v2\/product\/56554\/revisions"}],"wp:featuredmedia":[{"embeddable":true,"href":"https:\/\/www.carantaniatattoo.com\/en\/wp-json\/wp\/v2\/media\/56563"}],"wp:attachment":[{"href":"https:\/\/www.carantaniatattoo.com\/en\/wp-json\/wp\/v2\/media?parent=56554"}],"wp:term":[{"taxonomy":"product_brand","embeddable":true,"href":"https:\/\/www.carantaniatattoo.com\/en\/wp-json\/wp\/v2\/product_brand?post=56554"},{"taxonomy":"product_cat","embeddable":true,"href":"https:\/\/www.carantaniatattoo.com\/en\/wp-json\/wp\/v2\/product_cat?post=56554"},{"taxonomy":"product_tag","embeddable":true,"href":"https:\/\/www.carantaniatattoo.com\/en\/wp-json\/wp\/v2\/product_tag?post=56554"}],"curies":[{"name":"wp","href":"https:\/\/api.w.org\/{rel}","templated":true}]}}