{"id":57490,"date":"2024-09-20T07:51:45","date_gmt":"2024-09-20T07:51:45","guid":{"rendered":"https:\/\/www.carantaniatattoo.com\/?post_type=product&#038;p=57490"},"modified":"2025-04-09T08:26:14","modified_gmt":"2025-04-09T08:26:14","slug":"dynamic-platinum-azure-blue-30ml","status":"publish","type":"product","link":"https:\/\/www.carantaniatattoo.com\/en\/trgovina\/tattoo-barve-eu\/dynamic-platinum\/dynamic-platinum-azure-blue-30ml-2\/","title":{"rendered":"DYNAMIC PLATINUM AZURE BLUE 30ml"},"content":{"rendered":"<h4>Azure Blue<\/h4>\n<p>Authentic and hygienic:<br \/>\nThat&#039;s why all Dynamic Platinum tattoo inks come in crystal clear PET bottles with a holographic label emblazoned with the Dynamic Color logo to prevent counterfeiting. Even the heat seals that protect the sterilized product are equipped with the Dynamic Color seal.<\/p>\n<p>Fast and successful treatment:<br \/>\nSay goodbye to stubborn treatment processes or dissatisfied customers. Dynamic Platinum tattoo inks apply smoothly and heal quickly with noticeably vibrant results that can stand the test of time.<\/p>\n<p>Bold, bright and durable colors:<br \/>\nEvery artist deserves high quality tattoo ink. Highly pigmented inks can be mixed to create custom blends. With Dynamic Platinum tattoo ink on your needle, the only limit is your imagination.<\/p>","protected":false},"excerpt":{"rendered":"<h4>Dynamic Platinum<\/h4>\n<p>V skladu z uredbo REACH za uporabo v Evropi in drugod. Vsa barvila za tetoviranje Dynamic Platinum Color izpolnjujejo ali presegajo vse predpise, ki jih dolo\u010da uredba REACH.<\/p>\n<p>Veganska in nikoli testirana na \u017eivalih: Izdelki Dynamic Color ne vsebujejo \u017eivalskih proizvodov in niso nikoli testirani na kosmatih prijateljih. Dynamic Platinum barve za tetoviranje so varne za ko\u017eo, ne\u0161kodljive za okolje in nenazadnje bolj\u0161e za va\u0161e splo\u0161no zdravje.<\/p>\n<p>Predhodno razpr\u0161ena \u010drnila profesionalne kakovosti: Barve za tetoviranje Dynamic Platinum zagotavljajo barvo za tetoviranje vrhunske kakovosti z najbolj impresivno vsebnostjo pigmenta. \u010crnila, ki jih odlikuje gladek pretok, so kos izzivu vsakega dela &#8211; od natan\u010dnega dela s podrobnostmi do obrisov ali sen\u010denja.<\/p>","protected":false},"featured_media":57626,"template":"","meta":{"_seopress_robots_primary_cat":"none","_seopress_titles_title":"DYNAMIC PLATINUM AZURE BLUE 30ml","_seopress_titles_desc":"V skladu z uredbo REACH za uporabo v EU, izpolnjujejo vse predpise.Dynamic Platinum barve za tetoviranje so varne za ko\u017eo,se gladko vnesejo in \u017eivahno zacelijo.","_seopress_robots_index":""},"product_brand":[],"product_cat":[517,477,485,493],"product_tag":[],"class_list":{"0":"post-57490","1":"product","2":"type-product","3":"status-publish","4":"has-post-thumbnail","6":"product_cat-dynamic-platinum","7":"product_cat-izpostavljeni-izdelki","8":"product_cat-novosti","9":"product_cat-tattoo-barve-eu","10":"entry","11":"has-media","13":"first","14":"outofstock","15":"sale","16":"taxable","17":"shipping-taxable","18":"purchasable","19":"product-type-simple"},"_links":{"self":[{"href":"https:\/\/www.carantaniatattoo.com\/en\/wp-json\/wp\/v2\/product\/57490","targetHints":{"allow":["GET"]}}],"collection":[{"href":"https:\/\/www.carantaniatattoo.com\/en\/wp-json\/wp\/v2\/product"}],"about":[{"href":"https:\/\/www.carantaniatattoo.com\/en\/wp-json\/wp\/v2\/types\/product"}],"version-history":[{"count":0,"href":"https:\/\/www.carantaniatattoo.com\/en\/wp-json\/wp\/v2\/product\/57490\/revisions"}],"wp:featuredmedia":[{"embeddable":true,"href":"https:\/\/www.carantaniatattoo.com\/en\/wp-json\/wp\/v2\/media\/57626"}],"wp:attachment":[{"href":"https:\/\/www.carantaniatattoo.com\/en\/wp-json\/wp\/v2\/media?parent=57490"}],"wp:term":[{"taxonomy":"product_brand","embeddable":true,"href":"https:\/\/www.carantaniatattoo.com\/en\/wp-json\/wp\/v2\/product_brand?post=57490"},{"taxonomy":"product_cat","embeddable":true,"href":"https:\/\/www.carantaniatattoo.com\/en\/wp-json\/wp\/v2\/product_cat?post=57490"},{"taxonomy":"product_tag","embeddable":true,"href":"https:\/\/www.carantaniatattoo.com\/en\/wp-json\/wp\/v2\/product_tag?post=57490"}],"curies":[{"name":"wp","href":"https:\/\/api.w.org\/{rel}","templated":true}]}}