{"id":58687,"date":"2024-11-25T11:18:55","date_gmt":"2024-11-25T11:18:55","guid":{"rendered":"https:\/\/www.carantaniatattoo.com\/?post_type=product&#038;p=58687"},"modified":"2025-07-01T11:54:29","modified_gmt":"2025-07-01T11:54:29","slug":"unistar-tattoo-skinstich","status":"publish","type":"product","link":"https:\/\/www.carantaniatattoo.com\/en\/trgovina\/hygiene\/za-nego-tattooja\/unistar-tattoo-skinstich\/","title":{"rendered":"Unistar Tattoo Skinstich"},"content":{"rendered":"<p>Popolna revolucija v negi tetova\u017e!<\/p>\n<p>Zapre pore, zato tetova\u017ea takoj preneha krvaveti, kar zagotavlja ve\u010d \u010drnila pod ko\u017eo. Zaradi kombinacije vode, glicerina, alkohola in kalijevega aluma pomaga zmanj\u0161ati otekanje in hkrati razku\u017euje ko\u017eo.<\/p>\n<p>Izdelek je primeren samo za zunanjo uporabo<\/p>\n<p>Stekleni\u010dka s prostornino 240 ml.<\/p>\n<p>&nbsp;<\/p>","protected":false},"excerpt":{"rendered":"<p>Usage:<\/p>\n<p>Ko kon\u010date, osu\u0161ite tetova\u017eo in razpr\u0161ite izdelek na ko\u017eo, nato pustite, da izhlapi.<\/p>","protected":false},"featured_media":58693,"template":"","meta":{"_seopress_robots_primary_cat":"none","_seopress_titles_title":"Unistar Tattoo Skinstich","_seopress_titles_desc":"Uporaba po tetoviranju.Zapre pore, zato tetova\u017ea takoj preneha krvaveti, kar zagotavlja ve\u010d \u010drnila pod ko\u017eo. Pomaga zmanj\u0161ati otekanje in hkrati razku\u017euje ko\u017eo.","_seopress_robots_index":""},"product_brand":[],"product_cat":[206,235],"product_tag":[],"class_list":{"0":"post-58687","1":"product","2":"type-product","3":"status-publish","4":"has-post-thumbnail","6":"product_cat-higiena","7":"product_cat-za-nego-tattooja","8":"entry","9":"has-media","11":"first","12":"instock","13":"sale","14":"taxable","15":"shipping-taxable","16":"purchasable","17":"product-type-simple"},"_links":{"self":[{"href":"https:\/\/www.carantaniatattoo.com\/en\/wp-json\/wp\/v2\/product\/58687","targetHints":{"allow":["GET"]}}],"collection":[{"href":"https:\/\/www.carantaniatattoo.com\/en\/wp-json\/wp\/v2\/product"}],"about":[{"href":"https:\/\/www.carantaniatattoo.com\/en\/wp-json\/wp\/v2\/types\/product"}],"version-history":[{"count":0,"href":"https:\/\/www.carantaniatattoo.com\/en\/wp-json\/wp\/v2\/product\/58687\/revisions"}],"wp:featuredmedia":[{"embeddable":true,"href":"https:\/\/www.carantaniatattoo.com\/en\/wp-json\/wp\/v2\/media\/58693"}],"wp:attachment":[{"href":"https:\/\/www.carantaniatattoo.com\/en\/wp-json\/wp\/v2\/media?parent=58687"}],"wp:term":[{"taxonomy":"product_brand","embeddable":true,"href":"https:\/\/www.carantaniatattoo.com\/en\/wp-json\/wp\/v2\/product_brand?post=58687"},{"taxonomy":"product_cat","embeddable":true,"href":"https:\/\/www.carantaniatattoo.com\/en\/wp-json\/wp\/v2\/product_cat?post=58687"},{"taxonomy":"product_tag","embeddable":true,"href":"https:\/\/www.carantaniatattoo.com\/en\/wp-json\/wp\/v2\/product_tag?post=58687"}],"curies":[{"name":"wp","href":"https:\/\/api.w.org\/{rel}","templated":true}]}}