{"id":62090,"date":"2025-07-29T08:46:02","date_gmt":"2025-07-29T08:46:02","guid":{"rendered":"https:\/\/www.carantaniatattoo.com\/?post_type=product&#038;p=62090"},"modified":"2025-07-29T09:06:54","modified_gmt":"2025-07-29T09:06:54","slug":"dragonhawk-mast-fold-pro-wireless-tattoo-pen-black","status":"publish","type":"product","link":"https:\/\/www.carantaniatattoo.com\/en\/trgovina\/strojcki-za-tetoviranje\/dragonhawk\/dragonhawk-mast-fold-pro-wireless-tattoo-pen-black\/","title":{"rendered":"Dragonhawk Mast Fold Pro Wireless Tattoo Pen"},"content":{"rendered":"<p>Novi Mast Fold Pro ima visoko zmogljivost baterije 1500 mAh, ki umetnikom omogo\u010da neprekinjeno delo pribli\u017eno 4\u20136 ur.<\/p>\n<p>Vklju\u010duje RCA priklju\u010dek, tako da ga je mogo\u010de uporabljati tudi v povezavi z napajalnikom.<\/p>\n<p>Ima preprost operacijski sistem, LED zaslon pa jasno prikazuje stanje baterije, \u010das in napetost.<br \/>\nUmetniki lahko napetost enostavno prilagodijo s pritiskom na gumbe.<\/p>\n<p>Mast Fold Pro ima funkcijo takoj\u0161njega zagona, ki se samodejno aktivira ob vklopu, tako da se lahko enostavno uporabljajo tudi ve\u010dje vrste igel.<\/p>\n<p>Ta stroj ima nastavljiv hod: 2,4\/2,7\/3,0\/3,3\/3,6\/3,9\/4,2 mm, tako da lahko izvaja vse sloge, od tradicionalnega tetoviranja do trajnega li\u010denja.<\/p>\n<p>Weight:<br \/>\nWith battery: 199 g<br \/>\nZ RCA: 200 g<\/p>\n<p>Length:<br \/>\nWith battery: 128 mm<br \/>\nWith RCA: 115mm<\/p>\n<p>Na voljo z 1 ali 2 baterijami<\/p>\n<p>Translated with DeepL.com (free version)<\/p>","protected":false},"excerpt":{"rendered":"<p>Novi Mast Fold Pro ima visoko zmogljivost baterije 1500 mAh, ki umetnikom omogo\u010da neprekinjeno delo pribli\u017eno 4\u20136 ur. Vklju\u010duje RCA priklju\u010dek, tako da ga je mogo\u010de uporabljati tudi v povezavi z napajalnikom. Ima preprost operacijski sistem, LED zaslon pa jasno prikazuje stanje baterije, \u010das in napetost. Umetniki lahko napetost enostavno prilagodijo s pritiskom na gumbe. [&hellip;]<\/p>","protected":false},"featured_media":62093,"template":"","meta":{"_seopress_robots_primary_cat":"none","_seopress_titles_title":"","_seopress_titles_desc":"","_seopress_robots_index":""},"product_brand":[],"product_cat":[515,202],"product_tag":[],"class_list":{"0":"post-62090","1":"product","2":"type-product","3":"status-publish","4":"has-post-thumbnail","6":"product_cat-dragonhawk","7":"product_cat-strojcki-za-tetoviranje","8":"entry","9":"has-media","11":"first","12":"onbackorder","13":"sale","14":"taxable","15":"shipping-taxable","16":"purchasable","17":"product-type-variable"},"_links":{"self":[{"href":"https:\/\/www.carantaniatattoo.com\/en\/wp-json\/wp\/v2\/product\/62090","targetHints":{"allow":["GET"]}}],"collection":[{"href":"https:\/\/www.carantaniatattoo.com\/en\/wp-json\/wp\/v2\/product"}],"about":[{"href":"https:\/\/www.carantaniatattoo.com\/en\/wp-json\/wp\/v2\/types\/product"}],"version-history":[{"count":0,"href":"https:\/\/www.carantaniatattoo.com\/en\/wp-json\/wp\/v2\/product\/62090\/revisions"}],"wp:featuredmedia":[{"embeddable":true,"href":"https:\/\/www.carantaniatattoo.com\/en\/wp-json\/wp\/v2\/media\/62093"}],"wp:attachment":[{"href":"https:\/\/www.carantaniatattoo.com\/en\/wp-json\/wp\/v2\/media?parent=62090"}],"wp:term":[{"taxonomy":"product_brand","embeddable":true,"href":"https:\/\/www.carantaniatattoo.com\/en\/wp-json\/wp\/v2\/product_brand?post=62090"},{"taxonomy":"product_cat","embeddable":true,"href":"https:\/\/www.carantaniatattoo.com\/en\/wp-json\/wp\/v2\/product_cat?post=62090"},{"taxonomy":"product_tag","embeddable":true,"href":"https:\/\/www.carantaniatattoo.com\/en\/wp-json\/wp\/v2\/product_tag?post=62090"}],"curies":[{"name":"wp","href":"https:\/\/api.w.org\/{rel}","templated":true}]}}