{"id":62303,"date":"2025-08-05T07:46:27","date_gmt":"2025-08-05T07:46:27","guid":{"rendered":"https:\/\/www.carantaniatattoo.com\/trgovina\/nekategorizirano\/biotat-natural-numbing-tattoo-glide-envy-copy\/"},"modified":"2025-11-01T00:30:26","modified_gmt":"2025-11-01T00:30:26","slug":"biotat-natural-numbing-tattoo-glide-envy-copy","status":"publish","type":"product","link":"https:\/\/www.carantaniatattoo.com\/en\/trgovina\/hygiene\/vazelini\/biotat-natural-numbing-tattoo-glide-envy-2\/","title":{"rendered":"Biotat\u00ae Natural Numbing Tattoo Glide ENVY"},"content":{"rendered":"<p>Same as the classic Biotat\u00ae Natural Numbing Tattoo Glide, but with a hint of green.<\/p>\n<p>The unique Biotat\u00ae Natural Numbing vegan ointment, which is only used by professionals during the tattooing process to numb the area.<br \/>\nUse it like any \u201cgliding\u201d or process butter with the added benefits of numbing the application area while dramatically reducing swelling and redness.<\/p>\n<p>Unlike lidocaine-based products, it does not swell the skin, which would make tattooing more difficult, and your client will be more relaxed during the tattooing process.<\/p>\n<p>The slide is extremely smooth and doesn&#039;t clog the needles or wipe out the transmission. Tattoo artists are artists who love clean gliding, as it allows for more accurate work on blacks and grays and lighter colors.<\/p>\n<p>Biotat\u00ae is the world leader in ointments that naturally numb the application site. They use only the best ingredients without artificial colors and fragrances and environmentally and user-friendly materials.<\/p>\n<p>&nbsp;<\/p>\n<p>INSTRUCTIONS FOR USE:<\/p>\n<p>After the process is over, wipe off the excess. Do not use for after tattoo care.<\/p>\n<p>CONTAINS:<br \/>\nMineral Oil, Microcrystalline Wax, Cera Microcristallina, Glycerin, Eugenia Caryophyllus (Clove) Bud Oil, Eugenol, Glycolipids, Lavandula Angustifolia Herb Oil, Isoeugenol, Linalool, Geraniol, Limonene.<\/p>\n<p>WARNINGS:<br \/>\nKeep away from children and pets. Avoid the eye area, if contact occurs, rinse immediately with water. Seek medical attention if swallowed. Discontinue use if any skin reaction occurs. Do not use if you are sensitive to eugenol.<\/p>\n<p>&nbsp;<\/p>\n<p>&nbsp;<\/p>","protected":false},"excerpt":{"rendered":"<p><strong>What does Biotat do?<\/strong><br \/>\nUsing the powerful natural anesthetic properties of cloves, they have developed a unique range of industry first products that naturally numb and cleanse the area during and after the tattooing process. Clove has been carefully selected to be extremely effective, without lidocaine or artificial fragrances. Clove oil is fantastic for reducing redness and inflammation, it is also antibacterial, antifungal and antiviral.<\/p>\n<p><strong>Does it really help?<\/strong><br \/>\nOooh yes, cloves are very powerful, have natural anti-inflammatory and pain-relieving properties, and have a wide spectrum of antimicrobial\/cleansing effects on the skin. All this without lidocaine.<\/p>\n<p><strong>What is the difference between butter and sliders?<\/strong><br \/>\nDrsniki so mehkej\u0161i in se uporabljajo predvsem za postopek tetoviranja. Omogo\u010dajo lepo drsenje po ko\u017ei in olaj\u0161ajo brisanje \u010drnila.<br \/>\nMasla temeljijo na karitejevem maslu in se prav tako uporabljajo za postopek tetoviranja, hkrati pa so odli\u010dna tudi za nego po tetoviranju. Popolnoma druga\u010dna tekstura.<br \/>\nHibrid je na pol poti. Delno maslo in delno drsenje.<\/p>\n<p>&nbsp;<\/p>","protected":false},"featured_media":55362,"template":"","meta":{"_seopress_robots_primary_cat":"none","_seopress_titles_title":"Biotat\u00ae Natural Numbing Tattoo Glide ENVY","_seopress_titles_desc":"Biotat\u00ae Natural Numbing vegansko mazilo, omrtvi\u010di mesto nanosa. Mazilo, ki je uporabniku in okolju prijazno. Popolnoma naravno, brez umetnih dodatkov.","_seopress_robots_index":""},"product_brand":[],"product_cat":[206,477,485,243],"product_tag":[],"class_list":{"0":"post-62303","1":"product","2":"type-product","3":"status-publish","4":"has-post-thumbnail","6":"product_cat-higiena","7":"product_cat-izpostavljeni-izdelki","8":"product_cat-novosti","9":"product_cat-vazelini","10":"entry","11":"has-media","13":"first","14":"instock","15":"sale","16":"taxable","17":"shipping-taxable","18":"purchasable","19":"product-type-variable"},"_links":{"self":[{"href":"https:\/\/www.carantaniatattoo.com\/en\/wp-json\/wp\/v2\/product\/62303","targetHints":{"allow":["GET"]}}],"collection":[{"href":"https:\/\/www.carantaniatattoo.com\/en\/wp-json\/wp\/v2\/product"}],"about":[{"href":"https:\/\/www.carantaniatattoo.com\/en\/wp-json\/wp\/v2\/types\/product"}],"version-history":[{"count":0,"href":"https:\/\/www.carantaniatattoo.com\/en\/wp-json\/wp\/v2\/product\/62303\/revisions"}],"wp:featuredmedia":[{"embeddable":true,"href":"https:\/\/www.carantaniatattoo.com\/en\/wp-json\/wp\/v2\/media\/55362"}],"wp:attachment":[{"href":"https:\/\/www.carantaniatattoo.com\/en\/wp-json\/wp\/v2\/media?parent=62303"}],"wp:term":[{"taxonomy":"product_brand","embeddable":true,"href":"https:\/\/www.carantaniatattoo.com\/en\/wp-json\/wp\/v2\/product_brand?post=62303"},{"taxonomy":"product_cat","embeddable":true,"href":"https:\/\/www.carantaniatattoo.com\/en\/wp-json\/wp\/v2\/product_cat?post=62303"},{"taxonomy":"product_tag","embeddable":true,"href":"https:\/\/www.carantaniatattoo.com\/en\/wp-json\/wp\/v2\/product_tag?post=62303"}],"curies":[{"name":"wp","href":"https:\/\/api.w.org\/{rel}","templated":true}]}}