{"id":62444,"date":"2025-08-11T10:44:35","date_gmt":"2025-08-11T10:44:35","guid":{"rendered":"https:\/\/www.carantaniatattoo.com\/trgovina\/nekategorizirano\/easytattoo-tattoo-cream-copy\/"},"modified":"2025-11-21T09:26:57","modified_gmt":"2025-11-21T09:26:57","slug":"easytattoo-tattoo-cream-copy","status":"publish","type":"product","link":"https:\/\/www.carantaniatattoo.com\/en\/trgovina\/nega-koze-po-tetoviranju\/mazila\/easytattoo-tattoo-cream\/","title":{"rendered":"OTZI by EASYTATTOO\u00ae Tattoo cream"},"content":{"rendered":"<p><strong>OTZI by Easytattoo\u00ae TATTOO CREAM<\/strong><\/p>\n<p>OTZI by Easytattoo\u00ae cream is hypoallergenic and moisturizing and suitable for all skin types.<br \/>\nDeveloped specifically for new tattoos, its special formula reduces itching and irritation. Panthenol is a component of vitamin B, which is absolutely necessary for our organism. Soothes irritated and burning skin.<br \/>\nApplication: To achieve an optimal effect, it is not necessary to apply a lot of cream. A thin layer of cream is applied to the tattoo at least 3 times a day for at least 10 days.<\/p>\n<p>Ingredients: aqua (water), paraffinum liquidum (mineral oil), butyrospermum parkii (shea butter), oxidized corn oil, glycerin, cera alba (beeswax), panthenol, polyglyceryl-3, methylglucose disterate, cetyl palmitate, glyceryl stearate, peh- 100 stearate, cera microcristallina (microcrystalline wax), polyacrylamide, paraffin, C13-14 isoparaffin, sodium benzoate, xanthan gum, bisabolol, potassium citrate, citric acid, laureth-7, prunus armeniaca (apricot) kernel oil, tetrasodium edta, calendula officinalis flower extract.<br \/>\nProduced by: MBA, France<\/p>\n<p>&nbsp;<\/p>\n<p style=\"text-align: center;\"><em><strong>AKCIJA &#8211; ob nakupu 10. ali ve\u010d krem, Otzi by Easytattoo 50ml, n<\/strong><\/em><em><strong>udimo 25% popusta.<\/strong><\/em><\/p>","protected":false},"excerpt":{"rendered":"<p>OTZI by Easytattoo\u00ae TATTOO CREAM je krema razvita posebej nego sve\u017ee tetova\u017ee. Krema je veganska, hipoalergenska in vla\u017eilna ter primerna za vse vrste ko\u017ee.<br \/>\nOb pravilni uporabi zmanj\u0161uje srbe\u010dico in dra\u017eenje.<br \/>\nTanko plast kreme nanesemo na tattoo najmanj 3 krat na dan vsaj 10 dni.<br \/>\nMade in France<\/p>\n<p>&nbsp;<\/p>","protected":false},"featured_media":52933,"template":"","meta":{"_seopress_robots_primary_cat":"none","_seopress_titles_title":"OTZI by Easytattoo\u00ae TATTOO CREAM 20ml\/50ml\/100ml","_seopress_titles_desc":"","_seopress_robots_index":""},"product_brand":[],"product_cat":[194,206,234,233,235],"product_tag":[],"class_list":{"0":"post-62444","1":"product","2":"type-product","3":"status-publish","4":"has-post-thumbnail","6":"product_cat-akcija","7":"product_cat-higiena","8":"product_cat-mazila","9":"product_cat-nega-koze-po-tetoviranju","10":"product_cat-za-nego-tattooja","11":"entry","12":"has-media","14":"first","15":"instock","16":"sale","17":"taxable","18":"shipping-taxable","19":"purchasable","20":"product-type-variable"},"_links":{"self":[{"href":"https:\/\/www.carantaniatattoo.com\/en\/wp-json\/wp\/v2\/product\/62444","targetHints":{"allow":["GET"]}}],"collection":[{"href":"https:\/\/www.carantaniatattoo.com\/en\/wp-json\/wp\/v2\/product"}],"about":[{"href":"https:\/\/www.carantaniatattoo.com\/en\/wp-json\/wp\/v2\/types\/product"}],"version-history":[{"count":0,"href":"https:\/\/www.carantaniatattoo.com\/en\/wp-json\/wp\/v2\/product\/62444\/revisions"}],"wp:featuredmedia":[{"embeddable":true,"href":"https:\/\/www.carantaniatattoo.com\/en\/wp-json\/wp\/v2\/media\/52933"}],"wp:attachment":[{"href":"https:\/\/www.carantaniatattoo.com\/en\/wp-json\/wp\/v2\/media?parent=62444"}],"wp:term":[{"taxonomy":"product_brand","embeddable":true,"href":"https:\/\/www.carantaniatattoo.com\/en\/wp-json\/wp\/v2\/product_brand?post=62444"},{"taxonomy":"product_cat","embeddable":true,"href":"https:\/\/www.carantaniatattoo.com\/en\/wp-json\/wp\/v2\/product_cat?post=62444"},{"taxonomy":"product_tag","embeddable":true,"href":"https:\/\/www.carantaniatattoo.com\/en\/wp-json\/wp\/v2\/product_tag?post=62444"}],"curies":[{"name":"wp","href":"https:\/\/api.w.org\/{rel}","templated":true}]}}