{"id":62520,"date":"2025-08-21T13:08:05","date_gmt":"2025-08-21T13:08:05","guid":{"rendered":"https:\/\/www.carantaniatattoo.com\/?post_type=product&#038;p=62520"},"modified":"2026-03-30T07:29:31","modified_gmt":"2026-03-30T07:29:31","slug":"hustle-butter-tattoo-aftercare-wrap","status":"publish","type":"product","link":"https:\/\/www.carantaniatattoo.com\/en\/trgovina\/hygiene\/za-nego-tattooja\/hustle-butter-tattoo-aftercare-wrap\/","title":{"rendered":"Hustle Butter Tattoo Aftercare Wrap"},"content":{"rendered":"<p>Hustle Butter obloga za nego po tetoviranju je zra\u010dna in enostavna za uporabo ter zagotavlja varno za\u0161\u010dito sve\u017eih tetova\u017e, hkrati pa pospe\u0161uje celjenje.<br \/>\nTa inovativna folija zagotavlja za\u0161\u010ditno, a zra\u010dno pregrado za tetova\u017ee, ki ohranja obmo\u010dje \u010disto, hkrati pa omogo\u010da pretok zraka za optimalno celjenje. Primeren je za tetova\u017ee vseh velikosti, enostaven je za merjenje, rezanje in nana\u0161anje.<br \/>\nNa voljo je v majhnih, velikih in profesionalnih velikostih, da zadovolji potrebe vsakega umetnika ali stranke. Poskrbite, da folije ne nosite ve\u010d kot pet dni.<br \/>\nOhranite svoje tetova\u017ee v najbolj\u0161i formi danes, jutri in za vedno.<\/p>","protected":false},"excerpt":{"rendered":"<p>Hustle Butter obloga za nego po tetoviranju je zra\u010dna in enostavna za uporabo ter zagotavlja varno za\u0161\u010dito sve\u017eih tetova\u017e, hkrati pa pospe\u0161uje celjenje. Ta inovativna folija zagotavlja za\u0161\u010ditno, a zra\u010dno pregrado za tetova\u017ee, ki ohranja obmo\u010dje \u010disto, hkrati pa omogo\u010da pretok zraka za optimalno celjenje. Primeren je za tetova\u017ee vseh velikosti, enostaven je za merjenje, [&hellip;]<\/p>","protected":false},"featured_media":62527,"template":"","meta":{"_seopress_robots_primary_cat":"none","_seopress_titles_title":"","_seopress_titles_desc":"","_seopress_robots_index":""},"product_brand":[],"product_cat":[245,206,235],"product_tag":[],"class_list":{"0":"post-62520","1":"product","2":"type-product","3":"status-publish","4":"has-post-thumbnail","6":"product_cat-folije-za-zascito-tetovirane-koze","7":"product_cat-higiena","8":"product_cat-za-nego-tattooja","9":"entry","10":"has-media","12":"first","13":"outofstock","14":"taxable","15":"shipping-taxable","16":"product-type-variable"},"_links":{"self":[{"href":"https:\/\/www.carantaniatattoo.com\/en\/wp-json\/wp\/v2\/product\/62520","targetHints":{"allow":["GET"]}}],"collection":[{"href":"https:\/\/www.carantaniatattoo.com\/en\/wp-json\/wp\/v2\/product"}],"about":[{"href":"https:\/\/www.carantaniatattoo.com\/en\/wp-json\/wp\/v2\/types\/product"}],"version-history":[{"count":0,"href":"https:\/\/www.carantaniatattoo.com\/en\/wp-json\/wp\/v2\/product\/62520\/revisions"}],"wp:featuredmedia":[{"embeddable":true,"href":"https:\/\/www.carantaniatattoo.com\/en\/wp-json\/wp\/v2\/media\/62527"}],"wp:attachment":[{"href":"https:\/\/www.carantaniatattoo.com\/en\/wp-json\/wp\/v2\/media?parent=62520"}],"wp:term":[{"taxonomy":"product_brand","embeddable":true,"href":"https:\/\/www.carantaniatattoo.com\/en\/wp-json\/wp\/v2\/product_brand?post=62520"},{"taxonomy":"product_cat","embeddable":true,"href":"https:\/\/www.carantaniatattoo.com\/en\/wp-json\/wp\/v2\/product_cat?post=62520"},{"taxonomy":"product_tag","embeddable":true,"href":"https:\/\/www.carantaniatattoo.com\/en\/wp-json\/wp\/v2\/product_tag?post=62520"}],"curies":[{"name":"wp","href":"https:\/\/api.w.org\/{rel}","templated":true}]}}