{"id":62598,"date":"2025-08-22T08:54:52","date_gmt":"2025-08-22T08:54:52","guid":{"rendered":"https:\/\/www.carantaniatattoo.com\/?post_type=product&#038;p=62598"},"modified":"2025-08-26T10:10:40","modified_gmt":"2025-08-26T10:10:40","slug":"bodysupply-rubber-cartridge-round-magnum-10-kom-030mm-long-taper-45rm","status":"publish","type":"product","link":"https:\/\/www.carantaniatattoo.com\/en\/trgovina\/igle-za-tetoviranje\/bodysupply-rubber-cartridge\/bodysupply-rubber-cartridge-round-magnum-10-kom-030mm-long-taper-45rm\/","title":{"rendered":"BODYSUPPLY RUBBER CARTRIDGE ROUND MAGNUM 10 KOM- 0,30mm Long Taper 45RM"},"content":{"rendered":"<p>BodySupply Tattoo Cartridges.<br \/>\nTe kartu\u0161e so opremljene z izjemno natan\u010dnim in kakovostnim koni\u010dastim delom, ki zagotavlja stabilnost igle.<br \/>\nOpremljene so z varnostno membrano za maksimalno higieno.<br \/>\nImajo eleganten dizajn in mehak gumijasti ro\u010daj, ki ponuja neprimerljivo udobje.<br \/>\nZa enkratno uporabo in sterilne, posami\u010dno pakirane.<\/p>\n<p>Paket 10 kosov<\/p>","protected":false},"excerpt":{"rendered":"<p>BodySupply Tattoo Cartridges. Te kartu\u0161e so opremljene z izjemno natan\u010dnim in kakovostnim koni\u010dastim delom, ki zagotavlja stabilnost igle. Opremljene so z varnostno membrano za maksimalno higieno. Imajo eleganten dizajn in mehak gumijasti ro\u010daj, ki ponuja neprimerljivo udobje. Za enkratno uporabo in sterilne, posami\u010dno pakirane. Paket 10 kosov<\/p>","protected":false},"featured_media":62602,"template":"","meta":{"_seopress_robots_primary_cat":"none","_seopress_titles_title":"","_seopress_titles_desc":"","_seopress_robots_index":""},"product_brand":[],"product_cat":[514,197],"product_tag":[],"class_list":{"0":"post-62598","1":"product","2":"type-product","3":"status-publish","4":"has-post-thumbnail","6":"product_cat-bodysupply-rubber-cartridge","7":"product_cat-igle-za-tetoviranje","8":"entry","9":"has-media","11":"first","12":"instock","13":"sale","14":"taxable","15":"shipping-taxable","16":"purchasable","17":"product-type-simple"},"_links":{"self":[{"href":"https:\/\/www.carantaniatattoo.com\/en\/wp-json\/wp\/v2\/product\/62598","targetHints":{"allow":["GET"]}}],"collection":[{"href":"https:\/\/www.carantaniatattoo.com\/en\/wp-json\/wp\/v2\/product"}],"about":[{"href":"https:\/\/www.carantaniatattoo.com\/en\/wp-json\/wp\/v2\/types\/product"}],"version-history":[{"count":0,"href":"https:\/\/www.carantaniatattoo.com\/en\/wp-json\/wp\/v2\/product\/62598\/revisions"}],"wp:featuredmedia":[{"embeddable":true,"href":"https:\/\/www.carantaniatattoo.com\/en\/wp-json\/wp\/v2\/media\/62602"}],"wp:attachment":[{"href":"https:\/\/www.carantaniatattoo.com\/en\/wp-json\/wp\/v2\/media?parent=62598"}],"wp:term":[{"taxonomy":"product_brand","embeddable":true,"href":"https:\/\/www.carantaniatattoo.com\/en\/wp-json\/wp\/v2\/product_brand?post=62598"},{"taxonomy":"product_cat","embeddable":true,"href":"https:\/\/www.carantaniatattoo.com\/en\/wp-json\/wp\/v2\/product_cat?post=62598"},{"taxonomy":"product_tag","embeddable":true,"href":"https:\/\/www.carantaniatattoo.com\/en\/wp-json\/wp\/v2\/product_tag?post=62598"}],"curies":[{"name":"wp","href":"https:\/\/api.w.org\/{rel}","templated":true}]}}