{"id":62635,"date":"2025-08-25T09:20:33","date_gmt":"2025-08-25T09:20:33","guid":{"rendered":"https:\/\/www.carantaniatattoo.com\/trgovina\/nekategorizirano\/capillary-magnum-soft-edge-20kom-copy\/"},"modified":"2025-11-25T07:02:06","modified_gmt":"2025-11-25T07:02:06","slug":"capillary-magnum-soft-edge-20kom-copy","status":"publish","type":"product","link":"https:\/\/www.carantaniatattoo.com\/en\/trgovina\/igle-za-tetoviranje\/cheyenne-capillary-20kom\/capillary-magnum-soft-edge-20-pcs\/","title":{"rendered":"CHEYENNE CAPILLARY SOFT EDGE MAGNUM 20kom"},"content":{"rendered":"<h4>Capillary Magnum Soft Edge 20 pcs<\/h4>\n<p>Inside the tip of the needle is a capillary with a reservoir. During filling, capillary cartridges absorb more ink than conventional cartridges. The result is up to 10 times longer ink flow before you dip the tattoo needle into the ink cap. Improved needle guidance allows extremely precise work in any direction. Capillary cartridges ensure even ink distribution on all individual needles, even in large magnum configurations. As a result, the surfaces are filled consistently, reliably and above all faster, which means less trauma to the tattooed skin.<br \/>\nThe needles are sterile packaged and intended for single use.<\/p>\n<p>ULTRA-PRECISION NEEDLES FOR LONGER INK FLOW<\/p>\n<ul>\n<li>tank for up to 10 times longer ink flow<\/li>\n<li>improved needle guidance for ultra-precise work<\/li>\n<li>uniform ink distribution of all individual tattoo needles for better results and less damage to the skin<\/li>\n<li>microscopic 100% quality control<\/li>\n<li>colored tips for easy identification of needle configuration<\/li>\n<li>the patented safety membrane prevents the ingress of blood and the associated cross-contamination<\/li>\n<li>manufactured according to the medical standard (ISO 13485) in Germany<\/li>\n<li>the tightness of the safety membrane in the cartridges complies with the requirements of the European standard EN 17169<\/li>\n<\/ul>\n<p>In a package of 20 pcs.<br \/>\nMade in Germany<\/p>","protected":false},"excerpt":{"rendered":"<p>Inside the tip of the needle is a capillary with a reservoir. During filling, capillary cartridges absorb more ink than conventional cartridges. The result is up to 10 times longer ink flow before you dip the tattoo needle into the ink cap. Improved needle guidance allows extremely precise work in any direction. Capillary cartridges ensure even ink distribution on all individual needles, even in large magnum configurations. As a result, the surfaces are filled consistently, reliably and above all faster, which means less trauma to the tattooed skin.<br \/>\nThe needles are sterile packaged and intended for single use.<\/p>","protected":false},"featured_media":35022,"template":"","meta":{"_seopress_robots_primary_cat":"none","_seopress_titles_title":"Capillary Magnum Soft Edge - Carantania Tattoo","_seopress_titles_desc":"Med polnjenjem kapilarne kartu\u0161e absorbirajo ve\u010d \u010drnila kot obi\u010dajne kartu\u0161e. Rezultat je do 10x dalj\u0161i pretok \u010drnila. Sterilno pakirane; enkratna uporaba.","_seopress_robots_index":""},"product_brand":[],"product_cat":[469,197],"product_tag":[],"class_list":{"0":"post-62635","1":"product","2":"type-product","3":"status-publish","4":"has-post-thumbnail","6":"product_cat-cheyenne-capillary-20kom","7":"product_cat-igle-za-tetoviranje","8":"entry","9":"has-media","11":"first","12":"instock","13":"sale","14":"taxable","15":"shipping-taxable","16":"purchasable","17":"product-type-variable"},"_links":{"self":[{"href":"https:\/\/www.carantaniatattoo.com\/en\/wp-json\/wp\/v2\/product\/62635","targetHints":{"allow":["GET"]}}],"collection":[{"href":"https:\/\/www.carantaniatattoo.com\/en\/wp-json\/wp\/v2\/product"}],"about":[{"href":"https:\/\/www.carantaniatattoo.com\/en\/wp-json\/wp\/v2\/types\/product"}],"version-history":[{"count":0,"href":"https:\/\/www.carantaniatattoo.com\/en\/wp-json\/wp\/v2\/product\/62635\/revisions"}],"wp:featuredmedia":[{"embeddable":true,"href":"https:\/\/www.carantaniatattoo.com\/en\/wp-json\/wp\/v2\/media\/35022"}],"wp:attachment":[{"href":"https:\/\/www.carantaniatattoo.com\/en\/wp-json\/wp\/v2\/media?parent=62635"}],"wp:term":[{"taxonomy":"product_brand","embeddable":true,"href":"https:\/\/www.carantaniatattoo.com\/en\/wp-json\/wp\/v2\/product_brand?post=62635"},{"taxonomy":"product_cat","embeddable":true,"href":"https:\/\/www.carantaniatattoo.com\/en\/wp-json\/wp\/v2\/product_cat?post=62635"},{"taxonomy":"product_tag","embeddable":true,"href":"https:\/\/www.carantaniatattoo.com\/en\/wp-json\/wp\/v2\/product_tag?post=62635"}],"curies":[{"name":"wp","href":"https:\/\/api.w.org\/{rel}","templated":true}]}}