{"id":62681,"date":"2025-08-25T12:08:48","date_gmt":"2025-08-25T12:08:48","guid":{"rendered":"https:\/\/www.carantaniatattoo.com\/trgovina\/nekategorizirano\/cheyenne-liner-20kom-kopija-copy\/"},"modified":"2026-03-24T07:48:25","modified_gmt":"2026-03-24T07:48:25","slug":"cheyenne-liner-20kom-kopija-copy","status":"publish","type":"product","link":"https:\/\/www.carantaniatattoo.com\/en\/trgovina\/igle-za-tetoviranje\/cheyenne-safety-cartridges-20kom\/cheyenne-liner-20-pieces-copy\/","title":{"rendered":"CHEYENNE SAFETY Liner 20kom"},"content":{"rendered":"<h4>Cheyenne Liner 20kom 0.20mm, 0.25mm in 0.30mm<\/h4>\n<p>Cheyenne \u2013 SAFETY CARTRIDGES developed especially for you. By using Cheyenne cartridges, the only limits will be the ones you set for yourself! There are already 56 configurations of Cheyenne tattoo cartridges and they can support any style of tattooing. Compared to classic tattoo needles, in addition to being easier to use, there is also less movement of the needles during tattooing, so you only have to enjoy your perfection! With the smart cartridge system of Cheyenne safety cartridges, you save time, space, ensure a higher level of hygiene and are aware that each individual module is assembled and inspected in Germany.<br \/>\nIn a package of 20 pcs.<br \/>\nMade in Germany<\/p>","protected":false},"excerpt":{"rendered":"<h4>Cheyenne Liner 20 pieces 0.30mm and 0.25mm<\/h4>\n<p>Cheyenne &#8211; SAFETY CARTRIDGES<br \/>\nWith the smart cartridge system of Cheyenne safety cartridges, you save time and space, ensure a higher level of hygiene, and you are aware that each individual module is assembled and inspected in Germany.<br \/>\nIn a package of 20 pcs.<\/p>","protected":false},"featured_media":35173,"template":"","meta":{"_seopress_robots_primary_cat":"none","_seopress_titles_title":"Cheyenne Liner 20kom\u00a00,30mm in 0,25mm - Carantania Tattoo","_seopress_titles_desc":"S kartu\u0161nim sistemom safety cartridges prihranite \u010das,prostor,poskrbite za vi\u0161ji nivo higijene in se zavedate,da je vsak posamezni modul sestavljen in pregledan","_seopress_robots_index":""},"product_brand":[],"product_cat":[293,197],"product_tag":[],"class_list":{"0":"post-62681","1":"product","2":"type-product","3":"status-publish","4":"has-post-thumbnail","6":"product_cat-cheyenne-safety-cartridges-20kom","7":"product_cat-igle-za-tetoviranje","8":"entry","9":"has-media","11":"first","12":"instock","13":"sale","14":"taxable","15":"shipping-taxable","16":"purchasable","17":"product-type-variable"},"_links":{"self":[{"href":"https:\/\/www.carantaniatattoo.com\/en\/wp-json\/wp\/v2\/product\/62681","targetHints":{"allow":["GET"]}}],"collection":[{"href":"https:\/\/www.carantaniatattoo.com\/en\/wp-json\/wp\/v2\/product"}],"about":[{"href":"https:\/\/www.carantaniatattoo.com\/en\/wp-json\/wp\/v2\/types\/product"}],"version-history":[{"count":0,"href":"https:\/\/www.carantaniatattoo.com\/en\/wp-json\/wp\/v2\/product\/62681\/revisions"}],"wp:featuredmedia":[{"embeddable":true,"href":"https:\/\/www.carantaniatattoo.com\/en\/wp-json\/wp\/v2\/media\/35173"}],"wp:attachment":[{"href":"https:\/\/www.carantaniatattoo.com\/en\/wp-json\/wp\/v2\/media?parent=62681"}],"wp:term":[{"taxonomy":"product_brand","embeddable":true,"href":"https:\/\/www.carantaniatattoo.com\/en\/wp-json\/wp\/v2\/product_brand?post=62681"},{"taxonomy":"product_cat","embeddable":true,"href":"https:\/\/www.carantaniatattoo.com\/en\/wp-json\/wp\/v2\/product_cat?post=62681"},{"taxonomy":"product_tag","embeddable":true,"href":"https:\/\/www.carantaniatattoo.com\/en\/wp-json\/wp\/v2\/product_tag?post=62681"}],"curies":[{"name":"wp","href":"https:\/\/api.w.org\/{rel}","templated":true}]}}