{"id":62856,"date":"2025-08-28T06:57:10","date_gmt":"2025-08-28T06:57:10","guid":{"rendered":"https:\/\/www.carantaniatattoo.com\/?post_type=product&#038;p=62856"},"modified":"2025-10-23T18:37:25","modified_gmt":"2025-10-23T18:37:25","slug":"proton-evolution-soap-numbing-effect-1000ml","status":"publish","type":"product","link":"https:\/\/www.carantaniatattoo.com\/en\/trgovina\/hygiene\/mila\/proton-evolution-soap-numbing-effect-1000ml\/","title":{"rendered":"Proton EVOLUTION Soap Numbing Effect 1000ml"},"content":{"rendered":"<p>Odkrijte Proton Evolution Soap Numbing Effect \u2013 milo, ki ve, kaj dela! Ne samo, da u\u010dinkovito o\u010disti ko\u017eo med tetoviranjem, ampak tudi zagotavlja prijeten ob\u010dutek hlajenja. Va\u0161i stranke se lahko sprostijo, namesto da se zvijajo!<\/p>\n<p>Ni ga treba razred\u010diti \u2013 pripravljen je za uporabo takoj iz stekleni\u010dke. Pomirja in bla\u017ei dra\u017eenje ko\u017ee zahvaljujo\u010d izvle\u010dku Astragalus membranaceus. Aloe vera in pantenol ko\u017eo globoko navla\u017eita in negujeta, mentol pa zagotavlja osve\u017eujo\u010d in spro\u0161\u010dujo\u010d ob\u010dutek.<\/p>\n<p>Z Proton Soap Numbing Effect se lahko osredoto\u010dite na svoje delo, va\u0161i stranke pa se bodo po\u010dutile udobno od za\u010detka do konca.<\/p>\n<p>Klju\u010dne lastnosti:<\/p>\n<p>Prijeten ob\u010dutek hlajenja<br \/>\nPomirja dra\u017eenje in podpira obnovo ko\u017ee<br \/>\nGloboko vla\u017ei in pomirja<br \/>\nVsebina: 1000 ml<\/p>","protected":false},"excerpt":{"rendered":"<p>Odkrijte Proton Evolution Soap Numbing Effect \u2013 milo, ki ve, kaj dela! Ne samo, da u\u010dinkovito o\u010disti ko\u017eo med tetoviranjem, ampak tudi zagotavlja prijeten ob\u010dutek hlajenja. Va\u0161i stranke se lahko sprostijo, namesto da se zvijajo! Ni ga treba razred\u010diti \u2013 pripravljen je za uporabo takoj iz stekleni\u010dke. Pomirja in bla\u017ei dra\u017eenje ko\u017ee zahvaljujo\u010d izvle\u010dku Astragalus [&hellip;]<\/p>","protected":false},"featured_media":62859,"template":"","meta":{"_seopress_robots_primary_cat":"none","_seopress_titles_title":"","_seopress_titles_desc":"","_seopress_robots_index":""},"product_brand":[],"product_cat":[477,239,485],"product_tag":[],"class_list":{"0":"post-62856","1":"product","2":"type-product","3":"status-publish","4":"has-post-thumbnail","6":"product_cat-izpostavljeni-izdelki","7":"product_cat-mila","8":"product_cat-novosti","9":"entry","10":"has-media","12":"first","13":"instock","14":"sale","15":"taxable","16":"shipping-taxable","17":"purchasable","18":"product-type-simple"},"_links":{"self":[{"href":"https:\/\/www.carantaniatattoo.com\/en\/wp-json\/wp\/v2\/product\/62856","targetHints":{"allow":["GET"]}}],"collection":[{"href":"https:\/\/www.carantaniatattoo.com\/en\/wp-json\/wp\/v2\/product"}],"about":[{"href":"https:\/\/www.carantaniatattoo.com\/en\/wp-json\/wp\/v2\/types\/product"}],"version-history":[{"count":0,"href":"https:\/\/www.carantaniatattoo.com\/en\/wp-json\/wp\/v2\/product\/62856\/revisions"}],"wp:featuredmedia":[{"embeddable":true,"href":"https:\/\/www.carantaniatattoo.com\/en\/wp-json\/wp\/v2\/media\/62859"}],"wp:attachment":[{"href":"https:\/\/www.carantaniatattoo.com\/en\/wp-json\/wp\/v2\/media?parent=62856"}],"wp:term":[{"taxonomy":"product_brand","embeddable":true,"href":"https:\/\/www.carantaniatattoo.com\/en\/wp-json\/wp\/v2\/product_brand?post=62856"},{"taxonomy":"product_cat","embeddable":true,"href":"https:\/\/www.carantaniatattoo.com\/en\/wp-json\/wp\/v2\/product_cat?post=62856"},{"taxonomy":"product_tag","embeddable":true,"href":"https:\/\/www.carantaniatattoo.com\/en\/wp-json\/wp\/v2\/product_tag?post=62856"}],"curies":[{"name":"wp","href":"https:\/\/api.w.org\/{rel}","templated":true}]}}