{"id":62862,"date":"2025-08-28T07:04:41","date_gmt":"2025-08-28T07:04:41","guid":{"rendered":"https:\/\/www.carantaniatattoo.com\/?post_type=product&#038;p=62862"},"modified":"2025-10-23T08:25:08","modified_gmt":"2025-10-23T08:25:08","slug":"proton-evolution-foam-numbing-effect-220-ml","status":"publish","type":"product","link":"https:\/\/www.carantaniatattoo.com\/en\/trgovina\/hygiene\/mila\/proton-evolution-foam-numbing-effect-220-ml\/","title":{"rendered":"Proton EVOLUTION Foam Numbing Effect &#8211; 220 ml"},"content":{"rendered":"<p>Proton Evolution Foam \u2013 veganska, puhasta pena, zasnovana za zagotavljanje udobja med celotnim tetoviranjem. Zahvaljujo\u010d svoji hladilni formuli je prava olaj\u0161ava tako za tetovatorja kot za stranko.<\/p>\n<p>Pena ne\u017eno o\u010disti in osve\u017ei ko\u017eo, hkrati pa pomirja dra\u017eenje in zmanj\u0161uje nelagodje. Naravni izvle\u010dek Astragalus membranaceus pomaga pomiriti vnetje in podpira regeneracijo ko\u017ee. Mentol zagotavlja takoj\u0161njo olaj\u0161avo, osve\u017eujo\u010d ob\u010dutek in prijeten hladilni u\u010dinek. Aloe vera in pantenol globoko vla\u017eita in ustvarjata trajno za\u0161\u010dito.<\/p>\n<p>S Proton Foamer Numbing Effect se lahko osredoto\u010dite na tetoviranje, medtem ko va\u0161i stranke ostanejo udobne \u2013 in se z veseljem vra\u010dajo!<\/p>\n<p>Klju\u010dne lastnosti:<\/p>\n<p>Prijeten hladilni u\u010dinek<br \/>\nManj dra\u017eenja, ve\u010d udobja<br \/>\nOsve\u017euje, vla\u017ei in \u0161\u010diti<br \/>\nVsebina: 220 ml<\/p>","protected":false},"excerpt":{"rendered":"<p>Proton Evolution Foam \u2013 veganska, puhasta pena, zasnovana za zagotavljanje udobja med celotnim tetoviranjem. Zahvaljujo\u010d svoji hladilni formuli je prava olaj\u0161ava tako za tetovatorja kot za stranko. Pena ne\u017eno o\u010disti in osve\u017ei ko\u017eo, hkrati pa pomirja dra\u017eenje in zmanj\u0161uje nelagodje. Naravni izvle\u010dek Astragalus membranaceus pomaga pomiriti vnetje in podpira regeneracijo ko\u017ee. Mentol zagotavlja takoj\u0161njo olaj\u0161avo, [&hellip;]<\/p>","protected":false},"featured_media":62865,"template":"","meta":{"_seopress_robots_primary_cat":"none","_seopress_titles_title":"","_seopress_titles_desc":"","_seopress_robots_index":""},"product_brand":[],"product_cat":[477,239,485],"product_tag":[],"class_list":{"0":"post-62862","1":"product","2":"type-product","3":"status-publish","4":"has-post-thumbnail","6":"product_cat-izpostavljeni-izdelki","7":"product_cat-mila","8":"product_cat-novosti","9":"entry","10":"has-media","12":"first","13":"instock","14":"sale","15":"taxable","16":"shipping-taxable","17":"purchasable","18":"product-type-simple"},"_links":{"self":[{"href":"https:\/\/www.carantaniatattoo.com\/en\/wp-json\/wp\/v2\/product\/62862","targetHints":{"allow":["GET"]}}],"collection":[{"href":"https:\/\/www.carantaniatattoo.com\/en\/wp-json\/wp\/v2\/product"}],"about":[{"href":"https:\/\/www.carantaniatattoo.com\/en\/wp-json\/wp\/v2\/types\/product"}],"version-history":[{"count":0,"href":"https:\/\/www.carantaniatattoo.com\/en\/wp-json\/wp\/v2\/product\/62862\/revisions"}],"wp:featuredmedia":[{"embeddable":true,"href":"https:\/\/www.carantaniatattoo.com\/en\/wp-json\/wp\/v2\/media\/62865"}],"wp:attachment":[{"href":"https:\/\/www.carantaniatattoo.com\/en\/wp-json\/wp\/v2\/media?parent=62862"}],"wp:term":[{"taxonomy":"product_brand","embeddable":true,"href":"https:\/\/www.carantaniatattoo.com\/en\/wp-json\/wp\/v2\/product_brand?post=62862"},{"taxonomy":"product_cat","embeddable":true,"href":"https:\/\/www.carantaniatattoo.com\/en\/wp-json\/wp\/v2\/product_cat?post=62862"},{"taxonomy":"product_tag","embeddable":true,"href":"https:\/\/www.carantaniatattoo.com\/en\/wp-json\/wp\/v2\/product_tag?post=62862"}],"curies":[{"name":"wp","href":"https:\/\/api.w.org\/{rel}","templated":true}]}}