{"id":63374,"date":"2025-09-29T16:47:33","date_gmt":"2025-09-29T16:47:33","guid":{"rendered":"https:\/\/www.carantaniatattoo.com\/?post_type=product&#038;p=63374"},"modified":"2025-09-29T16:49:13","modified_gmt":"2025-09-29T16:49:13","slug":"saferly-skull-16-mm-ink-cups","status":"publish","type":"product","link":"https:\/\/www.carantaniatattoo.com\/en\/trgovina\/pripomocki-za-delo\/posodice-za-barve-in-igle\/saferly-skull-16-mm-ink-cups\/","title":{"rendered":"Saferly Skull 16 mm Ink Cups- 200 kom"},"content":{"rendered":"<p>Saferly Skull Ink Cups so odli\u010den na\u010din za shranjevanje in me\u0161anje \u010drnila med delom! 3D-oblikovana lobanja stoji na ravni plasti\u010dni podlagi in ima na vrhu \u0161iroko odprtino za dostop do \u010drnila in igle.<\/p>\n<p>Izdelani so iz trpe\u017ene polipropilenske plastike in so na voljo v roza, \u010drni ali beli barvi. Ti edinstveno oblikovani lon\u010dki za \u010drnilo bodo na va\u0161em delovnem mestu pustili mo\u010dan vtis!<\/p>\n<p>Izberite \u017eeleno barvo.<\/p>\n<p>Klju\u010dne lastnosti:<\/p>\n<p>Barva: \u010drna ali roza<br \/>\nDol\u017eina podstavka: 16 mm<br \/>\nIzdelani iz polipropilenske plastike<br \/>\nPakiranje po 200 kosov<br \/>\nProizvajalec: Saferly<\/p>","protected":false},"excerpt":{"rendered":"<p>Saferly Skull Ink Cups so odli\u010den na\u010din za shranjevanje in me\u0161anje \u010drnila med delom! 3D-oblikovana lobanja stoji na ravni plasti\u010dni podlagi in ima na vrhu \u0161iroko odprtino za dostop do \u010drnila in igle. Izdelani so iz trpe\u017ene polipropilenske plastike in so na voljo v roza, \u010drni ali beli barvi. Ti edinstveno oblikovani lon\u010dki za \u010drnilo [&hellip;]<\/p>","protected":false},"featured_media":63376,"template":"","meta":{"_seopress_robots_primary_cat":"none","_seopress_titles_title":"","_seopress_titles_desc":"","_seopress_robots_index":""},"product_brand":[],"product_cat":[223,209],"product_tag":[],"class_list":{"0":"post-63374","1":"product","2":"type-product","3":"status-publish","4":"has-post-thumbnail","6":"product_cat-posodice-za-barve-in-igle","7":"product_cat-pripomocki-za-delo","8":"entry","9":"has-media","11":"first","12":"instock","13":"sale","14":"taxable","15":"shipping-taxable","16":"purchasable","17":"product-type-variable"},"_links":{"self":[{"href":"https:\/\/www.carantaniatattoo.com\/en\/wp-json\/wp\/v2\/product\/63374","targetHints":{"allow":["GET"]}}],"collection":[{"href":"https:\/\/www.carantaniatattoo.com\/en\/wp-json\/wp\/v2\/product"}],"about":[{"href":"https:\/\/www.carantaniatattoo.com\/en\/wp-json\/wp\/v2\/types\/product"}],"version-history":[{"count":0,"href":"https:\/\/www.carantaniatattoo.com\/en\/wp-json\/wp\/v2\/product\/63374\/revisions"}],"wp:featuredmedia":[{"embeddable":true,"href":"https:\/\/www.carantaniatattoo.com\/en\/wp-json\/wp\/v2\/media\/63376"}],"wp:attachment":[{"href":"https:\/\/www.carantaniatattoo.com\/en\/wp-json\/wp\/v2\/media?parent=63374"}],"wp:term":[{"taxonomy":"product_brand","embeddable":true,"href":"https:\/\/www.carantaniatattoo.com\/en\/wp-json\/wp\/v2\/product_brand?post=63374"},{"taxonomy":"product_cat","embeddable":true,"href":"https:\/\/www.carantaniatattoo.com\/en\/wp-json\/wp\/v2\/product_cat?post=63374"},{"taxonomy":"product_tag","embeddable":true,"href":"https:\/\/www.carantaniatattoo.com\/en\/wp-json\/wp\/v2\/product_tag?post=63374"}],"curies":[{"name":"wp","href":"https:\/\/api.w.org\/{rel}","templated":true}]}}