{"id":3,"date":"2020-11-22T16:02:05","date_gmt":"2020-11-22T16:02:05","guid":{"rendered":"https:\/\/www.myland.shop\/?page_id=3"},"modified":"2022-03-07T11:52:10","modified_gmt":"2022-03-07T11:52:10","slug":"privacy-policy","status":"publish","type":"page","link":"https:\/\/www.carantaniatattoo.com\/hr\/politika-privatnosti\/","title":{"rendered":"Privacy Policy"},"content":{"rendered":"<div data-elementor-type=\"wp-page\" data-elementor-id=\"3\" class=\"elementor elementor-3\" data-elementor-post-type=\"page\">\n\t\t\t\t\t\t<section class=\"elementor-section elementor-top-section elementor-element elementor-element-4af25f24 elementor-section-boxed elementor-section-height-default elementor-section-height-default\" data-id=\"4af25f24\" data-element_type=\"section\" data-settings=\"{&quot;jet_parallax_layout_list&quot;:[{&quot;jet_parallax_layout_image&quot;:{&quot;url&quot;:&quot;&quot;,&quot;id&quot;:&quot;&quot;,&quot;size&quot;:&quot;&quot;},&quot;_id&quot;:&quot;5b6f225&quot;,&quot;jet_parallax_layout_image_tablet&quot;:{&quot;url&quot;:&quot;&quot;,&quot;id&quot;:&quot;&quot;,&quot;size&quot;:&quot;&quot;},&quot;jet_parallax_layout_image_mobile&quot;:{&quot;url&quot;:&quot;&quot;,&quot;id&quot;:&quot;&quot;,&quot;size&quot;:&quot;&quot;},&quot;jet_parallax_layout_speed&quot;:{&quot;unit&quot;:&quot;%&quot;,&quot;size&quot;:50,&quot;sizes&quot;:[]},&quot;jet_parallax_layout_type&quot;:&quot;scroll&quot;,&quot;jet_parallax_layout_direction&quot;:&quot;1&quot;,&quot;jet_parallax_layout_fx_direction&quot;:null,&quot;jet_parallax_layout_z_index&quot;:&quot;&quot;,&quot;jet_parallax_layout_bg_x&quot;:50,&quot;jet_parallax_layout_bg_x_tablet&quot;:&quot;&quot;,&quot;jet_parallax_layout_bg_x_mobile&quot;:&quot;&quot;,&quot;jet_parallax_layout_bg_y&quot;:50,&quot;jet_parallax_layout_bg_y_tablet&quot;:&quot;&quot;,&quot;jet_parallax_layout_bg_y_mobile&quot;:&quot;&quot;,&quot;jet_parallax_layout_bg_size&quot;:&quot;auto&quot;,&quot;jet_parallax_layout_bg_size_tablet&quot;:&quot;&quot;,&quot;jet_parallax_layout_bg_size_mobile&quot;:&quot;&quot;,&quot;jet_parallax_layout_animation_prop&quot;:&quot;transform&quot;,&quot;jet_parallax_layout_on&quot;:[&quot;desktop&quot;,&quot;tablet&quot;]}]}\">\n\t\t\t\t\t\t<div class=\"elementor-container elementor-column-gap-default\">\n\t\t\t\t\t<div class=\"elementor-column elementor-col-100 elementor-top-column elementor-element elementor-element-6bdcb63\" data-id=\"6bdcb63\" data-element_type=\"column\">\n\t\t\t<div class=\"elementor-widget-wrap elementor-element-populated\">\n\t\t\t\t\t\t<div class=\"elementor-element elementor-element-7c11507 elementor-widget elementor-widget-heading\" data-id=\"7c11507\" data-element_type=\"widget\" data-widget_type=\"heading.default\">\n\t\t\t\t<div class=\"elementor-widget-container\">\n\t\t\t\t\t<h2 class=\"elementor-heading-title elementor-size-default\">OP\u0106I UVJETI POSLOVANJA<\/h2>\t\t\t\t<\/div>\n\t\t\t\t<\/div>\n\t\t\t\t<div class=\"elementor-element elementor-element-46b635e8 elementor-widget elementor-widget-text-editor\" data-id=\"46b635e8\" data-element_type=\"widget\" data-widget_type=\"text-editor.default\">\n\t\t\t\t<div class=\"elementor-widget-container\">\n\t\t\t\t\t\t\t\t\t<p>Op\u0107i uvjeti poslovanja Larome internet trgovine sastavljeni su u skladu sa zakonskim obvezama i me\u0111unarodnim smjernicama za e-poslovanje, koje zastupa i Zveza potro\u0161a\u010da Slovenije, a odre\u0111uju na\u010din rada Larome internet trgovine, prava i obveze korisnika i trgovine, te ure\u0111uju poslovni odnos izme\u0111u Larome internet trgovine i kupaca.<\/p>\n<p><\/p>\n<h3><strong>NA\u010cINI PLA\u0106ANJA I TRO\u0160KOVI DOSTAVE<\/strong><\/h3>\n<p>Kod narud\u017ebe proizvoda do 30 eura, kupac pla\u0107a po\u0161tarinu u iznosu od 3,50 eura po po\u0161iljci. Za kupovinu iznad 30,00 eura pla\u0107amo po\u0161tarinu. Narud\u017ebom putem web stranice sla\u017eete se da ste FIZI\u010cKA osoba i da kupujete proizvode za osobnu upotrebu.<\/p>\n<p>&nbsp;Sve cijene su izra\u017eene u EUR i kona\u010dne su cijene. 22% PDV je uklju\u010den u cijenu proizvoda.<\/p>\n<p><strong>Trgovina omogu\u0107uje pru\u017eatelju sljede\u0107e na\u010dine pla\u0107anja:<\/strong><\/p>\n<p>1. PLATNA KARTICA<\/p>\n<p>Pla\u0107anje platnom ili kreditnom karticom (npr. Eurocard\/Mastercard ili Visa) je odmah po zavr\u0161etku narud\u017ebe. Pla\u0107anje vr\u0161imo putem Stripe sustava<\/p>\n<ol start=\"2\">\n<li>UNOV\u010cITI<\/li>\n<\/ol>\n<p>Pla\u0107anje u gotovini u na\u0161e ime vr\u0161i dostavna slu\u017eba Po\u0161te Slovenije prilikom dostave po\u0161iljke. Tro\u0161ak usluge gotovinskog pla\u0107anja napla\u0107uje se dodatnih 2 eura zbog tro\u0161kova usluge Po\u0161te Slovenije.<\/p>\n<ol start=\"3\">\n<li>OBRA\u010cUN NEKRETNINE<\/li>\n<\/ol>\n<p>Pla\u0107anje putem ra\u010duna mogu\u0107e je nakon primitka ra\u010duna na Va\u0161 e-mail. Nakon primitka transfera na na\u0161 TRR, va\u0161a \u0107e narud\u017eba biti poslana.<\/p>\n<p>Pla\u0107anje putem na\u0161eg sustava pla\u0107anja sigurno je jer zadovoljava sigurnosne standarde.<\/p>\n<p><strong>&nbsp;<\/strong><\/p>\n<h3><strong>VRIJEME ISPORUKE<\/strong><\/h3>\n<p>U online trgovini se maksimalno trudimo da artikli naru\u010deni u Larome online trgovini \u0161to br\u017ee stignu do na\u0161ih kupaca. Ako su samo ove na zalihi, bit \u0107e poslane isti dan, \u0161to zna\u010di da \u0107ete ih dobiti na ku\u0107nu adresu u roku od 1-2 radna dana. Dostavu za Larome internet trgovinu vr\u0161i Po\u0161ta Slovenije, \u0161to zna\u010di da naru\u010dene proizvode dostavlja po\u0161tar na adresu primatelja koju ste naveli prilikom narud\u017ebe. Isporuke se u pravilu obavljaju u jutarnjim satima. U slu\u010daju da ne mo\u017eete preuzeti paket, po\u0161tar \u0107e Vam ostaviti poruku s kojom mo\u017eete kasnije preuzeti paket u najbli\u017eoj Po\u0161ti Slovenije.<\/p>\n<p><\/p>\n<h3><strong>PRAVO NA ODUSTAJANJE OD KUPNJE \/ POVRAT PROIZVODA \/ REKLAMACIJU<\/strong><\/h3>\n<p>Nakon predaje narud\u017ebe, kupac putem e-maila dobiva obavijest da je narud\u017eba prihva\u0107ena. Ukoliko kupac ne otka\u017ee narud\u017ebu, narud\u017eba ide u daljnju obradu. Ugovor o kupoprodaji proizvoda izme\u0111u kupca i ponu\u0111a\u010da u ovoj je fazi neopozivo sklopljen. Ponuditelj mo\u017ee kontaktirati kupca radi provjere podataka, nejasno\u0107e narud\u017ebe ili radi osiguranja to\u010dnosti isporuke.<\/p>\n<p>Kupac ima pravo odustati od narud\u017ebe ili ugovora na daljinu bez navo\u0111enja razloga za svoju odluku. U tom slu\u010daju kupac mora \u0161to prije, a najkasnije u roku od 7 dana, na na\u0161u e-mail adresu javiti namjeru povrata proizvoda.&nbsp;<a href=\"mailto:prodaja@areal-parfumi.si\">info@larome.si<\/a>, a mi \u0107emo vam dostaviti upute za povrat.<\/p>\n<p>U roku od 14 dana od pismene poruke, kupac je du\u017ean robu vratiti neo\u0161te\u0107enu, u originalnom pakiranju, u istoj koli\u010dini i s prilo\u017eenim ra\u010dunom. Povrat kupoprodajne cijene bit \u0107e izvr\u0161en u najkra\u0107em mogu\u0107em roku, a najkasnije u roku od 14 dana od primitka obavijesti o odustajanju od ugovora, odnosno najkasnije u roku od 14 dana od primitka vra\u0107enog proizvoda. Tro\u0161ak dostave koji je napla\u0107en prilikom kupnje nije uklju\u010den u povrat novca. Tro\u0161kove povrata robe snosi korisnik.&nbsp;<\/p>\n<p>Va\u0161a kupnja je prakti\u010dki bez rizika. Reklamacije i povrati su vrlo rijetki, ali ponekad se jednostavno dogodi da proizvod ne odgovara. Iznimno, po dogovoru, mogu\u0107a je zamjena proizvoda ili povrat kupoprodajne cijene \u010dak i ako ste proizvod ve\u0107 koristili, ali vam ne odgovori u roku od 60 dana nakon kupnje. Me\u0111utim, u ovom slu\u010daju ne smije nedostajati vi\u0161e od 5% od ukupne koli\u010dine proizvoda.<\/p>\n<p>Zadovoljstvo kupaca nam je jako va\u017eno, stoga svaki povrat ili reklamaciju rje\u0161avamo individualno, a ujedno nastojimo sve sporove rije\u0161iti mirnim putem.<\/p>\n<p><\/p>\n<h3><strong>ZA\u0160TITA OSOBNIH PODATAKA<\/strong><\/h3>\n<p><strong><br><\/strong>Potisk doo u Larome internet trgovini prikuplja i obra\u0111uje sljede\u0107e osobne podatke: ime, prezime, adresa, GSM i email adresa. Navedene osobne podatke prikupljamo i obra\u0111ujemo u svrhu izvr\u0161enja i dostave online narud\u017ebi, rje\u0161avanja eventualnih problema prije i nakon obavljene kupnje putem interneta, analize i prou\u010davanja kupovnih navika te provo\u0111enja ciljanog marketinga. Kako bismo sprije\u010dili neovla\u0161teni pristup dobivenim podacima ili njihovo otkrivanje, odr\u017eali to\u010dnost osobnih podataka i osigurali njihovu primjerenu upotrebu, koristimo se odgovaraju\u0107im tehni\u010dkim i organizacijskim postupcima za za\u0161titu podataka koje prikupljamo. Korisnik internetske trgovine mo\u017ee u svakom trenutku zatra\u017eiti od voditelja obrade osobnih podataka prestanak obrade gore navedenih podataka. Koristimo analitiku.<\/p>\n<p>Ako imate bilo kakvih pitanja u vezi s na\u0161om politikom privatnosti ili na\u010dinom na koji se postupa s va\u0161im osobnim podacima, slobodno se obratite na\u0161im predstavnicima za privatnost.<\/p>\n<p>Na temelju Va\u0161eg zahtjeva odmah \u0107emo Vas obavijestiti - pisanim putem i u skladu s va\u017ee\u0107im zakonom - koji su osobni podaci, ako ih ima, prikupljeni tijekom Va\u0161eg posjeta Larome online trgovini.<br>Ovla\u0161tena osoba za za\u0161titu osobnih podataka Potisk doo je Janez Potisk.<\/p>\n<p>Op\u0107i uvjeti vrijede od 23.09.2021. do izmjene ili poni\u0161tenja.<\/p>\t\t\t\t\t\t\t\t<\/div>\n\t\t\t\t<\/div>\n\t\t\t\t\t<\/div>\n\t\t<\/div>\n\t\t\t\t\t<\/div>\n\t\t<\/section>\n\t\t\t\t<\/div>","protected":false},"excerpt":{"rendered":"<p>SPLO\u0160NI POGOJI POSLOVANJA Splo\u0161ni pogoji poslovanja spletne trgovine Larome so sestavljeni v skladu z zakonskimi obveznostmi in mednarodnimi smernicami za e-poslovanje, ki jih zastopa tudi Zveza potro\u0161nikov Slovenije ter dolo\u010dajo delovanje spletne trgovine Larome, pravice in obveznosti uporabnika in trgovine ter urejajo poslovni odnos med spletno trgovino Larome in kupcem. NA\u010cINI PLA\u010cILA in STRO\u0160EK DOSTAVE [&hellip;]<\/p>","protected":false},"author":1,"featured_media":0,"parent":0,"menu_order":0,"comment_status":"closed","ping_status":"closed","template":"","meta":{"_seopress_robots_primary_cat":"","_seopress_titles_title":"","_seopress_titles_desc":"","_seopress_robots_index":"","footnotes":""},"class_list":["post-3","page","type-page","status-publish","hentry","entry"],"_links":{"self":[{"href":"https:\/\/www.carantaniatattoo.com\/hr\/wp-json\/wp\/v2\/pages\/3","targetHints":{"allow":["GET"]}}],"collection":[{"href":"https:\/\/www.carantaniatattoo.com\/hr\/wp-json\/wp\/v2\/pages"}],"about":[{"href":"https:\/\/www.carantaniatattoo.com\/hr\/wp-json\/wp\/v2\/types\/page"}],"author":[{"embeddable":true,"href":"https:\/\/www.carantaniatattoo.com\/hr\/wp-json\/wp\/v2\/users\/1"}],"replies":[{"embeddable":true,"href":"https:\/\/www.carantaniatattoo.com\/hr\/wp-json\/wp\/v2\/comments?post=3"}],"version-history":[{"count":0,"href":"https:\/\/www.carantaniatattoo.com\/hr\/wp-json\/wp\/v2\/pages\/3\/revisions"}],"wp:attachment":[{"href":"https:\/\/www.carantaniatattoo.com\/hr\/wp-json\/wp\/v2\/media?parent=3"}],"curies":[{"name":"wp","href":"https:\/\/api.w.org\/{rel}","templated":true}]}}