{"id":44208,"date":"2022-09-27T11:30:43","date_gmt":"2022-09-27T11:30:43","guid":{"rendered":"https:\/\/www.carantaniatattoo.com\/?page_id=44208"},"modified":"2022-11-10T08:25:16","modified_gmt":"2022-11-10T08:25:16","slug":"novice","status":"publish","type":"page","link":"https:\/\/www.carantaniatattoo.com\/hr\/vijesti\/","title":{"rendered":"VIJESTI"},"content":{"rendered":"<div data-elementor-type=\"wp-page\" data-elementor-id=\"44208\" class=\"elementor elementor-44208\" data-elementor-post-type=\"page\">\n\t\t\t\t\t\t<section class=\"elementor-section elementor-top-section elementor-element elementor-element-1a09fdb elementor-section-boxed elementor-section-height-default elementor-section-height-default\" data-id=\"1a09fdb\" data-element_type=\"section\" data-settings=\"{&quot;jet_parallax_layout_list&quot;:[]}\">\n\t\t\t\t\t\t<div class=\"elementor-container elementor-column-gap-default\">\n\t\t\t\t\t<div class=\"elementor-column elementor-col-100 elementor-top-column elementor-element elementor-element-a070b5c\" data-id=\"a070b5c\" data-element_type=\"column\">\n\t\t\t<div class=\"elementor-widget-wrap elementor-element-populated\">\n\t\t\t\t\t\t<div class=\"elementor-element elementor-element-e3b46b7 elementor-widget elementor-widget-text-editor\" data-id=\"e3b46b7\" data-element_type=\"widget\" data-widget_type=\"text-editor.default\">\n\t\t\t\t<div class=\"elementor-widget-container\">\n\t\t\t\t\t\t\t\t\t<h1><strong>UREDBA O DOSEGU<\/strong><\/h1>\n<p>Iz <strong>4. sije\u010dnja 2022<\/strong>&nbsp;uredba je na snazi<strong> DOSEG \u2013 kori\u0161tenje boja\/mje\u0161avina za tetoviranje.<\/strong> Novi zakon, izme\u0111u ostalog, ograni\u010dava kori\u0161tenje odre\u0111enih pigmenata i konzervansa u tinti za tetoviranje. Jedna od zabranjenih supstanci je izopropanol. Tinte koje sadr\u017ee ovu komponentu vi\u0161e se ne smiju koristiti od 4. sije\u010dnja 2022. nadalje.&nbsp;<\/p>\n<p>Pigmenti &quot;Blue 15:3&quot; i &quot;Green 7&quot; imaju prijelazno razdoblje i to do <strong>Sije\u010danj 2023<\/strong>.&nbsp;<\/p>\n<p><\/p>\n<p><strong>NA VA\u0160E ZNANJE<\/strong><\/p>\n<p>Spomenuti pigmenti (plavi 15:3 i zeleni 7) tako\u0111er se koriste u novim smjesama za tetoviranje (nove kolekcije proizvo\u0111a\u010da) te \u0107e tako\u0111er biti zabranjeni od sije\u010dnja 2023. godine.&nbsp;<strong><span style=\"font-family: 'Open Sans', sans-serif; font-size: 15px; font-style: normal; font-variant-ligatures: normal; font-variant-caps: normal; letter-spacing: 0.6px; color: var( --e-global-color-text ); background-color: rgba(242, 242, 242, 0); text-transform: var( --e-global-typography-703b45f-text-transform ); word-spacing: var( --e-global-typography-703b45f-word-spacing );\">Nove tinte jo\u0161 uvijek se razvijaju i zamijenit \u0107e postoje\u0107e&nbsp;<\/span><\/strong><span style=\"font-family: 'Open Sans', sans-serif; font-size: 15px; font-style: normal; font-variant-ligatures: normal; font-variant-caps: normal; letter-spacing: 0.6px; color: var( --e-global-color-text ); background-color: rgba(242, 242, 242, 0); text-transform: var( --e-global-typography-703b45f-text-transform ); word-spacing: var( --e-global-typography-703b45f-word-spacing );\">(tako\u0111er one koje se nalaze u novim serijama, od sije\u010dnja 2022.).&nbsp;<\/span><\/p>\t\t\t\t\t\t\t\t<\/div>\n\t\t\t\t<\/div>\n\t\t\t\t\t<\/div>\n\t\t<\/div>\n\t\t\t\t\t<\/div>\n\t\t<\/section>\n\t\t\t\t<\/div>","protected":false},"excerpt":{"rendered":"<p>REACH UREDBA Od 4. januarja 2022&nbsp;je v veljavi uredba REACH &#8211; uporaba tattoo barv\/zmesi. Novi zakon, med drugim, omejuje uporabo nekaterih pigmentov in konzervansov v \u010drnilu za tetoviranje. Ena od prepovedanih snovi je izopropanol. \u010crnila, ki vsebujejo to komponento, ne smete ve\u010d uporabljati od 4. januarja 2022 dalje.&nbsp; Pigmenta &#8220;Modra 15:3&#8221; in &#8220;Zelena 7&#8221; imata [&hellip;]<\/p>","protected":false},"author":12,"featured_media":0,"parent":0,"menu_order":0,"comment_status":"closed","ping_status":"closed","template":"","meta":{"_seopress_robots_primary_cat":"","_seopress_titles_title":"NOVICE | Carantania Tattoo","_seopress_titles_desc":"","_seopress_robots_index":"","footnotes":""},"class_list":["post-44208","page","type-page","status-publish","hentry","entry"],"_links":{"self":[{"href":"https:\/\/www.carantaniatattoo.com\/hr\/wp-json\/wp\/v2\/pages\/44208","targetHints":{"allow":["GET"]}}],"collection":[{"href":"https:\/\/www.carantaniatattoo.com\/hr\/wp-json\/wp\/v2\/pages"}],"about":[{"href":"https:\/\/www.carantaniatattoo.com\/hr\/wp-json\/wp\/v2\/types\/page"}],"author":[{"embeddable":true,"href":"https:\/\/www.carantaniatattoo.com\/hr\/wp-json\/wp\/v2\/users\/12"}],"replies":[{"embeddable":true,"href":"https:\/\/www.carantaniatattoo.com\/hr\/wp-json\/wp\/v2\/comments?post=44208"}],"version-history":[{"count":0,"href":"https:\/\/www.carantaniatattoo.com\/hr\/wp-json\/wp\/v2\/pages\/44208\/revisions"}],"wp:attachment":[{"href":"https:\/\/www.carantaniatattoo.com\/hr\/wp-json\/wp\/v2\/media?parent=44208"}],"curies":[{"name":"wp","href":"https:\/\/api.w.org\/{rel}","templated":true}]}}