{"id":25525,"date":"2016-10-18T09:32:01","date_gmt":"2016-10-18T09:32:01","guid":{"rendered":"https:\/\/www.ivh6.si\/Ponudbe\/tattoo\/izdelek\/dragonfly-x2\/"},"modified":"2022-07-07T06:31:59","modified_gmt":"2022-07-07T06:31:59","slug":"dragonfly-x2","status":"publish","type":"product","link":"https:\/\/www.carantaniatattoo.com\/hr\/trgovina\/strojcki-za-tetoviranje\/ink-machines\/vilin-konjic-x2\/","title":{"rendered":"VILINSKI KONJIC X2"},"content":{"rendered":"<h4>VILINSKI KONJIC X2<\/h4>\n<p><strong>Predstavljamo novi i pobolj\u0161ani DRAGONFLY X2.<\/strong><\/p>\n<p>1. Novi sna\u017eniji \u0161vicarski motor, napravljen isklju\u010divo za modele X2. Motor snage 6 W i visoke energetske u\u010dinkovitosti (86 %). Optimalno za rad s RPP-600. Radi na svim vrstama igala.<br \/>\n2. Podesiva duljina mahune. Tri mogu\u0107e duljine: 2,6 mm, 3,7 mm, 4,5 mm s istim ekscentrom.<br \/>\n3. Jednostavna izmjena igle. Ako koristite igle s ulo\u0161kom, preporu\u010dujemo uklanjanje opruge kako biste sprije\u010dili pritisak na motor. X2 ima poklopac na okviru koji vam omogu\u0107uje brz pristup oprugama.<br \/>\n4. Bolja i lak\u0161a prilagodba. Nova kapica s ugra\u0111enim prigu\u0161iva\u010dem sprje\u010dava pretjeranu buku ako imate mek\u0161e postavke.<br \/>\n5. X2 je precizniji, model je tako\u0111er pobolj\u0161an \u0161to se ti\u010de sastava materijala.<\/p>\n<p>Proizvedeno u \u0160vedskoj.<\/p>\n<p>PO NARUD\u017dBI<\/p>\n<p>Boje:<br \/>\n\u2013 \u0110avolja crvena<br \/>\n\u2013 Zli Crni<br \/>\n\u2013 Demonsko plavo<br \/>\n\u2013 Luda limeta<br \/>\n\u2013 Deep Purple<br \/>\n\u2013 Zavodljiva ru\u017ei\u010dasta<\/p>\n<p>Tehni\u010dki podaci<\/p>\n<p>Ulazni napon: 0-13 volti DC (maks. 13 volti DC)<br \/>\nPriklju\u010dci za napajanje: RCA ili spojni kabel (maks. krajnji promjer spojnog kabela je \u00d81,6 mm)<br \/>\nRaspon o\/min\/s: 0 - 8000 o\/min\/min 0-130\/s<br \/>\nDuljina hoda: 2,6, 3,7 i 4,5 mm, podesiva<br \/>\nOvjes: 0 \u2013 2 mm<br \/>\nMaks. promjer gripa: \u00d88 mm<br \/>\nMaks. veli\u010dina igle: 50 magnum<br \/>\nTe\u017eina: 80 grama<br \/>\nDimenzije Dx\u0160xV: 90 x 21 x 77 mm<\/p>","protected":false},"excerpt":{"rendered":"<p><strong>Predstavljamo novi i pobolj\u0161ani DRAGONFLY X2.<\/strong><br \/>\nPredstavljamo vam novo izpopolnjeno Dragonfly X2 z novim mo\u010dnej\u0161im \u0161vicarskim motorjem, izdelanim ekskluzivno za modele X2. Optimalna za delovanje z RPP-600. Deluje na vse vrste igel.<br \/>\nX2 je bolj natan\u010dna, model je izbolj\u0161an tudi kar se ti\u010de same sestave materialov.<br \/>\nProizvedeno u \u0160vedskoj.<\/p>","protected":false},"featured_media":35581,"template":"","meta":{"_seopress_robots_primary_cat":"none","_seopress_titles_title":"","_seopress_titles_desc":"","_seopress_robots_index":""},"product_brand":[],"product_cat":[205,202],"product_tag":[],"class_list":{"0":"post-25525","1":"product","2":"type-product","3":"status-publish","4":"has-post-thumbnail","6":"product_cat-ink-machines","7":"product_cat-strojcki-za-tetoviranje","8":"entry","9":"has-media","11":"first","12":"instock","13":"sale","14":"taxable","15":"shipping-taxable","16":"purchasable","17":"product-type-variable"},"_links":{"self":[{"href":"https:\/\/www.carantaniatattoo.com\/hr\/wp-json\/wp\/v2\/product\/25525","targetHints":{"allow":["GET"]}}],"collection":[{"href":"https:\/\/www.carantaniatattoo.com\/hr\/wp-json\/wp\/v2\/product"}],"about":[{"href":"https:\/\/www.carantaniatattoo.com\/hr\/wp-json\/wp\/v2\/types\/product"}],"version-history":[{"count":0,"href":"https:\/\/www.carantaniatattoo.com\/hr\/wp-json\/wp\/v2\/product\/25525\/revisions"}],"wp:featuredmedia":[{"embeddable":true,"href":"https:\/\/www.carantaniatattoo.com\/hr\/wp-json\/wp\/v2\/media\/35581"}],"wp:attachment":[{"href":"https:\/\/www.carantaniatattoo.com\/hr\/wp-json\/wp\/v2\/media?parent=25525"}],"wp:term":[{"taxonomy":"product_brand","embeddable":true,"href":"https:\/\/www.carantaniatattoo.com\/hr\/wp-json\/wp\/v2\/product_brand?post=25525"},{"taxonomy":"product_cat","embeddable":true,"href":"https:\/\/www.carantaniatattoo.com\/hr\/wp-json\/wp\/v2\/product_cat?post=25525"},{"taxonomy":"product_tag","embeddable":true,"href":"https:\/\/www.carantaniatattoo.com\/hr\/wp-json\/wp\/v2\/product_tag?post=25525"}],"curies":[{"name":"wp","href":"https:\/\/api.w.org\/{rel}","templated":true}]}}