{"id":25555,"date":"2014-05-28T10:00:08","date_gmt":"2014-05-28T10:00:08","guid":{"rendered":"https:\/\/www.ivh6.si\/Ponudbe\/tattoo\/izdelek\/critical-cx2-digitalni-napajalnik\/"},"modified":"2025-07-08T10:07:45","modified_gmt":"2025-07-08T10:07:45","slug":"critical-cx2-digitalni-napajalnik","status":"publish","type":"product","link":"https:\/\/www.carantaniatattoo.com\/hr\/trgovina\/napajalniki-stopalke-in-kabli\/napajalniki-za-tattoo-strojcke\/kriticno-cx2-digitalno-napajanje\/","title":{"rendered":"KRITI\u010cNO Cx2 digitalno napajanje"},"content":{"rendered":"<h4>KRITI\u010cNO Cx2 digitalno napajanje<\/h4>\n<p>KRITI\u010cNO Cx2 napajanje<br \/>\n\u2013 Pode\u0161avanje napona od 0 \u2013 18 V<br \/>\n\u2013 Ima ugra\u0111enu za\u0161titu od preoptere\u0107enja<br \/>\n\u2013 Mogu\u0107nost pove\u0107anja snage u koracima od .1, .2 ili .5 volta<br \/>\n\u2013 Unaprijed postavljene linije \/ shader sada s 2, 4 ili 6 na\u010dina memorije<br \/>\n\u2013 \u201cNon\u201d privremena memorija (zadr\u017eava postavke \u010dak i ako se napajanje isklju\u010di)<br \/>\n\u2013 Priprema za be\u017ei\u010dnu no\u017enu pedalu<br \/>\n\u2013 Univerzalni ulaz 110-240vac 50 \/ 60Hz<br \/>\n\u2013 Prihva\u0107a standardne 1\/4\u201d spojne kabele i pedale<br \/>\n\u2013 Jednostavan za no\u0161enje zbog te\u017eine i veli\u010dine<br \/>\n\u2013 U paketu je i stalak<br \/>\n\u2013 2 godine jamstva<\/p>\n<p>Proizvedeno u SAD-u.<\/p>\n<p>&nbsp;<\/p>","protected":false},"excerpt":{"rendered":"<h4>KRITI\u010cNO Cx2 digitalno napajanje<\/h4>\n<p>\u2013 nastavitev napetosti od 0 \u2013 18 V<br \/>\n\u2013 ima vgrajeno za\u0161\u010dito pred preobremenitvijo<br \/>\n\u2013 priprava za brez\u017ei\u010dno stopalko<br \/>\n\u2013 univerzalni vhod 110-240vac 50 \/ 60Hz<br \/>\n\u2013 sprejema standardne 1\/4 \u201cclip kable in stopalke<br \/>\n\u2013 2 godine jamstva<\/p>\n<p>Proizvedeno u SAD-u.<\/p>","protected":false},"featured_media":35651,"template":"","meta":{"_seopress_robots_primary_cat":"none","_seopress_titles_title":"","_seopress_titles_desc":"","_seopress_robots_index":""},"product_brand":[],"product_cat":[217,208],"product_tag":[],"class_list":{"0":"post-25555","1":"product","2":"type-product","3":"status-publish","4":"has-post-thumbnail","6":"product_cat-napajalniki-za-tattoo-strojcke","7":"product_cat-napajalniki-stopalke-in-kabli","8":"entry","9":"has-media","11":"first","12":"instock","13":"sale","14":"taxable","15":"shipping-taxable","16":"purchasable","17":"product-type-simple"},"_links":{"self":[{"href":"https:\/\/www.carantaniatattoo.com\/hr\/wp-json\/wp\/v2\/product\/25555","targetHints":{"allow":["GET"]}}],"collection":[{"href":"https:\/\/www.carantaniatattoo.com\/hr\/wp-json\/wp\/v2\/product"}],"about":[{"href":"https:\/\/www.carantaniatattoo.com\/hr\/wp-json\/wp\/v2\/types\/product"}],"version-history":[{"count":0,"href":"https:\/\/www.carantaniatattoo.com\/hr\/wp-json\/wp\/v2\/product\/25555\/revisions"}],"wp:featuredmedia":[{"embeddable":true,"href":"https:\/\/www.carantaniatattoo.com\/hr\/wp-json\/wp\/v2\/media\/35651"}],"wp:attachment":[{"href":"https:\/\/www.carantaniatattoo.com\/hr\/wp-json\/wp\/v2\/media?parent=25555"}],"wp:term":[{"taxonomy":"product_brand","embeddable":true,"href":"https:\/\/www.carantaniatattoo.com\/hr\/wp-json\/wp\/v2\/product_brand?post=25555"},{"taxonomy":"product_cat","embeddable":true,"href":"https:\/\/www.carantaniatattoo.com\/hr\/wp-json\/wp\/v2\/product_cat?post=25555"},{"taxonomy":"product_tag","embeddable":true,"href":"https:\/\/www.carantaniatattoo.com\/hr\/wp-json\/wp\/v2\/product_tag?post=25555"}],"curies":[{"name":"wp","href":"https:\/\/api.w.org\/{rel}","templated":true}]}}