{"id":25556,"date":"2014-05-28T10:02:30","date_gmt":"2014-05-28T10:02:30","guid":{"rendered":"https:\/\/www.ivh6.si\/Ponudbe\/tattoo\/izdelek\/critical-napajalnik-z-wireless-stopalko\/"},"modified":"2025-07-08T10:06:58","modified_gmt":"2025-07-08T10:06:58","slug":"critical-napajalnik-z-wireless-stopalko","status":"publish","type":"product","link":"https:\/\/www.carantaniatattoo.com\/hr\/trgovina\/napajalniki-stopalke-in-kabli\/napajalniki-za-tattoo-strojcke\/kriticno-napajanje-s-bezicnom-pedalom-2\/","title":{"rendered":"KRITI\u010cNO NAPAJANJE s be\u017ei\u010dnom no\u017enom papu\u010dicom"},"content":{"rendered":"<h3>KRITI\u010cNO napajanje s be\u017ei\u010dnom pedalom<\/h3>\n<p>KRITI\u010cNO napajanje s be\u017ei\u010dnom pedalom - Wireless paket + digitalna stanica<\/p>\n<p>Kriti\u010dni CX-2:<br \/>\n\u2013 digitalna kontrola izme\u0111u 0-18 volti<br \/>\n\u2013 2,3 ampera sa za\u0161titom od preoptere\u0107enja<br \/>\n\u2013 podesivo za 0,1, 0,2 i 0,5 volta<br \/>\n\u2013 Prebacivanje linije \/ shadera s memorijom za 2 ili 4 stroja<br \/>\n\u2013 Prikazuje volte, ampere, brzinu<br \/>\n\u2013 Sprema va\u0161e prilagodbe<br \/>\n\u2013 Standardni priklju\u010dci za spajalice i pedale<br \/>\n\u2013 Kabel za napajanje i postolje za monta\u017eu uklju\u010deni<\/p>\n<p>Kriti\u010dna &quot;Be\u017ei\u010dna pedala&quot;:<br \/>\n\u2013 Kratko vrijeme odziva<br \/>\n\u2013 Jednostavna izmjena baterije; baterija traje cijelu godinu \u010dak i uz nekoliko sati dnevnog kori\u0161tenja<br \/>\n\u2013 Jednostavna instalacija<br \/>\n\u2013 Mo\u017ee se koristiti i s obi\u010dnim kop\u010dama<\/p>\n<p>Proizvedeno u SAD-u. Jamstvo 1 godina.<br \/>\nPO NARUD\u017dBI<\/p>","protected":false},"excerpt":{"rendered":"<h3>KRITI\u010cNO napajanje s be\u017ei\u010dnom pedalom<\/h3>\n<p><strong>DOSTUPNO ZA NARUD\u017dBU!<\/strong><\/p>\n<p>Critical CX-2<br \/>\nBrez\u017ei\u010dni paket + digitalna postaja<br \/>\nStandardni priklju\u010dki za clipcorde in stopalke<br \/>\nPrilo\u017een napajalni kabel in stojalo za pritrditev<br \/>\nIzdelano v ZDA<\/p>","protected":false},"featured_media":35649,"template":"","meta":{"_seopress_robots_primary_cat":"none","_seopress_titles_title":"CRITICAL NAPAJALNIK z brez\u017ei\u010dno stopalko","_seopress_titles_desc":"CRITICAL napajalnik z wireless stopalko - Brez\u017ei\u010dni paket + digitalna postaja. Prikazuje volte, ampere in hitrost. Shranjuje va\u0161e prilagoditve.","_seopress_robots_index":""},"product_brand":[],"product_cat":[217,208],"product_tag":[],"class_list":{"0":"post-25556","1":"product","2":"type-product","3":"status-publish","4":"has-post-thumbnail","6":"product_cat-napajalniki-za-tattoo-strojcke","7":"product_cat-napajalniki-stopalke-in-kabli","8":"entry","9":"has-media","11":"first","12":"instock","13":"sale","14":"taxable","15":"shipping-taxable","16":"purchasable","17":"product-type-simple"},"_links":{"self":[{"href":"https:\/\/www.carantaniatattoo.com\/hr\/wp-json\/wp\/v2\/product\/25556","targetHints":{"allow":["GET"]}}],"collection":[{"href":"https:\/\/www.carantaniatattoo.com\/hr\/wp-json\/wp\/v2\/product"}],"about":[{"href":"https:\/\/www.carantaniatattoo.com\/hr\/wp-json\/wp\/v2\/types\/product"}],"version-history":[{"count":0,"href":"https:\/\/www.carantaniatattoo.com\/hr\/wp-json\/wp\/v2\/product\/25556\/revisions"}],"wp:featuredmedia":[{"embeddable":true,"href":"https:\/\/www.carantaniatattoo.com\/hr\/wp-json\/wp\/v2\/media\/35649"}],"wp:attachment":[{"href":"https:\/\/www.carantaniatattoo.com\/hr\/wp-json\/wp\/v2\/media?parent=25556"}],"wp:term":[{"taxonomy":"product_brand","embeddable":true,"href":"https:\/\/www.carantaniatattoo.com\/hr\/wp-json\/wp\/v2\/product_brand?post=25556"},{"taxonomy":"product_cat","embeddable":true,"href":"https:\/\/www.carantaniatattoo.com\/hr\/wp-json\/wp\/v2\/product_cat?post=25556"},{"taxonomy":"product_tag","embeddable":true,"href":"https:\/\/www.carantaniatattoo.com\/hr\/wp-json\/wp\/v2\/product_tag?post=25556"}],"curies":[{"name":"wp","href":"https:\/\/api.w.org\/{rel}","templated":true}]}}