{"id":25595,"date":"2016-10-19T17:06:38","date_gmt":"2016-10-19T17:06:38","guid":{"rendered":"https:\/\/www.ivh6.si\/Ponudbe\/tattoo\/izdelek\/color-mixing-salution-4oz\/"},"modified":"2025-09-08T07:48:16","modified_gmt":"2025-09-08T07:48:16","slug":"color-mixing-salution-4oz","status":"publish","type":"product","link":"https:\/\/www.carantaniatattoo.com\/hr\/trgovina\/tattoo-barve-eu\/intenze-gen-z\/otopina-za-mijesanje-boja-4-oz-2\/","title":{"rendered":"Intenze Color Mixing Solution 4 oz"},"content":{"rendered":"<p>Intenze Color Mixing Solution koristi se za mije\u0161anje i razrje\u0111ivanje boja.<\/p>\n<p>4 oz = 120 ml<\/p>\n<p>Carantania Tattoo je prva slovenska online trgovina u kojoj mo\u017eete prona\u0107i sve za tetoviranje. Oprema za tetoviranje vrhunske marke Cheyenne, tinte za tetoviranje, igle za tetoviranje, strojevi za tetoviranje, dr\u017ea\u010di za tetoviranje, sav pribor za tetoviranje, napajanja i kablovi, pedale, sustavi za \u010di\u0161\u0107enje, GHOST tattoo patrone, Panthera Ink tinte za tetoviranje, Svjetski poznate tinte za tetoviranje, Vje\u010dne boje za tetoviranje i Intenze Ink boje za tetoviranje.<br \/>\nRado \u0107emo odgovoriti na sva Va\u0161a pitanja putem e-maila, Facebook stranice ili telefona 041 81 81 80.<\/p>\n<p>&nbsp;<\/p>","protected":false},"excerpt":{"rendered":"<p>Intenze Color Mixing Solution 4 oz<\/p>\n<p>Intenze Color Mixing Solution koristi se za mije\u0161anje i razrje\u0111ivanje boja.<\/p>","protected":false},"featured_media":47087,"template":"","meta":{"_seopress_robots_primary_cat":"none","_seopress_titles_title":"","_seopress_titles_desc":"","_seopress_robots_index":""},"product_brand":[],"product_cat":[504,215,232,198],"product_tag":[],"class_list":{"0":"post-25595","1":"product","2":"type-product","3":"status-publish","4":"has-post-thumbnail","6":"product_cat-intenze-gen-z","7":"product_cat-intenze-ink","8":"product_cat-intenze-ink-ostali-program","9":"product_cat-tattoo-barve","10":"entry","11":"has-media","13":"first","14":"outofstock","15":"sale","16":"taxable","17":"shipping-taxable","18":"purchasable","19":"product-type-simple"},"_links":{"self":[{"href":"https:\/\/www.carantaniatattoo.com\/hr\/wp-json\/wp\/v2\/product\/25595","targetHints":{"allow":["GET"]}}],"collection":[{"href":"https:\/\/www.carantaniatattoo.com\/hr\/wp-json\/wp\/v2\/product"}],"about":[{"href":"https:\/\/www.carantaniatattoo.com\/hr\/wp-json\/wp\/v2\/types\/product"}],"version-history":[{"count":0,"href":"https:\/\/www.carantaniatattoo.com\/hr\/wp-json\/wp\/v2\/product\/25595\/revisions"}],"wp:featuredmedia":[{"embeddable":true,"href":"https:\/\/www.carantaniatattoo.com\/hr\/wp-json\/wp\/v2\/media\/47087"}],"wp:attachment":[{"href":"https:\/\/www.carantaniatattoo.com\/hr\/wp-json\/wp\/v2\/media?parent=25595"}],"wp:term":[{"taxonomy":"product_brand","embeddable":true,"href":"https:\/\/www.carantaniatattoo.com\/hr\/wp-json\/wp\/v2\/product_brand?post=25595"},{"taxonomy":"product_cat","embeddable":true,"href":"https:\/\/www.carantaniatattoo.com\/hr\/wp-json\/wp\/v2\/product_cat?post=25595"},{"taxonomy":"product_tag","embeddable":true,"href":"https:\/\/www.carantaniatattoo.com\/hr\/wp-json\/wp\/v2\/product_tag?post=25595"}],"curies":[{"name":"wp","href":"https:\/\/api.w.org\/{rel}","templated":true}]}}