{"id":25597,"date":"2016-10-19T17:06:40","date_gmt":"2016-10-19T17:06:40","guid":{"rendered":"https:\/\/www.ivh6.si\/Ponudbe\/tattoo\/izdelek\/destilled-mixer-12oz\/"},"modified":"2022-03-10T08:12:22","modified_gmt":"2022-03-10T08:12:22","slug":"destilled-mixer-12oz","status":"publish","type":"product","link":"https:\/\/www.carantaniatattoo.com\/hr\/trgovina\/tattoo-barve\/intenze-ink\/intenze-ink-ostali-program\/destilirana-mijesalica-12-oz-2\/","title":{"rendered":"INTENZE destilirana mije\u0161alica 12 oz"},"content":{"rendered":"<h4>INTENZE destilirana mije\u0161alica 12 oz<\/h4>\n<p>&nbsp;<\/p>\n<p>Carantania Tattoo je prva slovenska online trgovina u kojoj mo\u017eete prona\u0107i sve za tetoviranje. Oprema za tetoviranje vrhunske marke Cheyenne, tinte za tetoviranje, igle za tetoviranje, strojevi za tetoviranje, dr\u017ea\u010di za tetoviranje, sav pribor za tetoviranje, napajanja i kablovi, pedale, sustavi za \u010di\u0161\u0107enje, GHOST tattoo patrone, Panthera Ink tinte za tetoviranje, Svjetski poznate tinte za tetoviranje, Vje\u010dne boje za tetoviranje i Intenze Ink boje za tetoviranje.<br \/>\nRado \u0107emo odgovoriti na sva Va\u0161a pitanja putem e-maila, Facebook stranice ili telefona 041 81 81 80.<\/p>\n<p>&nbsp;<\/p>","protected":false},"excerpt":{"rendered":"<p>Mikser za destilaciju 12 oz<\/p>","protected":false},"featured_media":25223,"template":"","meta":{"_seopress_robots_primary_cat":"none","_seopress_titles_title":"","_seopress_titles_desc":"","_seopress_robots_index":""},"product_brand":[],"product_cat":[215,232,198],"product_tag":[],"class_list":{"0":"post-25597","1":"product","2":"type-product","3":"status-publish","4":"has-post-thumbnail","6":"product_cat-intenze-ink","7":"product_cat-intenze-ink-ostali-program","8":"product_cat-tattoo-barve","9":"entry","10":"has-media","12":"first","13":"outofstock","14":"sale","15":"taxable","16":"shipping-taxable","17":"purchasable","18":"product-type-simple"},"_links":{"self":[{"href":"https:\/\/www.carantaniatattoo.com\/hr\/wp-json\/wp\/v2\/product\/25597","targetHints":{"allow":["GET"]}}],"collection":[{"href":"https:\/\/www.carantaniatattoo.com\/hr\/wp-json\/wp\/v2\/product"}],"about":[{"href":"https:\/\/www.carantaniatattoo.com\/hr\/wp-json\/wp\/v2\/types\/product"}],"version-history":[{"count":0,"href":"https:\/\/www.carantaniatattoo.com\/hr\/wp-json\/wp\/v2\/product\/25597\/revisions"}],"wp:featuredmedia":[{"embeddable":true,"href":"https:\/\/www.carantaniatattoo.com\/hr\/wp-json\/wp\/v2\/media\/25223"}],"wp:attachment":[{"href":"https:\/\/www.carantaniatattoo.com\/hr\/wp-json\/wp\/v2\/media?parent=25597"}],"wp:term":[{"taxonomy":"product_brand","embeddable":true,"href":"https:\/\/www.carantaniatattoo.com\/hr\/wp-json\/wp\/v2\/product_brand?post=25597"},{"taxonomy":"product_cat","embeddable":true,"href":"https:\/\/www.carantaniatattoo.com\/hr\/wp-json\/wp\/v2\/product_cat?post=25597"},{"taxonomy":"product_tag","embeddable":true,"href":"https:\/\/www.carantaniatattoo.com\/hr\/wp-json\/wp\/v2\/product_tag?post=25597"}],"curies":[{"name":"wp","href":"https:\/\/api.w.org\/{rel}","templated":true}]}}