{"id":25605,"date":"2016-10-19T17:08:18","date_gmt":"2016-10-19T17:08:18","guid":{"rendered":"https:\/\/www.ivh6.si\/Ponudbe\/tattoo\/izdelek\/panthera-ink-tribal-black-xxx-150-ml\/"},"modified":"2025-01-31T09:45:09","modified_gmt":"2025-01-31T09:45:09","slug":"panthera-ink-tribal-black-xxx-150-ml","status":"publish","type":"product","link":"https:\/\/www.carantaniatattoo.com\/hr\/trgovina\/tattoo-barve\/panthera-ink-tattoo-barve\/panthera-ink-tribal-black-xxx-150-ml\/","title":{"rendered":"PANTHERA TINTA \u2013 TRIBAL BLACK XXX 150 ml"},"content":{"rendered":"<h3>PANTHERA TINTA \u2013 TRIBAL BLACK XXX 150 ml<\/h3>\n<p>Boja za vje\u017ebanje na umjetnoj ko\u017ei. Boja nije prikladna za tetoviranje na ljudskoj ko\u017ei!<\/p>","protected":false},"excerpt":{"rendered":"<h3>PANTHERA TINTA \u2013 TRIBAL BLACK XXX 150 ml<\/h3>\n<p>Boja za vje\u017ebanje na umjetnoj ko\u017ei. Boja nije prikladna za tetoviranje na ljudskoj ko\u017ei!<\/p>","protected":false},"featured_media":25241,"template":"","meta":{"_seopress_robots_primary_cat":"none","_seopress_titles_title":"","_seopress_titles_desc":"","_seopress_robots_index":""},"product_brand":[],"product_cat":[498,198],"product_tag":[],"class_list":{"0":"post-25605","1":"product","2":"type-product","3":"status-publish","4":"has-post-thumbnail","6":"product_cat-panthera-ink-tattoo-barve","7":"product_cat-tattoo-barve","8":"entry","9":"has-media","11":"first","12":"outofstock","13":"sale","14":"taxable","15":"shipping-taxable","16":"purchasable","17":"product-type-simple"},"_links":{"self":[{"href":"https:\/\/www.carantaniatattoo.com\/hr\/wp-json\/wp\/v2\/product\/25605","targetHints":{"allow":["GET"]}}],"collection":[{"href":"https:\/\/www.carantaniatattoo.com\/hr\/wp-json\/wp\/v2\/product"}],"about":[{"href":"https:\/\/www.carantaniatattoo.com\/hr\/wp-json\/wp\/v2\/types\/product"}],"version-history":[{"count":0,"href":"https:\/\/www.carantaniatattoo.com\/hr\/wp-json\/wp\/v2\/product\/25605\/revisions"}],"wp:featuredmedia":[{"embeddable":true,"href":"https:\/\/www.carantaniatattoo.com\/hr\/wp-json\/wp\/v2\/media\/25241"}],"wp:attachment":[{"href":"https:\/\/www.carantaniatattoo.com\/hr\/wp-json\/wp\/v2\/media?parent=25605"}],"wp:term":[{"taxonomy":"product_brand","embeddable":true,"href":"https:\/\/www.carantaniatattoo.com\/hr\/wp-json\/wp\/v2\/product_brand?post=25605"},{"taxonomy":"product_cat","embeddable":true,"href":"https:\/\/www.carantaniatattoo.com\/hr\/wp-json\/wp\/v2\/product_cat?post=25605"},{"taxonomy":"product_tag","embeddable":true,"href":"https:\/\/www.carantaniatattoo.com\/hr\/wp-json\/wp\/v2\/product_tag?post=25605"}],"curies":[{"name":"wp","href":"https:\/\/api.w.org\/{rel}","templated":true}]}}