{"id":25611,"date":"2016-10-19T17:23:15","date_gmt":"2016-10-19T17:23:15","guid":{"rendered":"https:\/\/www.ivh6.si\/Ponudbe\/tattoo\/izdelek\/panthera-ink-light-sumy-150-ml\/"},"modified":"2025-09-05T08:02:05","modified_gmt":"2025-09-05T08:02:05","slug":"panthera-ink-light-sumy-150-ml","status":"publish","type":"product","link":"https:\/\/www.carantaniatattoo.com\/hr\/trgovina\/tattoo-barve\/panthera-ink-tattoo-barve\/panthera-ink-light-sumy-150-ml\/","title":{"rendered":"PANTHERA INK &#8211; LIGHT SUMY 150 ML"},"content":{"rendered":"<p align=\"LEFT\">Panthera Light Sumy 150 ml.<\/p>\n<p align=\"LEFT\">Boja za vje\u017ebanje na umjetnoj ko\u017ei. Boja nije prikladna za tetoviranje na ljudskoj ko\u017ei!<\/p>","protected":false},"excerpt":{"rendered":"<p align=\"LEFT\">Svjetlo Sumy<\/p>\n<p align=\"LEFT\">Boja za vje\u017ebanje na umjetnoj ko\u017ei. Boja nije prikladna za tetoviranje na ljudskoj ko\u017ei!<\/p>","protected":false},"featured_media":25253,"template":"","meta":{"_seopress_robots_primary_cat":"none","_seopress_titles_title":"","_seopress_titles_desc":"","_seopress_robots_index":""},"product_brand":[],"product_cat":[498,198],"product_tag":[],"class_list":{"0":"post-25611","1":"product","2":"type-product","3":"status-publish","4":"has-post-thumbnail","6":"product_cat-panthera-ink-tattoo-barve","7":"product_cat-tattoo-barve","8":"entry","9":"has-media","11":"first","12":"instock","13":"sale","14":"taxable","15":"shipping-taxable","16":"purchasable","17":"product-type-simple"},"_links":{"self":[{"href":"https:\/\/www.carantaniatattoo.com\/hr\/wp-json\/wp\/v2\/product\/25611","targetHints":{"allow":["GET"]}}],"collection":[{"href":"https:\/\/www.carantaniatattoo.com\/hr\/wp-json\/wp\/v2\/product"}],"about":[{"href":"https:\/\/www.carantaniatattoo.com\/hr\/wp-json\/wp\/v2\/types\/product"}],"version-history":[{"count":0,"href":"https:\/\/www.carantaniatattoo.com\/hr\/wp-json\/wp\/v2\/product\/25611\/revisions"}],"wp:featuredmedia":[{"embeddable":true,"href":"https:\/\/www.carantaniatattoo.com\/hr\/wp-json\/wp\/v2\/media\/25253"}],"wp:attachment":[{"href":"https:\/\/www.carantaniatattoo.com\/hr\/wp-json\/wp\/v2\/media?parent=25611"}],"wp:term":[{"taxonomy":"product_brand","embeddable":true,"href":"https:\/\/www.carantaniatattoo.com\/hr\/wp-json\/wp\/v2\/product_brand?post=25611"},{"taxonomy":"product_cat","embeddable":true,"href":"https:\/\/www.carantaniatattoo.com\/hr\/wp-json\/wp\/v2\/product_cat?post=25611"},{"taxonomy":"product_tag","embeddable":true,"href":"https:\/\/www.carantaniatattoo.com\/hr\/wp-json\/wp\/v2\/product_tag?post=25611"}],"curies":[{"name":"wp","href":"https:\/\/api.w.org\/{rel}","templated":true}]}}