{"id":25612,"date":"2016-10-19T17:23:15","date_gmt":"2016-10-19T17:23:15","guid":{"rendered":"https:\/\/www.ivh6.si\/Ponudbe\/tattoo\/izdelek\/panthera-ink-dark-sumy-150ml\/"},"modified":"2025-07-08T10:08:37","modified_gmt":"2025-07-08T10:08:37","slug":"panthera-ink-dark-sumy-150ml","status":"publish","type":"product","link":"https:\/\/www.carantaniatattoo.com\/hr\/trgovina\/tattoo-barve\/panthera-ink-tattoo-barve\/panthera-ink-tamna-sumy-150ml\/","title":{"rendered":"PANTHERA TINTA \u2013 DARK SUMY 150ml"},"content":{"rendered":"<p>Panthera Dark Sumy 150 ml<\/p>\n<p id=\"c33\" class=\"oBOnKe\">Boja za vje\u017ebanje na umjetnoj ko\u017ei. Boja nije prikladna za tetoviranje na ljudskoj ko\u017ei!<\/p>\n<p>&nbsp;<\/p>","protected":false},"excerpt":{"rendered":"<p>Panthera Dark Sumy 150 ml<\/p>\n<p id=\"c33\" class=\"oBOnKe\">Boja za vje\u017ebanje na umjetnoj ko\u017ei. Boja nije prikladna za tetoviranje na ljudskoj ko\u017ei!<\/p>\n<p>&nbsp;<\/p>","protected":false},"featured_media":25255,"template":"","meta":{"_seopress_robots_primary_cat":"none","_seopress_titles_title":"","_seopress_titles_desc":"","_seopress_robots_index":""},"product_brand":[],"product_cat":[498,198],"product_tag":[],"class_list":{"0":"post-25612","1":"product","2":"type-product","3":"status-publish","4":"has-post-thumbnail","6":"product_cat-panthera-ink-tattoo-barve","7":"product_cat-tattoo-barve","8":"entry","9":"has-media","11":"first","12":"instock","13":"sale","14":"taxable","15":"shipping-taxable","16":"purchasable","17":"product-type-simple"},"_links":{"self":[{"href":"https:\/\/www.carantaniatattoo.com\/hr\/wp-json\/wp\/v2\/product\/25612","targetHints":{"allow":["GET"]}}],"collection":[{"href":"https:\/\/www.carantaniatattoo.com\/hr\/wp-json\/wp\/v2\/product"}],"about":[{"href":"https:\/\/www.carantaniatattoo.com\/hr\/wp-json\/wp\/v2\/types\/product"}],"version-history":[{"count":0,"href":"https:\/\/www.carantaniatattoo.com\/hr\/wp-json\/wp\/v2\/product\/25612\/revisions"}],"wp:featuredmedia":[{"embeddable":true,"href":"https:\/\/www.carantaniatattoo.com\/hr\/wp-json\/wp\/v2\/media\/25255"}],"wp:attachment":[{"href":"https:\/\/www.carantaniatattoo.com\/hr\/wp-json\/wp\/v2\/media?parent=25612"}],"wp:term":[{"taxonomy":"product_brand","embeddable":true,"href":"https:\/\/www.carantaniatattoo.com\/hr\/wp-json\/wp\/v2\/product_brand?post=25612"},{"taxonomy":"product_cat","embeddable":true,"href":"https:\/\/www.carantaniatattoo.com\/hr\/wp-json\/wp\/v2\/product_cat?post=25612"},{"taxonomy":"product_tag","embeddable":true,"href":"https:\/\/www.carantaniatattoo.com\/hr\/wp-json\/wp\/v2\/product_tag?post=25612"}],"curies":[{"name":"wp","href":"https:\/\/api.w.org\/{rel}","templated":true}]}}