{"id":25643,"date":"2014-10-28T06:06:01","date_gmt":"2014-10-28T06:06:01","guid":{"rendered":"https:\/\/www.ivh6.si\/Ponudbe\/tattoo\/izdelek\/critical-cx-1-generation-2\/"},"modified":"2025-07-08T10:03:17","modified_gmt":"2025-07-08T10:03:17","slug":"critical-cx-1-generation-2","status":"publish","type":"product","link":"https:\/\/www.carantaniatattoo.com\/hr\/trgovina\/napajalniki-stopalke-in-kabli\/napajalniki-za-tattoo-strojcke\/kriticni-cx-1-generacija-2\/","title":{"rendered":"KRITI\u010cNO CX-1 Generation 2 napajanje"},"content":{"rendered":"<h3><strong>KRITI\u010cNO CX-1 Generacija 2<\/strong><\/h3>\n<p>Tehni\u010dki podaci CRITICAL CX-1 Generation 2:<\/p>\n<ul>\n<li>Podesivi napon 0-18 VDC<\/li>\n<li>Potpuna kontrola s digitalnim mikroprocesorom<\/li>\n<li>Ve\u0107i, svjetliji LCD zaslon<\/li>\n<li>3,5 ampera sa za\u0161titom od prenapona<\/li>\n<li>0,1 pode\u0161avanje snage<\/li>\n<\/ul>\n<p>Unaprijed postavljena linija ili shader. U slu\u010daju da ga isklju\u010dite iz napajanja, postavka ostaje u memoriji.<\/p>\n<p>Univerzalni ulaz 110-240 VAC 50\/60 Hz<br \/>\nPrihva\u0107a standardne 1\/4 &quot;clip&quot; kabele i pedale<br \/>\nJednostavan za no\u0161enje zbog male te\u017eine i veli\u010dine<br \/>\n2 godine jamstva<\/p>\n<h5>Izra\u0111eno u ZD<em>A.<\/em><\/h5>\n<p>&nbsp;<\/p>","protected":false},"excerpt":{"rendered":"<h3><strong>KRITI\u010cNO CX-1 Generacija 2<\/strong><\/h3>\n<p>Elektri\u010dni napajalnik CRITICAL CX-1 Generation 2 z novim na\u010dinom vklopa stopalke in<br \/>\nve\u010djim, svetlej\u0161im LCD prikazovalnikom.<br \/>\n2 godine jamstva<br \/>\nIzdelani v ZDA!<\/p>","protected":false},"featured_media":35639,"template":"","meta":{"_seopress_robots_primary_cat":"none","_seopress_titles_title":"","_seopress_titles_desc":"","_seopress_robots_index":""},"product_brand":[],"product_cat":[217,208],"product_tag":[],"class_list":{"0":"post-25643","1":"product","2":"type-product","3":"status-publish","4":"has-post-thumbnail","6":"product_cat-napajalniki-za-tattoo-strojcke","7":"product_cat-napajalniki-stopalke-in-kabli","8":"entry","9":"has-media","11":"first","12":"instock","13":"sale","14":"taxable","15":"shipping-taxable","16":"purchasable","17":"product-type-simple"},"_links":{"self":[{"href":"https:\/\/www.carantaniatattoo.com\/hr\/wp-json\/wp\/v2\/product\/25643","targetHints":{"allow":["GET"]}}],"collection":[{"href":"https:\/\/www.carantaniatattoo.com\/hr\/wp-json\/wp\/v2\/product"}],"about":[{"href":"https:\/\/www.carantaniatattoo.com\/hr\/wp-json\/wp\/v2\/types\/product"}],"version-history":[{"count":0,"href":"https:\/\/www.carantaniatattoo.com\/hr\/wp-json\/wp\/v2\/product\/25643\/revisions"}],"wp:featuredmedia":[{"embeddable":true,"href":"https:\/\/www.carantaniatattoo.com\/hr\/wp-json\/wp\/v2\/media\/35639"}],"wp:attachment":[{"href":"https:\/\/www.carantaniatattoo.com\/hr\/wp-json\/wp\/v2\/media?parent=25643"}],"wp:term":[{"taxonomy":"product_brand","embeddable":true,"href":"https:\/\/www.carantaniatattoo.com\/hr\/wp-json\/wp\/v2\/product_brand?post=25643"},{"taxonomy":"product_cat","embeddable":true,"href":"https:\/\/www.carantaniatattoo.com\/hr\/wp-json\/wp\/v2\/product_cat?post=25643"},{"taxonomy":"product_tag","embeddable":true,"href":"https:\/\/www.carantaniatattoo.com\/hr\/wp-json\/wp\/v2\/product_tag?post=25643"}],"curies":[{"name":"wp","href":"https:\/\/api.w.org\/{rel}","templated":true}]}}