{"id":25650,"date":"2015-03-27T07:11:16","date_gmt":"2015-03-27T07:11:16","guid":{"rendered":"https:\/\/www.ivh6.si\/Ponudbe\/tattoo\/izdelek\/dermalize-pro-protective-tattoo-film\/"},"modified":"2022-02-28T09:20:11","modified_gmt":"2022-02-28T09:20:11","slug":"dermalize-pro-protective-tattoo-film","status":"publish","type":"product","link":"https:\/\/www.carantaniatattoo.com\/hr\/trgovina\/nega-koze-po-tetoviranju\/folije-in-oblizi\/dermalize-pro-zastitna-folija-za-tetoviranje-2\/","title":{"rendered":"DERMALIZE PRO PROTECTIVE folija za tetoviranje 15cm x 10cm"},"content":{"rendered":"<h4>Dermalize PRO za\u0161titna folija za tetoviranje 15 cm x 10 cm<\/h4>\n<p>Dermalize PRO je folija posebno dizajnirana za njegu va\u0161e tetova\u017ee.<br \/>\nVeli\u010dina: 10m x 15cm \u2013 5 kom<\/p>\n<p>KAKO KORISTITI:<br \/>\nKada prvi put postavite foliju, ostavite je 12-24 sata. Zatim o\u010distite tetova\u017eu i stavite novu foliju na 24-48 sati. Prije svake uporabe o\u010distite zahva\u0107eno podru\u010dje sapunom i vodom i dobro osu\u0161ite. Male koli\u010dine krvarenja iz rane normalne su tijekom razdoblja zacjeljivanja. U slu\u010daju ja\u010deg krvarenja uklonite foliju, operite sapunom i vodom, osu\u0161ite i uzmite novu foliju. Ako se folija olabavi ili ostavi dio tetova\u017ee otkriven, zamijenite je novom.<\/p>\n<p>SKIDANJE FOLIJE:<br \/>\nPolako skinite foliju s jednog kraja, ne pregrubo i prebrzo.<\/p>\n<p>&nbsp;<\/p>","protected":false},"excerpt":{"rendered":"<h4>Dermalize PRO za\u0161titna folija za tetoviranje 15 cm x 10 cm<\/h4>\n<p>Dermalize PRO je folija posebno dizajnirana za njegu va\u0161e tetova\u017ee.<br \/>\nVelikost: 10m x 15cm,\u00a0 5kom<\/p>","protected":false},"featured_media":35619,"template":"","meta":{"_seopress_robots_primary_cat":"none","_seopress_titles_title":"","_seopress_titles_desc":"","_seopress_robots_index":""},"product_brand":[],"product_cat":[244,245,206,233],"product_tag":[],"class_list":{"0":"post-25650","1":"product","2":"type-product","3":"status-publish","4":"has-post-thumbnail","6":"product_cat-folije-in-oblizi","7":"product_cat-folije-za-zascito-tetovirane-koze","8":"product_cat-higiena","9":"product_cat-nega-koze-po-tetoviranju","10":"entry","11":"has-media","13":"first","14":"outofstock","15":"sale","16":"taxable","17":"shipping-taxable","18":"purchasable","19":"product-type-simple"},"_links":{"self":[{"href":"https:\/\/www.carantaniatattoo.com\/hr\/wp-json\/wp\/v2\/product\/25650","targetHints":{"allow":["GET"]}}],"collection":[{"href":"https:\/\/www.carantaniatattoo.com\/hr\/wp-json\/wp\/v2\/product"}],"about":[{"href":"https:\/\/www.carantaniatattoo.com\/hr\/wp-json\/wp\/v2\/types\/product"}],"version-history":[{"count":0,"href":"https:\/\/www.carantaniatattoo.com\/hr\/wp-json\/wp\/v2\/product\/25650\/revisions"}],"wp:featuredmedia":[{"embeddable":true,"href":"https:\/\/www.carantaniatattoo.com\/hr\/wp-json\/wp\/v2\/media\/35619"}],"wp:attachment":[{"href":"https:\/\/www.carantaniatattoo.com\/hr\/wp-json\/wp\/v2\/media?parent=25650"}],"wp:term":[{"taxonomy":"product_brand","embeddable":true,"href":"https:\/\/www.carantaniatattoo.com\/hr\/wp-json\/wp\/v2\/product_brand?post=25650"},{"taxonomy":"product_cat","embeddable":true,"href":"https:\/\/www.carantaniatattoo.com\/hr\/wp-json\/wp\/v2\/product_cat?post=25650"},{"taxonomy":"product_tag","embeddable":true,"href":"https:\/\/www.carantaniatattoo.com\/hr\/wp-json\/wp\/v2\/product_tag?post=25650"}],"curies":[{"name":"wp","href":"https:\/\/api.w.org\/{rel}","templated":true}]}}