{"id":25654,"date":"2015-10-13T04:46:00","date_gmt":"2015-10-13T04:46:00","guid":{"rendered":"https:\/\/www.ivh6.si\/Ponudbe\/tattoo\/izdelek\/elasticni-trak-za-zascito-5cm\/"},"modified":"2025-04-10T08:28:48","modified_gmt":"2025-04-10T08:28:48","slug":"elasticni-trak-za-zascito-5cm","status":"publish","type":"product","link":"https:\/\/www.carantaniatattoo.com\/hr\/trgovina\/pripomocki-za-delo\/zascitne-vrecke-in-gripi\/elasticna-traka-za-zastitu-5-cm-2\/","title":{"rendered":"ELASTI\u010cNA TRAKA ZA ZA\u0160TITU 5cm"},"content":{"rendered":"<h3>ELASTI\u010cNA TRAKA ZA ZA\u0160TITU<\/h3>\n<p>Elasti\u010dni zavoj za za\u0161titu hvata i trimera, koji ujedno omogu\u0107uje bolji hvat na hvatu<br \/>\ntijekom tetoviranja. \u0160irina elasti\u010dne trake je 5 cm, a duljina 4,5 m.<\/p>\n<p>\u2013 Nudi bolje prianjanje; pru\u017ea \u010dvrsto dr\u017eanje, posebno za one ru\u010dke koje nemaju ili imaju minimalnu teksturu.<br \/>\n- Smanjuje vibracije - mekani materijal upija vibracije i nje\u017ean je za ruke.<br \/>\n- Pru\u017ea za\u0161titu - \u0161titi aparat za tetoviranje i time smanjuje potrebu za \u010di\u0161\u0107enjem.<br \/>\n\u2013 Uklanjanje bez ostatka \u2013 sa samoljepljivom prirodnom gumom, mo\u017ee se ukloniti bez ostatka.<\/p>\n<p>Dimenzije: 5 cm x 4,5 m<br \/>\nBarve: modra, \u010drna, zelena, rde\u010da<\/p>\n<p><!--more--><\/p>\n<p>&nbsp;<\/p>","protected":false},"excerpt":{"rendered":"<p>Elasti\u010dni trak za za\u0161\u010dito gripa in tattoo stroj\u010dka.<br \/>\nNudi bolj\u0161i oprijem, za\u0161\u010diti, zmanj\u0161uje vibracije.<br \/>\nBoje: plava, crna, zelena, naran\u010dasta, crvena, ljubi\u010dasta<br \/>\nDimenzije: 5 x 450 cm<\/p>","protected":false},"featured_media":35614,"template":"","meta":{"_seopress_robots_primary_cat":"none","_seopress_titles_title":"","_seopress_titles_desc":"","_seopress_robots_index":""},"product_brand":[],"product_cat":[209,221],"product_tag":[],"class_list":{"0":"post-25654","1":"product","2":"type-product","3":"status-publish","4":"has-post-thumbnail","6":"product_cat-pripomocki-za-delo","7":"product_cat-zascitne-vrecke-in-gripi","8":"entry","9":"has-media","11":"first","12":"instock","13":"sale","14":"taxable","15":"shipping-taxable","16":"purchasable","17":"product-type-variable"},"_links":{"self":[{"href":"https:\/\/www.carantaniatattoo.com\/hr\/wp-json\/wp\/v2\/product\/25654","targetHints":{"allow":["GET"]}}],"collection":[{"href":"https:\/\/www.carantaniatattoo.com\/hr\/wp-json\/wp\/v2\/product"}],"about":[{"href":"https:\/\/www.carantaniatattoo.com\/hr\/wp-json\/wp\/v2\/types\/product"}],"version-history":[{"count":0,"href":"https:\/\/www.carantaniatattoo.com\/hr\/wp-json\/wp\/v2\/product\/25654\/revisions"}],"wp:featuredmedia":[{"embeddable":true,"href":"https:\/\/www.carantaniatattoo.com\/hr\/wp-json\/wp\/v2\/media\/35614"}],"wp:attachment":[{"href":"https:\/\/www.carantaniatattoo.com\/hr\/wp-json\/wp\/v2\/media?parent=25654"}],"wp:term":[{"taxonomy":"product_brand","embeddable":true,"href":"https:\/\/www.carantaniatattoo.com\/hr\/wp-json\/wp\/v2\/product_brand?post=25654"},{"taxonomy":"product_cat","embeddable":true,"href":"https:\/\/www.carantaniatattoo.com\/hr\/wp-json\/wp\/v2\/product_cat?post=25654"},{"taxonomy":"product_tag","embeddable":true,"href":"https:\/\/www.carantaniatattoo.com\/hr\/wp-json\/wp\/v2\/product_tag?post=25654"}],"curies":[{"name":"wp","href":"https:\/\/api.w.org\/{rel}","templated":true}]}}