{"id":25658,"date":"2015-12-08T13:16:39","date_gmt":"2015-12-08T13:16:39","guid":{"rendered":"https:\/\/www.ivh6.si\/Ponudbe\/tattoo\/izdelek\/plasticna-steklenicka-200ml\/"},"modified":"2025-07-08T10:50:50","modified_gmt":"2025-07-08T10:50:50","slug":"plasticna-steklenicka-200ml","status":"publish","type":"product","link":"https:\/\/www.carantaniatattoo.com\/hr\/trgovina\/pripomocki-za-delo\/plasticna-boca-200ml-2\/","title":{"rendered":"PLASTI\u010cNA BOCA SA PUMPICOM 200ml"},"content":{"rendered":"<h4>PLASTI\u010cNA BOCA SA PUMPICOM 200ml<\/h4>\n<p>Plasti\u010dna boca koja se koristi za nano\u0161enje sapunaste vode na ko\u017eu prije, tijekom i nakon tetoviranja. Posebna pumpica osigurava da se sapun pjeni prilikom nano\u0161enja.<br \/>\nKapacitet bo\u010dice je 200 ml.<\/p>\n<p>&nbsp;<\/p>\n<p>&nbsp;<\/p>","protected":false},"excerpt":{"rendered":"<h4>PLASTI\u010cNA BOCA SA PUMPICOM 200ml<\/h4>\n<p>Plasti\u010dna stekleni\u010dka, ki se uporablja za nana\u0161anje milnice na ko\u017eo pred, med in po tetoviranju.<br \/>\nPosebna pumpica poskrbi, da se milo pri nanosu speni.<br \/>\nKapacitet bo\u010dice je 200 ml.<\/p>","protected":false},"featured_media":35606,"template":"","meta":{"_seopress_robots_primary_cat":"none","_seopress_titles_title":"","_seopress_titles_desc":"","_seopress_robots_index":""},"product_brand":[],"product_cat":[209],"product_tag":[],"class_list":{"0":"post-25658","1":"product","2":"type-product","3":"status-publish","4":"has-post-thumbnail","6":"product_cat-pripomocki-za-delo","7":"entry","8":"has-media","10":"first","11":"instock","12":"sale","13":"taxable","14":"shipping-taxable","15":"purchasable","16":"product-type-simple"},"_links":{"self":[{"href":"https:\/\/www.carantaniatattoo.com\/hr\/wp-json\/wp\/v2\/product\/25658","targetHints":{"allow":["GET"]}}],"collection":[{"href":"https:\/\/www.carantaniatattoo.com\/hr\/wp-json\/wp\/v2\/product"}],"about":[{"href":"https:\/\/www.carantaniatattoo.com\/hr\/wp-json\/wp\/v2\/types\/product"}],"version-history":[{"count":0,"href":"https:\/\/www.carantaniatattoo.com\/hr\/wp-json\/wp\/v2\/product\/25658\/revisions"}],"wp:featuredmedia":[{"embeddable":true,"href":"https:\/\/www.carantaniatattoo.com\/hr\/wp-json\/wp\/v2\/media\/35606"}],"wp:attachment":[{"href":"https:\/\/www.carantaniatattoo.com\/hr\/wp-json\/wp\/v2\/media?parent=25658"}],"wp:term":[{"taxonomy":"product_brand","embeddable":true,"href":"https:\/\/www.carantaniatattoo.com\/hr\/wp-json\/wp\/v2\/product_brand?post=25658"},{"taxonomy":"product_cat","embeddable":true,"href":"https:\/\/www.carantaniatattoo.com\/hr\/wp-json\/wp\/v2\/product_cat?post=25658"},{"taxonomy":"product_tag","embeddable":true,"href":"https:\/\/www.carantaniatattoo.com\/hr\/wp-json\/wp\/v2\/product_tag?post=25658"}],"curies":[{"name":"wp","href":"https:\/\/api.w.org\/{rel}","templated":true}]}}