{"id":25724,"date":"2016-12-12T15:10:00","date_gmt":"2016-12-12T15:10:00","guid":{"rendered":"https:\/\/www.ivh6.si\/Ponudbe\/tattoo\/izdelek\/inkjecta-flite-nano-elite\/"},"modified":"2025-07-08T10:04:49","modified_gmt":"2025-07-08T10:04:49","slug":"inkjecta-flite-nano-elite","status":"publish","type":"product","link":"https:\/\/www.carantaniatattoo.com\/hr\/trgovina\/strojcki-za-tetoviranje\/inkjecta-rotary-tattoo-machine\/ubrizgati-flite-nano-elite-2\/","title":{"rendered":"INKJECTA FLITE Nano Elite"},"content":{"rendered":"<p>Inkjecta - Flite Nano Elite<br \/>\n!!FLITE NANO ELITE MO\u017dE SE KORISTITI SAMO S KARTRID\u017d IGLAMA!!<\/p>\n<p>Zna\u010dajke:<br \/>\nOkvir od \u010dvrstog mesinga<br \/>\nTe\u017eina: cca. 102 Mr<br \/>\nLED indikator rada RCA kabela i napajanja<br \/>\nNapon: 4,5V \u2013 18V<br \/>\nZamjenjivi poklopac motora i bo\u010dni branici<br \/>\nLjuska: 3,25 mm<br \/>\n3 patentirane torzijske igle (tvrda, srednja, mekana)<br \/>\nMotor temeljen na nano tehnologiji<br \/>\nNema ka\u0161njenja u radu prilikom pokretanja ure\u0111aja<br \/>\nRCA \/ RCA konektor bez osjetljivosti na polaritet<br \/>\nKompatibilan s gotovo svim rukohvatima (mo\u017ee se koristiti s razli\u010ditim rukohvatima koji se navijaju ili uti\u010du)<\/p>","protected":false},"excerpt":{"rendered":"<p>Inkjecta - Flite Nano Elite<br \/>\nInkjecta Flite Nano Elite je najbolje prodajan model tetovrskega stroj\u010dka znamke Inkjecta. Uporablja jo veliko svetovno znanih tetoverjev. Izdelana je iz trdne medenine ter zato malo te\u017eja (pribli\u017eno 102 g).<\/p>","protected":false},"featured_media":35537,"template":"","meta":{"_seopress_robots_primary_cat":"none","_seopress_titles_title":"","_seopress_titles_desc":"","_seopress_robots_index":""},"product_brand":[],"product_cat":[261,202],"product_tag":[],"class_list":{"0":"post-25724","1":"product","2":"type-product","3":"status-publish","4":"has-post-thumbnail","6":"product_cat-inkjecta-rotary-tattoo-machine","7":"product_cat-strojcki-za-tetoviranje","8":"entry","9":"has-media","11":"first","12":"instock","13":"sale","14":"taxable","15":"shipping-taxable","16":"purchasable","17":"product-type-simple"},"_links":{"self":[{"href":"https:\/\/www.carantaniatattoo.com\/hr\/wp-json\/wp\/v2\/product\/25724","targetHints":{"allow":["GET"]}}],"collection":[{"href":"https:\/\/www.carantaniatattoo.com\/hr\/wp-json\/wp\/v2\/product"}],"about":[{"href":"https:\/\/www.carantaniatattoo.com\/hr\/wp-json\/wp\/v2\/types\/product"}],"version-history":[{"count":0,"href":"https:\/\/www.carantaniatattoo.com\/hr\/wp-json\/wp\/v2\/product\/25724\/revisions"}],"wp:featuredmedia":[{"embeddable":true,"href":"https:\/\/www.carantaniatattoo.com\/hr\/wp-json\/wp\/v2\/media\/35537"}],"wp:attachment":[{"href":"https:\/\/www.carantaniatattoo.com\/hr\/wp-json\/wp\/v2\/media?parent=25724"}],"wp:term":[{"taxonomy":"product_brand","embeddable":true,"href":"https:\/\/www.carantaniatattoo.com\/hr\/wp-json\/wp\/v2\/product_brand?post=25724"},{"taxonomy":"product_cat","embeddable":true,"href":"https:\/\/www.carantaniatattoo.com\/hr\/wp-json\/wp\/v2\/product_cat?post=25724"},{"taxonomy":"product_tag","embeddable":true,"href":"https:\/\/www.carantaniatattoo.com\/hr\/wp-json\/wp\/v2\/product_tag?post=25724"}],"curies":[{"name":"wp","href":"https:\/\/api.w.org\/{rel}","templated":true}]}}