{"id":27628,"date":"2017-06-19T06:41:48","date_gmt":"2017-06-19T06:41:48","guid":{"rendered":"https:\/\/www.ivh6.si\/Ponudbe\/tattoo\/izdelek\/magnum-tipi\/"},"modified":"2025-01-31T10:59:53","modified_gmt":"2025-01-31T10:59:53","slug":"magnum-tipi","status":"publish","type":"product","link":"https:\/\/www.carantaniatattoo.com\/hr\/trgovina\/nastavki-za-tattoo-igle\/plasticni-beli-tipi\/vrste-magnuma-2\/","title":{"rendered":"MAGNUM vrste"},"content":{"rendered":"<h3>MAGNUM vrste<\/h3>\n<p>Jednokratni bijeli plasti\u010dni vrhovi za va\u0161u ma\u0161inu za tetoviranje koriste se s klasi\u010dnim iglama za tetoviranje.<br \/>\nVrhovi su sterilni i pakirani pojedina\u010dno u sterilne blistere.<br \/>\nNakon upotrebe tip se baca.<br \/>\nPakiranje sadr\u017ei 50 komada.<\/p>","protected":false},"excerpt":{"rendered":"<h3>MAGNUM vrste<\/h3>\n<p>Jednokratni bijeli plasti\u010dni vrhovi za va\u0161u ma\u0161inu za tetoviranje koriste se s klasi\u010dnim iglama za tetoviranje.<br \/>\nVrhovi su sterilni i pakirani pojedina\u010dno u sterilne blistere.<br \/>\nNakon upotrebe tip se baca.<br \/>\nPakiranje sadr\u017ei 50 komada.<\/p>","protected":false},"featured_media":35487,"template":"","meta":{"_seopress_robots_primary_cat":"none","_seopress_titles_title":"","_seopress_titles_desc":"","_seopress_robots_index":""},"product_brand":[],"product_cat":[194,219,267],"product_tag":[],"class_list":{"0":"post-27628","1":"product","2":"type-product","3":"status-publish","4":"has-post-thumbnail","6":"product_cat-akcija","7":"product_cat-nastavki-za-tattoo-igle","8":"product_cat-plasticni-beli-tipi","9":"entry","10":"has-media","12":"first","13":"instock","14":"sale","15":"taxable","16":"shipping-taxable","17":"purchasable","18":"product-type-variable","19":"has-default-attributes"},"_links":{"self":[{"href":"https:\/\/www.carantaniatattoo.com\/hr\/wp-json\/wp\/v2\/product\/27628","targetHints":{"allow":["GET"]}}],"collection":[{"href":"https:\/\/www.carantaniatattoo.com\/hr\/wp-json\/wp\/v2\/product"}],"about":[{"href":"https:\/\/www.carantaniatattoo.com\/hr\/wp-json\/wp\/v2\/types\/product"}],"version-history":[{"count":0,"href":"https:\/\/www.carantaniatattoo.com\/hr\/wp-json\/wp\/v2\/product\/27628\/revisions"}],"wp:featuredmedia":[{"embeddable":true,"href":"https:\/\/www.carantaniatattoo.com\/hr\/wp-json\/wp\/v2\/media\/35487"}],"wp:attachment":[{"href":"https:\/\/www.carantaniatattoo.com\/hr\/wp-json\/wp\/v2\/media?parent=27628"}],"wp:term":[{"taxonomy":"product_brand","embeddable":true,"href":"https:\/\/www.carantaniatattoo.com\/hr\/wp-json\/wp\/v2\/product_brand?post=27628"},{"taxonomy":"product_cat","embeddable":true,"href":"https:\/\/www.carantaniatattoo.com\/hr\/wp-json\/wp\/v2\/product_cat?post=27628"},{"taxonomy":"product_tag","embeddable":true,"href":"https:\/\/www.carantaniatattoo.com\/hr\/wp-json\/wp\/v2\/product_tag?post=27628"}],"curies":[{"name":"wp","href":"https:\/\/api.w.org\/{rel}","templated":true}]}}