{"id":27656,"date":"2017-06-19T13:41:00","date_gmt":"2017-06-19T13:41:00","guid":{"rendered":"https:\/\/www.ivh6.si\/Ponudbe\/tattoo\/izdelek\/nemesis-mx2-touch-screen\/"},"modified":"2025-07-08T09:53:33","modified_gmt":"2025-07-08T09:53:33","slug":"nemesis-mx2-touch-screen","status":"publish","type":"product","link":"https:\/\/www.carantaniatattoo.com\/hr\/trgovina\/napajalniki-stopalke-in-kabli\/napajalniki-za-tattoo-strojcke\/nemesis-mx2-zaslon-osjetljiv-na-dodir\/","title":{"rendered":"NEMESIS MX-2 ZASLON NA DODIR"},"content":{"rendered":"<h4>NEMESIS MX-2 NAPAJANJE ZA ZASLON NA DODIR<\/h4>\n<p>Robusno ku\u0107i\u0161te izra\u0111eno je od CNC rezanog aluminija i mjeri samo 18 mm. Zaslon je OLED pozadina s ultra svijetlim plavim LCD tekstom, \u0161to sve funkcije \u010dini vidljivima.<br \/>\nNosa\u010d je uklju\u010den, a vijak je isti kao za digitalne fotoaparate.<\/p>\n<p>Tehni\u010dki podaci<\/p>\n<p>\u2013 Maksimalna izlazna snaga: 18v (2A) u koracima od 0,1V<br \/>\n\u2013 Svijetli LED zaslon na OLED pozadini<br \/>\n\u2013 Lagan i lako prenosiv<br \/>\n\u2013 Zaslon osjetljiv na dodir<br \/>\n\u2013 Radi za\u0161tite lako se prekrije folijom ili vre\u0107icom.<br \/>\n\u2013 1 godina jamstva<\/p>","protected":false},"excerpt":{"rendered":"<p><strong>NEMESIS MX-2 NAPAJANJE ZA ZASLON NA DODIR<\/strong><br \/>\nRobusno ku\u0107i\u0161te izra\u0111eno je od CNC rezanog aluminija i mjeri samo 18 mm. Zaslon je OLED pozadina s ultra svijetlim plavim LCD tekstom, \u0161to sve funkcije \u010dini vidljivima.<\/p>","protected":false},"featured_media":35483,"template":"","meta":{"_seopress_robots_primary_cat":"none","_seopress_titles_title":"","_seopress_titles_desc":"","_seopress_robots_index":""},"product_brand":[],"product_cat":[217,208],"product_tag":[],"class_list":{"0":"post-27656","1":"product","2":"type-product","3":"status-publish","4":"has-post-thumbnail","6":"product_cat-napajalniki-za-tattoo-strojcke","7":"product_cat-napajalniki-stopalke-in-kabli","8":"entry","9":"has-media","11":"first","12":"instock","13":"sale","14":"taxable","15":"shipping-taxable","16":"purchasable","17":"product-type-simple"},"_links":{"self":[{"href":"https:\/\/www.carantaniatattoo.com\/hr\/wp-json\/wp\/v2\/product\/27656","targetHints":{"allow":["GET"]}}],"collection":[{"href":"https:\/\/www.carantaniatattoo.com\/hr\/wp-json\/wp\/v2\/product"}],"about":[{"href":"https:\/\/www.carantaniatattoo.com\/hr\/wp-json\/wp\/v2\/types\/product"}],"version-history":[{"count":0,"href":"https:\/\/www.carantaniatattoo.com\/hr\/wp-json\/wp\/v2\/product\/27656\/revisions"}],"wp:featuredmedia":[{"embeddable":true,"href":"https:\/\/www.carantaniatattoo.com\/hr\/wp-json\/wp\/v2\/media\/35483"}],"wp:attachment":[{"href":"https:\/\/www.carantaniatattoo.com\/hr\/wp-json\/wp\/v2\/media?parent=27656"}],"wp:term":[{"taxonomy":"product_brand","embeddable":true,"href":"https:\/\/www.carantaniatattoo.com\/hr\/wp-json\/wp\/v2\/product_brand?post=27656"},{"taxonomy":"product_cat","embeddable":true,"href":"https:\/\/www.carantaniatattoo.com\/hr\/wp-json\/wp\/v2\/product_cat?post=27656"},{"taxonomy":"product_tag","embeddable":true,"href":"https:\/\/www.carantaniatattoo.com\/hr\/wp-json\/wp\/v2\/product_tag?post=27656"}],"curies":[{"name":"wp","href":"https:\/\/api.w.org\/{rel}","templated":true}]}}