{"id":27696,"date":"2017-06-22T12:24:21","date_gmt":"2017-06-22T12:24:21","guid":{"rendered":"https:\/\/www.ivh6.si\/Ponudbe\/tattoo\/izdelek\/arm-rest\/"},"modified":"2025-07-29T07:07:13","modified_gmt":"2025-07-29T07:07:13","slug":"arm-rest","status":"publish","type":"product","link":"https:\/\/www.carantaniatattoo.com\/hr\/trgovina\/oprema-za-studio\/naslon-za-ruke-2\/","title":{"rendered":"NASLON ZA RUKE"},"content":{"rendered":"<h4>SUPER ARM REST 360\u00b0<\/h4>\n<p>Kompakten naslon za roke z zelo stabilno podlago in zelo trpe\u017eno konstrukcijo.<br \/>\nNjegova blazina se obra\u010da za 360\u00b0, zato je ta naslon za roke eden najbolj vsestranskih na trgu.<\/p>\n<p>Nastavljiva vi\u0161ina od 60 cm do 100 cm.<br \/>\nVelikost: 30&#215;50 cm.<br \/>\nBoja: crna<\/p>\n<p>*Po narud\u017ebi.<\/p>\n<p>&nbsp;<\/p>\n<h4>NASLON ZA RUKE<\/h4>\n<p>Ima veliko, kotno nastavljivo blazino debeline 6 cm, ki je ena najdebelej\u0161ih in najudobnej\u0161ih na trgu!<br \/>\nRobustna in kompaktna struktura, ki jo je mogo\u010de nastaviti po vi\u0161ini, da ustreza va\u0161im potrebam.<\/p>\n<p>Nastavljiva vi\u0161ina od 70 do 95 cm.<\/p>\n<p>Velikost: 24&#215;36 cm<br \/>\nDebelina blazine: 6 cm<br \/>\nBoja: crna<\/p>\n<p>&nbsp;<\/p>","protected":false},"excerpt":{"rendered":"<p>NASLON ZA RUKE<\/p>\n<p>Nudi oporo, ne zavzame veliko prostora. Robustna in kompaktna struktura, ki jo je mogo\u010de nastaviti po vi\u0161ini, da ustreza va\u0161im potrebam.<\/p>\n<p>*Po narud\u017ebi.<\/p>","protected":false},"featured_media":59334,"template":"","meta":{"_seopress_robots_primary_cat":"none","_seopress_titles_title":"ARM REST 360\u00b0","_seopress_titles_desc":"Arm rest ima ompakten naslon za roke z zelo stabilno podlago in trpe\u017eno konstrukcijo.\r\nIzbirate lahko med dvema razli\u010dicama.","_seopress_robots_index":""},"product_brand":[],"product_cat":[269],"product_tag":[],"class_list":{"0":"post-27696","1":"product","2":"type-product","3":"status-publish","4":"has-post-thumbnail","6":"product_cat-oprema-za-studio","7":"entry","8":"has-media","10":"first","11":"instock","12":"sale","13":"taxable","14":"shipping-taxable","15":"purchasable","16":"product-type-variable"},"_links":{"self":[{"href":"https:\/\/www.carantaniatattoo.com\/hr\/wp-json\/wp\/v2\/product\/27696","targetHints":{"allow":["GET"]}}],"collection":[{"href":"https:\/\/www.carantaniatattoo.com\/hr\/wp-json\/wp\/v2\/product"}],"about":[{"href":"https:\/\/www.carantaniatattoo.com\/hr\/wp-json\/wp\/v2\/types\/product"}],"version-history":[{"count":0,"href":"https:\/\/www.carantaniatattoo.com\/hr\/wp-json\/wp\/v2\/product\/27696\/revisions"}],"wp:featuredmedia":[{"embeddable":true,"href":"https:\/\/www.carantaniatattoo.com\/hr\/wp-json\/wp\/v2\/media\/59334"}],"wp:attachment":[{"href":"https:\/\/www.carantaniatattoo.com\/hr\/wp-json\/wp\/v2\/media?parent=27696"}],"wp:term":[{"taxonomy":"product_brand","embeddable":true,"href":"https:\/\/www.carantaniatattoo.com\/hr\/wp-json\/wp\/v2\/product_brand?post=27696"},{"taxonomy":"product_cat","embeddable":true,"href":"https:\/\/www.carantaniatattoo.com\/hr\/wp-json\/wp\/v2\/product_cat?post=27696"},{"taxonomy":"product_tag","embeddable":true,"href":"https:\/\/www.carantaniatattoo.com\/hr\/wp-json\/wp\/v2\/product_tag?post=27696"}],"curies":[{"name":"wp","href":"https:\/\/api.w.org\/{rel}","templated":true}]}}