{"id":27767,"date":"2017-06-29T08:26:50","date_gmt":"2017-06-29T08:26:50","guid":{"rendered":"https:\/\/www.ivh6.si\/Ponudbe\/tattoo\/izdelek\/intenze-ink-baby-blue-1oz-30ml\/"},"modified":"2025-11-18T11:42:51","modified_gmt":"2025-11-18T11:42:51","slug":"intenze-ink-baby-blue-1oz-30ml","status":"publish","type":"product","link":"https:\/\/www.carantaniatattoo.com\/hr\/trgovina\/tattoo-barve\/intenze-ink\/intenze-ink-1oz\/intenze-tinta-djecja-plava-1-oz-30-ml\/","title":{"rendered":"Intenze tinta - Baby Blue 1 oz (30 ml)"},"content":{"rendered":"<h4>INTENSE INK Baby Blue<\/h4>\n<p>Boja za vje\u017ebanje na umjetnoj ko\u017ei. Boja nije prikladna za tetoviranje na ljudskoj ko\u017ei!<\/p>\n<p>&nbsp;<\/p>\n<p>&nbsp;<\/p>","protected":false},"excerpt":{"rendered":"<p>INTENZE INK &#8211; Baby Blue 1oz (30ml)<br \/>\nBoja za vje\u017ebanje na umjetnoj ko\u017ei. Boja nije prikladna za tetoviranje na ljudskoj ko\u017ei!<\/p>","protected":false},"featured_media":27768,"template":"","meta":{"_seopress_robots_primary_cat":"none","_seopress_titles_title":"","_seopress_titles_desc":"","_seopress_robots_index":""},"product_brand":[],"product_cat":[215,271,198],"product_tag":[],"class_list":{"0":"post-27767","1":"product","2":"type-product","3":"status-publish","4":"has-post-thumbnail","6":"product_cat-intenze-ink","7":"product_cat-intenze-ink-1oz","8":"product_cat-tattoo-barve","9":"entry","10":"has-media","12":"first","13":"instock","14":"sale","15":"taxable","16":"shipping-taxable","17":"purchasable","18":"product-type-simple"},"_links":{"self":[{"href":"https:\/\/www.carantaniatattoo.com\/hr\/wp-json\/wp\/v2\/product\/27767","targetHints":{"allow":["GET"]}}],"collection":[{"href":"https:\/\/www.carantaniatattoo.com\/hr\/wp-json\/wp\/v2\/product"}],"about":[{"href":"https:\/\/www.carantaniatattoo.com\/hr\/wp-json\/wp\/v2\/types\/product"}],"version-history":[{"count":0,"href":"https:\/\/www.carantaniatattoo.com\/hr\/wp-json\/wp\/v2\/product\/27767\/revisions"}],"wp:featuredmedia":[{"embeddable":true,"href":"https:\/\/www.carantaniatattoo.com\/hr\/wp-json\/wp\/v2\/media\/27768"}],"wp:attachment":[{"href":"https:\/\/www.carantaniatattoo.com\/hr\/wp-json\/wp\/v2\/media?parent=27767"}],"wp:term":[{"taxonomy":"product_brand","embeddable":true,"href":"https:\/\/www.carantaniatattoo.com\/hr\/wp-json\/wp\/v2\/product_brand?post=27767"},{"taxonomy":"product_cat","embeddable":true,"href":"https:\/\/www.carantaniatattoo.com\/hr\/wp-json\/wp\/v2\/product_cat?post=27767"},{"taxonomy":"product_tag","embeddable":true,"href":"https:\/\/www.carantaniatattoo.com\/hr\/wp-json\/wp\/v2\/product_tag?post=27767"}],"curies":[{"name":"wp","href":"https:\/\/api.w.org\/{rel}","templated":true}]}}