{"id":28425,"date":"2017-07-31T13:12:17","date_gmt":"2017-07-31T13:12:17","guid":{"rendered":"https:\/\/www.ivh6.si\/Ponudbe\/tattoo\/izdelek\/critical-atom-x-power-supply\/"},"modified":"2025-07-08T08:16:28","modified_gmt":"2025-07-08T08:16:28","slug":"critical-atom-x-power-supply","status":"publish","type":"product","link":"https:\/\/www.carantaniatattoo.com\/hr\/trgovina\/napajalniki-stopalke-in-kabli\/napajalniki-za-tattoo-strojcke\/kriticni-atom-x-napajanje\/","title":{"rendered":"KRITI\u010cNI ATOM X"},"content":{"rendered":"<h3><strong>KRITI\u010cNI Atom X<\/strong><\/h3>\n<p>Tehni\u010dki podaci CRITICAL Atom X:<\/p>\n<p>Novi ATOM X kombinira sve vrste korisnih funkcija u jednom. LED svjetla mijenjaju boju ovisno o naponu, dok se napon (u usporedbi s prethodnim modelom ATOM) prikazuje na svijetlom displeju. Baza mu je magnetska, tako da ga mo\u017eete prisloniti na razne magnetske predmete. Pogodan je za sve coil i rotacijske tattoo ma\u0161ine, omogu\u0107en je brzi start kojim se upravlja tipkom na adapteru ili preko pedale. Potpuna kontrola s digitalnim mikroprocesorom<\/p>\n<p>Vr\u0161na izlazna struja od 6 A, trajna struja od 3 A RMS<br \/>\nGumb prekida\u010da no\u017enog prekida\u010da (nema potrebe za no\u017enim prekida\u010dem pri pokretanju kontinuiranog na\u010dina rada)<br \/>\nPrecizno reguliran napon 0-17vdc<br \/>\nUgra\u0111ena za\u0161tita od kratkog spoja<br \/>\n1 ulazna rezolucija<br \/>\n2 postavke napona<br \/>\nUniverzalni ulaz 110-240vac 50 \/ 60hz<br \/>\nPrihva\u0107a standardne dimenzije sajli i pedala<br \/>\n2 godine jamstva<\/p>\n<h5>Izra\u0111eno u ZD<em>Ah!<\/em><\/h5>","protected":false},"excerpt":{"rendered":"<h3><strong>KRITI\u010cNI Atom X<\/strong><\/h3>\n<p>Novi ATOM X zdru\u017euje vse vrste uporabnih funkcij v enem. LED lu\u010di spremenijo barvo glede na napetost, medtem ko je napetost prikazana (v primerjavi s prej\u0161njim modelom ATOM) na svetlem zaslonu. Njegovo dno je magnetno zato ga lahko prislonite na razne magnetne predmete. Primeren je za vse coil in rotacijske tattoo stroj\u010dke, omogo\u010den je hitri zagon, ki ga lahko upravljate s tipko na adapterju ali preko stopalke. Popolni nadzor z digitalnim mikroprocesorjem<br \/>\n2 godine jamstva<br \/>\nIzdelani v ZDA!<\/p>","protected":false},"featured_media":35420,"template":"","meta":{"_seopress_robots_primary_cat":"none","_seopress_titles_title":"","_seopress_titles_desc":"","_seopress_robots_index":""},"product_brand":[],"product_cat":[217,208],"product_tag":[],"class_list":{"0":"post-28425","1":"product","2":"type-product","3":"status-publish","4":"has-post-thumbnail","6":"product_cat-napajalniki-za-tattoo-strojcke","7":"product_cat-napajalniki-stopalke-in-kabli","8":"entry","9":"has-media","11":"first","12":"instock","13":"sale","14":"taxable","15":"shipping-taxable","16":"purchasable","17":"product-type-simple"},"_links":{"self":[{"href":"https:\/\/www.carantaniatattoo.com\/hr\/wp-json\/wp\/v2\/product\/28425","targetHints":{"allow":["GET"]}}],"collection":[{"href":"https:\/\/www.carantaniatattoo.com\/hr\/wp-json\/wp\/v2\/product"}],"about":[{"href":"https:\/\/www.carantaniatattoo.com\/hr\/wp-json\/wp\/v2\/types\/product"}],"version-history":[{"count":0,"href":"https:\/\/www.carantaniatattoo.com\/hr\/wp-json\/wp\/v2\/product\/28425\/revisions"}],"wp:featuredmedia":[{"embeddable":true,"href":"https:\/\/www.carantaniatattoo.com\/hr\/wp-json\/wp\/v2\/media\/35420"}],"wp:attachment":[{"href":"https:\/\/www.carantaniatattoo.com\/hr\/wp-json\/wp\/v2\/media?parent=28425"}],"wp:term":[{"taxonomy":"product_brand","embeddable":true,"href":"https:\/\/www.carantaniatattoo.com\/hr\/wp-json\/wp\/v2\/product_brand?post=28425"},{"taxonomy":"product_cat","embeddable":true,"href":"https:\/\/www.carantaniatattoo.com\/hr\/wp-json\/wp\/v2\/product_cat?post=28425"},{"taxonomy":"product_tag","embeddable":true,"href":"https:\/\/www.carantaniatattoo.com\/hr\/wp-json\/wp\/v2\/product_tag?post=28425"}],"curies":[{"name":"wp","href":"https:\/\/api.w.org\/{rel}","templated":true}]}}