{"id":28462,"date":"2017-08-01T08:39:14","date_gmt":"2017-08-01T08:39:14","guid":{"rendered":"https:\/\/www.ivh6.si\/Ponudbe\/tattoo\/izdelek\/easytattoo-protective-tattoo-film-2\/"},"modified":"2025-09-25T12:05:11","modified_gmt":"2025-09-25T12:05:11","slug":"easytattoo-protective-tattoo-film-2","status":"publish","type":"product","link":"https:\/\/www.carantaniatattoo.com\/hr\/trgovina\/nega-koze-po-tetoviranju\/folije-in-oblizi\/easytattoo-zastitna-folija-za-tetoviranje-2\/","title":{"rendered":"EASYTATTOO\u00ae za\u0161titna folija za tetoviranje"},"content":{"rendered":"<h4>Easytattoo\u00ae za\u0161titna folija za tetoviranje<\/h4>\n<p>Easytattoo \u00ae Za\u0161titna folija za tetoviranje je kao druga ko\u017ea, poliuretanska za\u0161titna folija koja je hipoalergena, vodootporna i mo\u017ee se koristiti nakon tetoviranja. Koristi se na svim dijelovima tijela, proziran je i vrlo elasti\u010dan, brzo se i lako nanosi.<\/p>\n<p>Easytattoo Protect osigurava svakodnevnu udobnost u prvim danima nakon tetoviranja, smanjuje trenje i rizik od infekcije. Omogu\u0107uje disanje ko\u017ee i \u0161titi u vla\u017enom okru\u017eenju. Kori\u0161tenjem Easytattoo \u00ae za\u0161titne folije za tetoviranje bit \u0107ete bezbri\u017eni prvih 24 sata nakon tetoviranja.<br \/>\nZajam\u010dena kvaliteta: proizvedeno u laboratoriju prema EN ISO 13485.<\/p>\n<p>Dostupan kao STERILNA rola dimenzija 15 cm x 10 m ili kao STERILNI listi\u0107i dimenzija 15 cm x 10 cm - 10 listova u pakiranju.<\/p>\n<p>Proizvodi MBA, Francuska<\/p>","protected":false},"excerpt":{"rendered":"<h4>Easytattoo\u00ae za\u0161titna folija za tetoviranje<\/h4>\n<p>Poliuretanska za\u0161\u010ditna folija, ki je hipoalergenska, nepremo\u010dljiva in se uporablja po tetoviranju.<br \/>\nDostupan kao STERILNA rola dimenzija 15 cm x 10 m ili kao STERILNI listi\u0107i dimenzija 15 cm x 10 cm - 10 listova u pakiranju.<\/p>\n<p>Izdelano v Franciji<\/p>","protected":false},"featured_media":32085,"template":"","meta":{"_seopress_robots_primary_cat":"none","_seopress_titles_title":"","_seopress_titles_desc":"","_seopress_robots_index":""},"product_brand":[],"product_cat":[244,245,206,233],"product_tag":[],"class_list":{"0":"post-28462","1":"product","2":"type-product","3":"status-publish","4":"has-post-thumbnail","6":"product_cat-folije-in-oblizi","7":"product_cat-folije-za-zascito-tetovirane-koze","8":"product_cat-higiena","9":"product_cat-nega-koze-po-tetoviranju","10":"entry","11":"has-media","13":"first","14":"instock","15":"sale","16":"taxable","17":"shipping-taxable","18":"purchasable","19":"product-type-variable"},"_links":{"self":[{"href":"https:\/\/www.carantaniatattoo.com\/hr\/wp-json\/wp\/v2\/product\/28462","targetHints":{"allow":["GET"]}}],"collection":[{"href":"https:\/\/www.carantaniatattoo.com\/hr\/wp-json\/wp\/v2\/product"}],"about":[{"href":"https:\/\/www.carantaniatattoo.com\/hr\/wp-json\/wp\/v2\/types\/product"}],"version-history":[{"count":0,"href":"https:\/\/www.carantaniatattoo.com\/hr\/wp-json\/wp\/v2\/product\/28462\/revisions"}],"wp:featuredmedia":[{"embeddable":true,"href":"https:\/\/www.carantaniatattoo.com\/hr\/wp-json\/wp\/v2\/media\/32085"}],"wp:attachment":[{"href":"https:\/\/www.carantaniatattoo.com\/hr\/wp-json\/wp\/v2\/media?parent=28462"}],"wp:term":[{"taxonomy":"product_brand","embeddable":true,"href":"https:\/\/www.carantaniatattoo.com\/hr\/wp-json\/wp\/v2\/product_brand?post=28462"},{"taxonomy":"product_cat","embeddable":true,"href":"https:\/\/www.carantaniatattoo.com\/hr\/wp-json\/wp\/v2\/product_cat?post=28462"},{"taxonomy":"product_tag","embeddable":true,"href":"https:\/\/www.carantaniatattoo.com\/hr\/wp-json\/wp\/v2\/product_tag?post=28462"}],"curies":[{"name":"wp","href":"https:\/\/api.w.org\/{rel}","templated":true}]}}